{"id":7807,"date":"2024-12-31T20:15:17","date_gmt":"2024-12-31T20:15:17","guid":{"rendered":"https:\/\/storetest.ivi.ee\/product\/cacao-mill-white-chocolate-29-7-1000g\/"},"modified":"2026-04-06T18:29:03","modified_gmt":"2026-04-06T16:29:03","slug":"kakaoveski-valge-sokolaad-29-7-1000g","status":"publish","type":"product","link":"https:\/\/candeebaar.ee\/et\/pood\/kakaoveski-valge-sokolaad-29-7-1000g\/","title":{"rendered":"Cacao Mill White Chocolate (29.7%) 1000g"},"content":{"rendered":"<p>Valge \u0161okolaad \u00f5rna kreemja maitsega.<br \/>\nSujuvus: 3\/5<br \/>\nKaal: 1000g<br \/>\nSisu 100g kohta:<br \/>\nEnergia: 569,4 kcal\/2375,2 kJ<br \/>\nRasvad: 35,8 g<br \/>\nS\u00fcsivesikud (suhkur): 55,2g<br \/>\nValgud: 6,6 g<br \/>\nKakaosisaldus: 29,7%<br \/>\nKoostisosad: kakaov\u00f5i, suhkur, kuiv <strong>piima<\/strong>, E322 (letsitiin <strong>soja<\/strong>), vanilliin.<\/p>\n<p>Tootja: Natra Cacao, Hispaania<br \/>\nS\u00e4ilitustemperatuur: <strong>18 <\/strong>\u00b0<strong>C<br \/>\n<\/strong>V\u00f5ib sisaldada j\u00e4lgi <strong>piim, laktoos, soja ja p\u00e4hklid.<br \/>\n<\/strong><\/p>","protected":false},"excerpt":{"rendered":"<p>Valge \u0161okolaad \u00f5rna kreemja maitsega. Vedeliksus: 3\/5 Mass: 1000g Sisu 100g kohta: Energia: 569,4 kcal\/2375,2 kJ Rasvad: 35,8g S\u00fcsivesikud (suhkur): 55,2g Valgud: 6,6g Kakaosisaldus: 29,71 TpcoaT Koostis:3,suhkur2,Piim,2 (letsitiin soja), vanilliin. Tootja: Natra Cacao, Hispaania S\u00e4ilitustemperatuur: 18 \u00b0C V\u00f5ib sisaldada j\u00e4lgi piimast, laktoosist, sojast ja p\u00e4hklitest.<\/p>","protected":false},"featured_media":5460,"template":"","meta":{"_seopress_robots_primary_cat":"none","_seopress_titles_title":"","_seopress_titles_desc":"","_seopress_robots_index":""},"product_brand":[],"product_cat":[15,111],"product_tag":[],"class_list":{"0":"post-7807","1":"product","2":"type-product","3":"status-publish","4":"has-post-thumbnail","6":"product_cat-all-products","7":"product_cat-cacao-mill","9":"first","10":"instock","11":"taxable","12":"shipping-taxable","13":"purchasable","14":"product-type-simple"},"_links":{"self":[{"href":"https:\/\/candeebaar.ee\/et\/wp-json\/wp\/v2\/product\/7807","targetHints":{"allow":["GET"]}}],"collection":[{"href":"https:\/\/candeebaar.ee\/et\/wp-json\/wp\/v2\/product"}],"about":[{"href":"https:\/\/candeebaar.ee\/et\/wp-json\/wp\/v2\/types\/product"}],"version-history":[{"count":2,"href":"https:\/\/candeebaar.ee\/et\/wp-json\/wp\/v2\/product\/7807\/revisions"}],"predecessor-version":[{"id":9727,"href":"https:\/\/candeebaar.ee\/et\/wp-json\/wp\/v2\/product\/7807\/revisions\/9727"}],"wp:featuredmedia":[{"embeddable":true,"href":"https:\/\/candeebaar.ee\/et\/wp-json\/wp\/v2\/media\/5460"}],"wp:attachment":[{"href":"https:\/\/candeebaar.ee\/et\/wp-json\/wp\/v2\/media?parent=7807"}],"wp:term":[{"taxonomy":"product_brand","embeddable":true,"href":"https:\/\/candeebaar.ee\/et\/wp-json\/wp\/v2\/product_brand?post=7807"},{"taxonomy":"product_cat","embeddable":true,"href":"https:\/\/candeebaar.ee\/et\/wp-json\/wp\/v2\/product_cat?post=7807"},{"taxonomy":"product_tag","embeddable":true,"href":"https:\/\/candeebaar.ee\/et\/wp-json\/wp\/v2\/product_tag?post=7807"}],"curies":[{"name":"t\u00f6\u00f6leht","href":"https:\/\/api.w.org\/{rel}","templated":true}]}}