{"id":7809,"date":"2024-12-31T20:15:17","date_gmt":"2024-12-31T20:15:17","guid":{"rendered":"https:\/\/storetest.ivi.ee\/product\/cacao-mill-white-chocolate-32-300g\/"},"modified":"2026-04-02T18:07:58","modified_gmt":"2026-04-02T16:07:58","slug":"kakaoveski-valge-sokolaad-32-300g","status":"publish","type":"product","link":"https:\/\/candeebaar.ee\/et\/pood\/kakaoveski-valge-sokolaad-32-300g\/","title":{"rendered":"Cacao Mill White Chocolate 32% 300g"},"content":{"rendered":"<p>K\u00f5rge kakaov\u00f5isisaldusega, \u00f5rna kreemja maitsega valge \u0161okolaad.<br \/>\nVooluvus: 4\/5<br \/>\nKaal: 300g<br \/>\nSisu 100g kohta:<br \/>\nEnergia: 565kcal\/2359kJ<br \/>\nRasvad (k\u00fcllastunud): 35 (22,4) g<br \/>\nS\u00fcsivesikud (suhkur): 56g<br \/>\nValgud: 6,5 g<br \/>\nKakaosisaldus: 32%<br \/>\nKoostisosad: kakaov\u00f5i, suhkur, kooritud <strong>piima<\/strong>, E322 (letsitiin <strong>soja<\/strong>), vanilliin.<\/p>\n<p>Tootja: Ibercacao, Hispaania<br \/>\nS\u00e4ilitustemperatuur: <strong>18 <\/strong>\u00b0<strong>C<br \/>\n<\/strong>V\u00f5ib sisaldada j\u00e4lgi <strong>piim, laktoos, soja ja p\u00e4hklid.<br \/>\n<\/strong><\/p>","protected":false},"excerpt":{"rendered":"<p>K\u00f5rge kakaov\u00f5isisaldusega, \u00f5rna kreemja maitsega valge \u0161okolaad. Vooluvus: 4\/5 Mass: 300g Sisu 100g kohta: Energia: 565kcal\/2359kJ Rasvad (k\u00fcllastunud): 35(22,4)g S\u00fcsivesikud (suhkur): 56g Valgud: 6,5g Kakaosisaldus: 321TP-suhkur v\u00f5i piim, kookosuhkur. , E322 (letsitiin soja), vanilliin. Tootja: Ibercacao, Hispaania S\u00e4ilitustemperatuur: 18 \u00b0C V\u00f5ib sisaldada j\u00e4lgi piimast, [\u2026]<\/p>","protected":false},"featured_media":6007,"template":"","meta":{"_seopress_robots_primary_cat":"none","_seopress_titles_title":"","_seopress_titles_desc":"","_seopress_robots_index":""},"product_brand":[],"product_cat":[15,111],"product_tag":[],"class_list":{"0":"post-7809","1":"product","2":"type-product","3":"status-publish","4":"has-post-thumbnail","6":"product_cat-all-products","7":"product_cat-cacao-mill","9":"first","10":"instock","11":"taxable","12":"shipping-taxable","13":"purchasable","14":"product-type-simple"},"_links":{"self":[{"href":"https:\/\/candeebaar.ee\/et\/wp-json\/wp\/v2\/product\/7809","targetHints":{"allow":["GET"]}}],"collection":[{"href":"https:\/\/candeebaar.ee\/et\/wp-json\/wp\/v2\/product"}],"about":[{"href":"https:\/\/candeebaar.ee\/et\/wp-json\/wp\/v2\/types\/product"}],"version-history":[{"count":2,"href":"https:\/\/candeebaar.ee\/et\/wp-json\/wp\/v2\/product\/7809\/revisions"}],"predecessor-version":[{"id":11274,"href":"https:\/\/candeebaar.ee\/et\/wp-json\/wp\/v2\/product\/7809\/revisions\/11274"}],"wp:featuredmedia":[{"embeddable":true,"href":"https:\/\/candeebaar.ee\/et\/wp-json\/wp\/v2\/media\/6007"}],"wp:attachment":[{"href":"https:\/\/candeebaar.ee\/et\/wp-json\/wp\/v2\/media?parent=7809"}],"wp:term":[{"taxonomy":"product_brand","embeddable":true,"href":"https:\/\/candeebaar.ee\/et\/wp-json\/wp\/v2\/product_brand?post=7809"},{"taxonomy":"product_cat","embeddable":true,"href":"https:\/\/candeebaar.ee\/et\/wp-json\/wp\/v2\/product_cat?post=7809"},{"taxonomy":"product_tag","embeddable":true,"href":"https:\/\/candeebaar.ee\/et\/wp-json\/wp\/v2\/product_tag?post=7809"}],"curies":[{"name":"t\u00f6\u00f6leht","href":"https:\/\/api.w.org\/{rel}","templated":true}]}}