{"id":7813,"date":"2024-12-31T20:15:17","date_gmt":"2024-12-31T20:15:17","guid":{"rendered":"https:\/\/storetest.ivi.ee\/product\/milk-chocolate-38-cacao-mill-300g\/"},"modified":"2026-01-02T15:48:01","modified_gmt":"2026-01-02T13:48:01","slug":"piimasokolaad-38-kakaoveskis-300g","status":"publish","type":"product","link":"https:\/\/candeebaar.ee\/et\/pood\/piimasokolaad-38-kakaoveskis-300g\/","title":{"rendered":"Piima\u0161okolaad 38% Cacao Mill 300g"},"content":{"rendered":"<p><strong>Piima\u0161okolaad 38%<br \/>\nKoostisosad: <\/strong>suhkur, kakaov\u00f5i, kakaomass, l\u00f5ssipulber, vadakupulber, piimarasv, t\u00e4ispiimapulber, sojaletsitiin, emulgaator, looduslik vanilje l\u00f5hna- ja maitseaine<\/p>\n<p>Kaal: 100g<strong><br \/>\nToitev\u00e4\u00e4rtus:<\/strong> 568 kcal<\/p>\n<p>Toitev\u00e4\u00e4rtus (toidu) 100 g toote kohta:<\/p>\n<p>valgud: 7,5 g<br \/>\nrasvad: 37 g<br \/>\ns\u00fcsivesikud: 51 g<br \/>\nTootja: Ibercacao, Hispaania<\/p>","protected":false},"excerpt":{"rendered":"<p>Piima\u0161okolaad 38% Koostis: suhkur, kakaov\u00f5i, kakaomass, l\u00f5ssipulber, vadakupulber, piimarasv, t\u00e4ispiimapulber, sojaletsitiin, emulgaator, looduslik vanilje maitse. Mass: 100g. Toitev\u00e4\u00e4rtus: 568 kcal. Toitev\u00e4\u00e4rtus 100 g toote kohta: valgud: 7,5 g, rasvad: 37 g, s\u00fcsivesikud: 51 g. Tootja: Ibercacao, Hispaania.<\/p>","protected":false},"featured_media":4866,"template":"","meta":{"_seopress_robots_primary_cat":"none","_seopress_titles_title":"","_seopress_titles_desc":"","_seopress_robots_index":""},"product_brand":[],"product_cat":[15,111],"product_tag":[],"class_list":{"0":"post-7813","1":"product","2":"type-product","3":"status-publish","4":"has-post-thumbnail","6":"product_cat-all-products","7":"product_cat-cacao-mill","9":"first","10":"outofstock","11":"taxable","12":"shipping-taxable","13":"purchasable","14":"product-type-simple"},"_links":{"self":[{"href":"https:\/\/candeebaar.ee\/et\/wp-json\/wp\/v2\/product\/7813","targetHints":{"allow":["GET"]}}],"collection":[{"href":"https:\/\/candeebaar.ee\/et\/wp-json\/wp\/v2\/product"}],"about":[{"href":"https:\/\/candeebaar.ee\/et\/wp-json\/wp\/v2\/types\/product"}],"version-history":[{"count":2,"href":"https:\/\/candeebaar.ee\/et\/wp-json\/wp\/v2\/product\/7813\/revisions"}],"predecessor-version":[{"id":12869,"href":"https:\/\/candeebaar.ee\/et\/wp-json\/wp\/v2\/product\/7813\/revisions\/12869"}],"wp:featuredmedia":[{"embeddable":true,"href":"https:\/\/candeebaar.ee\/et\/wp-json\/wp\/v2\/media\/4866"}],"wp:attachment":[{"href":"https:\/\/candeebaar.ee\/et\/wp-json\/wp\/v2\/media?parent=7813"}],"wp:term":[{"taxonomy":"product_brand","embeddable":true,"href":"https:\/\/candeebaar.ee\/et\/wp-json\/wp\/v2\/product_brand?post=7813"},{"taxonomy":"product_cat","embeddable":true,"href":"https:\/\/candeebaar.ee\/et\/wp-json\/wp\/v2\/product_cat?post=7813"},{"taxonomy":"product_tag","embeddable":true,"href":"https:\/\/candeebaar.ee\/et\/wp-json\/wp\/v2\/product_tag?post=7813"}],"curies":[{"name":"t\u00f6\u00f6leht","href":"https:\/\/api.w.org\/{rel}","templated":true}]}}