{"id":7828,"date":"2024-12-31T20:15:21","date_gmt":"2024-12-31T20:15:21","guid":{"rendered":"https:\/\/storetest.ivi.ee\/product\/cake-base-18cm1mm-white\/"},"modified":"2026-04-14T19:30:39","modified_gmt":"2026-04-14T17:30:39","slug":"koogipohi-18cm1mm-valge","status":"publish","type":"product","link":"https:\/\/candeebaar.ee\/et\/pood\/koogipohi-18cm1mm-valge\/","title":{"rendered":"Koogilaud 18cm*1mm valge"},"content":{"rendered":"<p>\u00dcmmargune p\u00f5hi bento kookide ja v\u00e4ikeste magustoitude jaoks.<br \/>\nSuurus: 18cm*1mm<br \/>\nV\u00e4rv: valge<br \/>\nMaterjal: lamineeritud papp<\/p>","protected":false},"excerpt":{"rendered":"<p>\u00dcmmargune p\u00f5hi bento kookide ja v\u00e4ikeste magustoitude jaoks. Suurus: 18cm*1mm V\u00e4rvus: valge Materjal: lamineeritud papp<\/p>","protected":false},"featured_media":7823,"template":"","meta":{"_seopress_robots_primary_cat":"none","_seopress_titles_title":"","_seopress_titles_desc":"","_seopress_robots_index":""},"product_brand":[],"product_cat":[15,140],"product_tag":[],"class_list":{"0":"post-7828","1":"product","2":"type-product","3":"status-publish","4":"has-post-thumbnail","6":"product_cat-all-products","7":"product_cat-18cm","9":"first","10":"instock","11":"taxable","12":"shipping-taxable","13":"purchasable","14":"product-type-simple"},"_links":{"self":[{"href":"https:\/\/candeebaar.ee\/et\/wp-json\/wp\/v2\/product\/7828","targetHints":{"allow":["GET"]}}],"collection":[{"href":"https:\/\/candeebaar.ee\/et\/wp-json\/wp\/v2\/product"}],"about":[{"href":"https:\/\/candeebaar.ee\/et\/wp-json\/wp\/v2\/types\/product"}],"version-history":[{"count":2,"href":"https:\/\/candeebaar.ee\/et\/wp-json\/wp\/v2\/product\/7828\/revisions"}],"predecessor-version":[{"id":9104,"href":"https:\/\/candeebaar.ee\/et\/wp-json\/wp\/v2\/product\/7828\/revisions\/9104"}],"wp:featuredmedia":[{"embeddable":true,"href":"https:\/\/candeebaar.ee\/et\/wp-json\/wp\/v2\/media\/7823"}],"wp:attachment":[{"href":"https:\/\/candeebaar.ee\/et\/wp-json\/wp\/v2\/media?parent=7828"}],"wp:term":[{"taxonomy":"product_brand","embeddable":true,"href":"https:\/\/candeebaar.ee\/et\/wp-json\/wp\/v2\/product_brand?post=7828"},{"taxonomy":"product_cat","embeddable":true,"href":"https:\/\/candeebaar.ee\/et\/wp-json\/wp\/v2\/product_cat?post=7828"},{"taxonomy":"product_tag","embeddable":true,"href":"https:\/\/candeebaar.ee\/et\/wp-json\/wp\/v2\/product_tag?post=7828"}],"curies":[{"name":"t\u00f6\u00f6leht","href":"https:\/\/api.w.org\/{rel}","templated":true}]}}