{"id":7830,"date":"2024-12-31T20:15:21","date_gmt":"2024-12-31T20:15:21","guid":{"rendered":"https:\/\/storetest.ivi.ee\/product\/cacao-mill-milk-chocolate-36-1000g\/"},"modified":"2026-04-15T12:07:22","modified_gmt":"2026-04-15T10:07:22","slug":"kakaoveski-piimasokolaad-36-1000g","status":"publish","type":"product","link":"https:\/\/candeebaar.ee\/et\/pood\/kakaoveski-piimasokolaad-36-1000g\/","title":{"rendered":"Kakaoveski piima\u0161okolaad (36%) 1000g"},"content":{"rendered":"<p>Karamelli nootidega piima\u0161okolaad.<br \/>\nVooluvus: 3\/5<br \/>\nKaal: 1000g<br \/>\nSisu 100g kohta:<br \/>\nEnergia: 560,6 kcal\/2338 kJ<br \/>\nRasvad: 35 g<br \/>\nS\u00fcsivesikud: 54,3g<br \/>\nValgud: 6,3 g<br \/>\nKakaosisaldus: 36%<br \/>\nKoostisosad: kakaomass, kakaov\u00f5i, suhkur, kuiv <strong>piima<\/strong>, E322 (letsitiin <strong>soja<\/strong>), demineraliseeritud vadak, vanilliin.<\/p>\n<p>Tootja: Natra Cacao, Hispaania<br \/>\nS\u00e4ilitustemperatuur: <strong>18 <\/strong>\u00b0<strong>C<br \/>\n<\/strong>V\u00f5ib sisaldada j\u00e4lgi <strong>piim, laktoos, soja ja p\u00e4hklid.<br \/>\n<\/strong><\/p>","protected":false},"excerpt":{"rendered":"<p>Karamelli nootidega piima\u0161okolaad. Vooluvus: 3\/5 Mass: 1000g Sisu 100g kohta: Energia: 560,6 kcal\/2338 kJ Rasvad: 35g S\u00fcsivesikud: 54,3g Valgud: 6,3g Kakaosisaldus: 36% Koostis: kakaomass, kakaov\u00f5i2, E3, suhkur soja), demineraliseeritud vadak, vanilliin. Tootja: Natra Cacao, Hispaania S\u00e4ilitustemperatuur: 18 \u00b0C V\u00f5ib sisaldada j\u00e4lgi piimast, laktoosist, sojast, [\u2026]<\/p>","protected":false},"featured_media":5400,"template":"","meta":{"_seopress_robots_primary_cat":"none","_seopress_titles_title":"","_seopress_titles_desc":"High quality milk chocolate in callets, rich flavour with hints of caramel. Cocoa mass 36%. Main ingredient for Dubai chocolate!","_seopress_robots_index":""},"product_brand":[],"product_cat":[15,111],"product_tag":[],"class_list":{"0":"post-7830","1":"product","2":"type-product","3":"status-publish","4":"has-post-thumbnail","6":"product_cat-all-products","7":"product_cat-cacao-mill","9":"first","10":"instock","11":"taxable","12":"shipping-taxable","13":"purchasable","14":"product-type-simple"},"_links":{"self":[{"href":"https:\/\/candeebaar.ee\/et\/wp-json\/wp\/v2\/product\/7830","targetHints":{"allow":["GET"]}}],"collection":[{"href":"https:\/\/candeebaar.ee\/et\/wp-json\/wp\/v2\/product"}],"about":[{"href":"https:\/\/candeebaar.ee\/et\/wp-json\/wp\/v2\/types\/product"}],"version-history":[{"count":2,"href":"https:\/\/candeebaar.ee\/et\/wp-json\/wp\/v2\/product\/7830\/revisions"}],"predecessor-version":[{"id":12135,"href":"https:\/\/candeebaar.ee\/et\/wp-json\/wp\/v2\/product\/7830\/revisions\/12135"}],"wp:featuredmedia":[{"embeddable":true,"href":"https:\/\/candeebaar.ee\/et\/wp-json\/wp\/v2\/media\/5400"}],"wp:attachment":[{"href":"https:\/\/candeebaar.ee\/et\/wp-json\/wp\/v2\/media?parent=7830"}],"wp:term":[{"taxonomy":"product_brand","embeddable":true,"href":"https:\/\/candeebaar.ee\/et\/wp-json\/wp\/v2\/product_brand?post=7830"},{"taxonomy":"product_cat","embeddable":true,"href":"https:\/\/candeebaar.ee\/et\/wp-json\/wp\/v2\/product_cat?post=7830"},{"taxonomy":"product_tag","embeddable":true,"href":"https:\/\/candeebaar.ee\/et\/wp-json\/wp\/v2\/product_tag?post=7830"}],"curies":[{"name":"t\u00f6\u00f6leht","href":"https:\/\/api.w.org\/{rel}","templated":true}]}}