{"id":7834,"date":"2024-12-31T20:15:21","date_gmt":"2024-12-31T20:15:21","guid":{"rendered":"https:\/\/storetest.ivi.ee\/product\/pistachio-paste-170g\/"},"modified":"2026-04-08T06:49:55","modified_gmt":"2026-04-08T04:49:55","slug":"pistaatsiapasta-170-g","status":"publish","type":"product","link":"https:\/\/candeebaar.ee\/et\/pood\/pistaatsiapasta-170-g\/","title":{"rendered":"Pistaatsiapasta 170g"},"content":{"rendered":"<p>Looduslik pistaatsiapasta.<br \/>\nPistaatsia sisaldus: 100% (ilma lisanditeta)<br \/>\nNetokaal: 170g<br \/>\nToitev\u00e4\u00e4rtus (100 g toote kohta):<br \/>\n2576 kJ \/ 621 kcal<br \/>\nRasvad (k\u00fcllastunud): 48,5 g (6 g)<br \/>\nS\u00fcsivesikud (suhkrud): 18,9 g (16,4 g)<br \/>\nKiudained (6,1 g)<br \/>\nValk: 24,2 g<br \/>\nSool (looduslik sisaldus, v\u00f5ib veidi erineda): 0,02g<br \/>\nS\u00e4ilivusaeg: 04.09.2025<br \/>\nHoida toatemperatuuril, p\u00e4rast avamist tarbida 3 kuu jooksul.<br \/>\nTootja: Poola<br \/>\nP\u00e4ritoluriik: USA<\/p>","protected":false},"excerpt":{"rendered":"<p>Looduslik pistaatsiapasta. Pistaatsia sisaldus: 100% (ilma lisanditeta) Netokaal: 170g Toitev\u00e4\u00e4rtus (100g toote kohta): 2576kJ\/621kcal Rasvad (k\u00fcllastunud): 48.5g (6g) S\u00fcsivesikud (suhkrud): 18.9g (16.4g) Kiudained (16.4g) Valk: 24,2 g Sool (looduslik sisaldus, v\u00f5ib veidi erineda): 0,02g S\u00e4ilivusaeg: 04.09.2025 S\u00e4ilitada toatemperatuuril, p\u00e4rast avamist tarbida 3 kuu jooksul. Tootja: Poola P\u00e4ritoluriik: [\u2026]<\/p>","protected":false},"featured_media":7836,"template":"","meta":{"_seopress_robots_primary_cat":"none","_seopress_titles_title":"","_seopress_titles_desc":"100% pistachio paste. Top ingredient for Dubai chocolate! Quality product for pastry and confectionary. Fast dispatch!","_seopress_robots_index":""},"product_brand":[],"product_cat":[178,15,101],"product_tag":[],"class_list":{"0":"post-7834","1":"product","2":"type-product","3":"status-publish","4":"has-post-thumbnail","6":"product_cat-easter-products","7":"product_cat-all-products","8":"product_cat-nut-products","10":"first","11":"instock","12":"taxable","13":"shipping-taxable","14":"purchasable","15":"product-type-simple"},"_links":{"self":[{"href":"https:\/\/candeebaar.ee\/et\/wp-json\/wp\/v2\/product\/7834","targetHints":{"allow":["GET"]}}],"collection":[{"href":"https:\/\/candeebaar.ee\/et\/wp-json\/wp\/v2\/product"}],"about":[{"href":"https:\/\/candeebaar.ee\/et\/wp-json\/wp\/v2\/types\/product"}],"version-history":[{"count":1,"href":"https:\/\/candeebaar.ee\/et\/wp-json\/wp\/v2\/product\/7834\/revisions"}],"predecessor-version":[{"id":7835,"href":"https:\/\/candeebaar.ee\/et\/wp-json\/wp\/v2\/product\/7834\/revisions\/7835"}],"wp:featuredmedia":[{"embeddable":true,"href":"https:\/\/candeebaar.ee\/et\/wp-json\/wp\/v2\/media\/7836"}],"wp:attachment":[{"href":"https:\/\/candeebaar.ee\/et\/wp-json\/wp\/v2\/media?parent=7834"}],"wp:term":[{"taxonomy":"product_brand","embeddable":true,"href":"https:\/\/candeebaar.ee\/et\/wp-json\/wp\/v2\/product_brand?post=7834"},{"taxonomy":"product_cat","embeddable":true,"href":"https:\/\/candeebaar.ee\/et\/wp-json\/wp\/v2\/product_cat?post=7834"},{"taxonomy":"product_tag","embeddable":true,"href":"https:\/\/candeebaar.ee\/et\/wp-json\/wp\/v2\/product_tag?post=7834"}],"curies":[{"name":"t\u00f6\u00f6leht","href":"https:\/\/api.w.org\/{rel}","templated":true}]}}