{"id":7837,"date":"2024-12-31T20:15:21","date_gmt":"2024-12-31T20:15:21","guid":{"rendered":"https:\/\/storetest.ivi.ee\/product\/tahini-paste-sesame-125g\/"},"modified":"2026-03-20T15:58:34","modified_gmt":"2026-03-20T13:58:34","slug":"tahini-pasta-seesami-125-g","status":"publish","type":"product","link":"https:\/\/candeebaar.ee\/et\/pood\/tahini-pasta-seesami-125-g\/","title":{"rendered":"Tahini pasta (seesami) 125g"},"content":{"rendered":"<p>Looduslik seesamipasta.<br \/>\nSeesamisisaldus: 100% (ilma lisanditeta)<br \/>\nNetokaal: 125 g<br \/>\nToitev\u00e4\u00e4rtus (100 g toote kohta):<br \/>\n2783kJ\/673kcal<br \/>\nRasvad (k\u00fcllastunud): 60 g (9,5 g)<br \/>\nS\u00fcsivesikud (suhkrud): 3,6 g (1,4 g)<br \/>\nKiudained: 7,8g<br \/>\nValk: 25 g<br \/>\nSool (looduslik sisaldus, v\u00f5ib veidi erineda): 0,04g<br \/>\nS\u00e4ilivusaeg: 04.09.2025<br \/>\nHoida toatemperatuuril, p\u00e4rast avamist tarbida 3 kuu jooksul.<br \/>\nTootja: Al Amier, Kreeka<\/p>","protected":false},"excerpt":{"rendered":"<p>Looduslik seesamipasta. Seesamisisaldus: 100% (ilma lisanditeta) Netokaal: 125g Toitev\u00e4\u00e4rtus (100g toote kohta): 2783kJ\/673kcal Rasvad (k\u00fcllastunud): 60g (9,5g) S\u00fcsivesikud (suhkrud): 3,6g (1,4g) Kiudained: 7 g. : 25 g Sool (looduslik sisu, v\u00f5ib veidi erineda): 0,04g K\u00f5lblikkusaeg: 04.09.2025 S\u00e4ilitada toatemperatuuril, p\u00e4rast avamist tarbida 3 kuu jooksul. Tootja: Al Amier, Kreeka<\/p>","protected":false},"featured_media":7839,"template":"","meta":{"_seopress_robots_primary_cat":"","_seopress_titles_title":"","_seopress_titles_desc":"100% tahini paste is full of taste and is perfect ingredient for Dubai chocolate and other sweets.","_seopress_robots_index":""},"product_brand":[],"product_cat":[15,101],"product_tag":[],"class_list":{"0":"post-7837","1":"product","2":"type-product","3":"status-publish","4":"has-post-thumbnail","6":"product_cat-all-products","7":"product_cat-nut-products","9":"first","10":"outofstock","11":"taxable","12":"shipping-taxable","13":"purchasable","14":"product-type-simple"},"_links":{"self":[{"href":"https:\/\/candeebaar.ee\/et\/wp-json\/wp\/v2\/product\/7837","targetHints":{"allow":["GET"]}}],"collection":[{"href":"https:\/\/candeebaar.ee\/et\/wp-json\/wp\/v2\/product"}],"about":[{"href":"https:\/\/candeebaar.ee\/et\/wp-json\/wp\/v2\/types\/product"}],"version-history":[{"count":1,"href":"https:\/\/candeebaar.ee\/et\/wp-json\/wp\/v2\/product\/7837\/revisions"}],"predecessor-version":[{"id":7838,"href":"https:\/\/candeebaar.ee\/et\/wp-json\/wp\/v2\/product\/7837\/revisions\/7838"}],"wp:featuredmedia":[{"embeddable":true,"href":"https:\/\/candeebaar.ee\/et\/wp-json\/wp\/v2\/media\/7839"}],"wp:attachment":[{"href":"https:\/\/candeebaar.ee\/et\/wp-json\/wp\/v2\/media?parent=7837"}],"wp:term":[{"taxonomy":"product_brand","embeddable":true,"href":"https:\/\/candeebaar.ee\/et\/wp-json\/wp\/v2\/product_brand?post=7837"},{"taxonomy":"product_cat","embeddable":true,"href":"https:\/\/candeebaar.ee\/et\/wp-json\/wp\/v2\/product_cat?post=7837"},{"taxonomy":"product_tag","embeddable":true,"href":"https:\/\/candeebaar.ee\/et\/wp-json\/wp\/v2\/product_tag?post=7837"}],"curies":[{"name":"t\u00f6\u00f6leht","href":"https:\/\/api.w.org\/{rel}","templated":true}]}}