{"id":7840,"date":"2024-12-31T20:15:21","date_gmt":"2024-12-31T20:15:21","guid":{"rendered":"https:\/\/storetest.ivi.ee\/product\/tahini-paste-sesame-300g\/"},"modified":"2026-02-09T10:54:54","modified_gmt":"2026-02-09T08:54:54","slug":"tahini-pasta-seesami-300g","status":"publish","type":"product","link":"https:\/\/candeebaar.ee\/et\/pood\/tahini-pasta-seesami-300g\/","title":{"rendered":"Tahini pasta (seesami) 300g"},"content":{"rendered":"<p>Looduslik seesamipasta.<br \/>\nSeesamisisaldus: 100% (ilma lisanditeta)<br \/>\nNetokaal: 300g<br \/>\nToitev\u00e4\u00e4rtus (100 g toote kohta):<br \/>\n2783kJ\/673kcal<br \/>\nRasvad (k\u00fcllastunud): 60,3 g (9,5 g)<br \/>\nS\u00fcsivesikud (suhkrud): 3,6 g (1,4 g)<br \/>\nKiudained: 7,8g<br \/>\nValk: 25,3 g<br \/>\nSool (looduslik sisaldus, v\u00f5ib veidi erineda): 0g<br \/>\nS\u00e4ilivusaeg: 02.01.2027<br \/>\nHoida toatemperatuuril, p\u00e4rast avamist tarbida 3 kuu jooksul.<br \/>\nTootja: Filos, Kreeka<\/p>","protected":false},"excerpt":{"rendered":"<p>Looduslik seesamipasta. Seesami sisaldus: 100% (ilma lisanditeta) Netokaal: 300g Toitev\u00e4\u00e4rtus (100g toote kohta): 2783kJ\/673kcal Rasvad (k\u00fcllastunud): 60,3g (9,5g) S\u00fcsivesikud (suhkrud): 3,6g (1:47) Figber. Valk: 25,3 g soola (looduslik sisaldus, v\u00f5ib veidi erineda): 0g K\u00f5lblikkusaeg: 02.01.2027 S\u00e4ilitada toatemperatuuril, p\u00e4rast avamist tarbida 3 kuu jooksul. Tootja: Filos, Kreeka<\/p>","protected":false},"featured_media":7842,"template":"","meta":{"_seopress_robots_primary_cat":"none","_seopress_titles_title":"","_seopress_titles_desc":"100% natural tahini paste, perfect for Dubai chocolate and other sweets, fast dispatch in Baltics and Finland!","_seopress_robots_index":""},"product_brand":[],"product_cat":[15,101,109],"product_tag":[],"class_list":{"0":"post-7840","1":"product","2":"type-product","3":"status-publish","4":"has-post-thumbnail","6":"product_cat-all-products","7":"product_cat-nut-products","8":"product_cat-sale","10":"first","11":"outofstock","12":"sale","13":"taxable","14":"shipping-taxable","15":"purchasable","16":"product-type-simple"},"_links":{"self":[{"href":"https:\/\/candeebaar.ee\/et\/wp-json\/wp\/v2\/product\/7840","targetHints":{"allow":["GET"]}}],"collection":[{"href":"https:\/\/candeebaar.ee\/et\/wp-json\/wp\/v2\/product"}],"about":[{"href":"https:\/\/candeebaar.ee\/et\/wp-json\/wp\/v2\/types\/product"}],"version-history":[{"count":1,"href":"https:\/\/candeebaar.ee\/et\/wp-json\/wp\/v2\/product\/7840\/revisions"}],"predecessor-version":[{"id":7841,"href":"https:\/\/candeebaar.ee\/et\/wp-json\/wp\/v2\/product\/7840\/revisions\/7841"}],"wp:featuredmedia":[{"embeddable":true,"href":"https:\/\/candeebaar.ee\/et\/wp-json\/wp\/v2\/media\/7842"}],"wp:attachment":[{"href":"https:\/\/candeebaar.ee\/et\/wp-json\/wp\/v2\/media?parent=7840"}],"wp:term":[{"taxonomy":"product_brand","embeddable":true,"href":"https:\/\/candeebaar.ee\/et\/wp-json\/wp\/v2\/product_brand?post=7840"},{"taxonomy":"product_cat","embeddable":true,"href":"https:\/\/candeebaar.ee\/et\/wp-json\/wp\/v2\/product_cat?post=7840"},{"taxonomy":"product_tag","embeddable":true,"href":"https:\/\/candeebaar.ee\/et\/wp-json\/wp\/v2\/product_tag?post=7840"}],"curies":[{"name":"t\u00f6\u00f6leht","href":"https:\/\/api.w.org\/{rel}","templated":true}]}}