{"id":7846,"date":"2024-12-31T20:15:21","date_gmt":"2024-12-31T20:15:21","guid":{"rendered":"https:\/\/storetest.ivi.ee\/product\/fat-soluble-dye-green-20g-food-colours\/"},"modified":"2026-04-14T19:47:38","modified_gmt":"2026-04-14T17:47:38","slug":"rasvlahustuv-varvaine-roheline-20g-toiduvarve","status":"publish","type":"product","link":"https:\/\/candeebaar.ee\/et\/pood\/rasvlahustuv-varvaine-roheline-20g-toiduvarve\/","title":{"rendered":"Rasvlahustuvad Dye Green 20g toiduv\u00e4rvid"},"content":{"rendered":"<p>Toiduk\u00f5lblik rasvlahustuv v\u00e4rv, mida kasutatakse valge \u0161okolaadi ja muude rasva sisaldavate toodete v\u00e4rvimiseks.<br \/>\nKaal: 20 g<br \/>\nKoostisosad: toiduv\u00e4rv E102 (v\u00f5ib avaldada kahjulikku m\u00f5ju laste aktiivsusele ja t\u00e4helepanuv\u00f5imele).<br \/>\nTootja: Food Colours, Poola<\/p>","protected":false},"excerpt":{"rendered":"<p>Toiduk\u00f5lblik rasvlahustuv v\u00e4rv, mida kasutatakse valge \u0161okolaadi ja muude rasva sisaldavate toodete v\u00e4rvimiseks. Mass: 20g Koostis: toiduv\u00e4rv E102 (v\u00f5ib avaldada negatiivset m\u00f5ju laste aktiivsusele ja t\u00e4helepanuv\u00f5imele). Tootja: Food Colours, Poola<\/p>","protected":false},"featured_media":7848,"template":"","meta":{"_seopress_robots_primary_cat":"none","_seopress_titles_title":"","_seopress_titles_desc":"","_seopress_robots_index":""},"product_brand":[],"product_cat":[113],"product_tag":[],"class_list":{"0":"post-7846","1":"product","2":"type-product","3":"status-publish","4":"has-post-thumbnail","6":"product_cat-powder-fat-soluble","8":"first","9":"instock","10":"taxable","11":"shipping-taxable","12":"purchasable","13":"product-type-simple"},"_links":{"self":[{"href":"https:\/\/candeebaar.ee\/et\/wp-json\/wp\/v2\/product\/7846","targetHints":{"allow":["GET"]}}],"collection":[{"href":"https:\/\/candeebaar.ee\/et\/wp-json\/wp\/v2\/product"}],"about":[{"href":"https:\/\/candeebaar.ee\/et\/wp-json\/wp\/v2\/types\/product"}],"version-history":[{"count":1,"href":"https:\/\/candeebaar.ee\/et\/wp-json\/wp\/v2\/product\/7846\/revisions"}],"predecessor-version":[{"id":7847,"href":"https:\/\/candeebaar.ee\/et\/wp-json\/wp\/v2\/product\/7846\/revisions\/7847"}],"wp:featuredmedia":[{"embeddable":true,"href":"https:\/\/candeebaar.ee\/et\/wp-json\/wp\/v2\/media\/7848"}],"wp:attachment":[{"href":"https:\/\/candeebaar.ee\/et\/wp-json\/wp\/v2\/media?parent=7846"}],"wp:term":[{"taxonomy":"product_brand","embeddable":true,"href":"https:\/\/candeebaar.ee\/et\/wp-json\/wp\/v2\/product_brand?post=7846"},{"taxonomy":"product_cat","embeddable":true,"href":"https:\/\/candeebaar.ee\/et\/wp-json\/wp\/v2\/product_cat?post=7846"},{"taxonomy":"product_tag","embeddable":true,"href":"https:\/\/candeebaar.ee\/et\/wp-json\/wp\/v2\/product_tag?post=7846"}],"curies":[{"name":"t\u00f6\u00f6leht","href":"https:\/\/api.w.org\/{rel}","templated":true}]}}