{"id":7860,"date":"2024-12-31T20:15:21","date_gmt":"2024-12-31T20:15:21","guid":{"rendered":"https:\/\/storetest.ivi.ee\/product\/silicone-mold-for-8-eclairs\/"},"modified":"2026-04-21T18:51:54","modified_gmt":"2026-04-21T16:51:54","slug":"silikoonvorm-8-ekleerile","status":"publish","type":"product","link":"https:\/\/candeebaar.ee\/et\/pood\/silikoonvorm-8-ekleerile\/","title":{"rendered":"Silikoonvorm 8 eclairi jaoks"},"content":{"rendered":"<p>Vorm sobib ekleeride k\u00fcpsetamiseks, mousse magustoitude k\u00fclmutamiseks, \u0161okolaadi vormimiseks.<br \/>\nVormi suurus: 28*17 cm<br \/>\n1 lahtri suurus: 117*32*20 mm<br \/>\nMaterjal: silikoon<br \/>\nT\u00f6\u00f6temperatuur: -40\u00b0 kuni 230\u00b0C<br \/>\nTootja: Hiina<\/p>","protected":false},"excerpt":{"rendered":"<p>Vorm sobib ekleeride k\u00fcpsetamiseks, mousse magustoitude k\u00fclmutamiseks, \u0161okolaadi vormimiseks. Vormi suurus: 28*17 cm 1 lahtri suurus: 117*32*20 mm Materjal: silikoon T\u00f6\u00f6temperatuur: -40\u00b0 kuni 230\u00b0C Tootja: Hiina<\/p>","protected":false},"featured_media":7862,"template":"","meta":{"_seopress_robots_primary_cat":"","_seopress_titles_title":"","_seopress_titles_desc":"","_seopress_robots_index":""},"product_brand":[],"product_cat":[15,82,123],"product_tag":[],"class_list":{"0":"post-7860","1":"product","2":"type-product","3":"status-publish","4":"has-post-thumbnail","6":"product_cat-all-products","7":"product_cat-chocolate-molds","8":"product_cat-geometry","10":"first","11":"instock","12":"taxable","13":"shipping-taxable","14":"purchasable","15":"product-type-simple"},"_links":{"self":[{"href":"https:\/\/candeebaar.ee\/et\/wp-json\/wp\/v2\/product\/7860","targetHints":{"allow":["GET"]}}],"collection":[{"href":"https:\/\/candeebaar.ee\/et\/wp-json\/wp\/v2\/product"}],"about":[{"href":"https:\/\/candeebaar.ee\/et\/wp-json\/wp\/v2\/types\/product"}],"version-history":[{"count":1,"href":"https:\/\/candeebaar.ee\/et\/wp-json\/wp\/v2\/product\/7860\/revisions"}],"predecessor-version":[{"id":7861,"href":"https:\/\/candeebaar.ee\/et\/wp-json\/wp\/v2\/product\/7860\/revisions\/7861"}],"wp:featuredmedia":[{"embeddable":true,"href":"https:\/\/candeebaar.ee\/et\/wp-json\/wp\/v2\/media\/7862"}],"wp:attachment":[{"href":"https:\/\/candeebaar.ee\/et\/wp-json\/wp\/v2\/media?parent=7860"}],"wp:term":[{"taxonomy":"product_brand","embeddable":true,"href":"https:\/\/candeebaar.ee\/et\/wp-json\/wp\/v2\/product_brand?post=7860"},{"taxonomy":"product_cat","embeddable":true,"href":"https:\/\/candeebaar.ee\/et\/wp-json\/wp\/v2\/product_cat?post=7860"},{"taxonomy":"product_tag","embeddable":true,"href":"https:\/\/candeebaar.ee\/et\/wp-json\/wp\/v2\/product_tag?post=7860"}],"curies":[{"name":"t\u00f6\u00f6leht","href":"https:\/\/api.w.org\/{rel}","templated":true}]}}