{"id":7863,"date":"2024-12-31T20:15:21","date_gmt":"2024-12-31T20:15:21","guid":{"rendered":"https:\/\/storetest.ivi.ee\/product\/box-for-desserts-18189-cm-snowmen\/"},"modified":"2026-01-19T19:59:45","modified_gmt":"2026-01-19T17:59:45","slug":"karp-magustoiduks-18189-cm-lumememmed","status":"publish","type":"product","link":"https:\/\/candeebaar.ee\/et\/pood\/karp-magustoiduks-18189-cm-lumememmed\/","title":{"rendered":"Magustoidukarp 18*18*9 cm \u201cLumememm\u201d"},"content":{"rendered":"<p>Karp sobib bento kookidele, koogikestele (kui kasutate 4 koogit\u00e4it vahet\u00fckki) ja muudele magustoitudele.<br \/>\nMaterjal: papp<br \/>\nV\u00e4rv: muster<br \/>\nM\u00f5\u00f5dud: 18*18*9cm<\/p>","protected":false},"excerpt":{"rendered":"<p>Karp sobib bento kookidele, koogikestele (kui kasutate 4 koogit\u00e4it vahet\u00fckki) ja muudele magustoitudele. Materjal: papp V\u00e4rv: muster Suurus: 18*18*9cm<\/p>","protected":false},"featured_media":7865,"template":"","meta":{"_seopress_robots_primary_cat":"","_seopress_titles_title":"","_seopress_titles_desc":"","_seopress_robots_index":""},"product_brand":[],"product_cat":[182,181,15,133,152,154,93,109],"product_tag":[],"class_list":{"0":"post-7863","1":"product","2":"type-product","3":"status-publish","4":"has-post-thumbnail","6":"product_cat-christmas","7":"product_cat-christmas-new-year","8":"product_cat-all-products","9":"product_cat-18cm-base","10":"product_cat-cupcakes","11":"product_cat-different-style","12":"product_cat-gift-packaging","13":"product_cat-sale","15":"first","16":"instock","17":"sale","18":"taxable","19":"shipping-taxable","20":"purchasable","21":"product-type-simple"},"_links":{"self":[{"href":"https:\/\/candeebaar.ee\/et\/wp-json\/wp\/v2\/product\/7863","targetHints":{"allow":["GET"]}}],"collection":[{"href":"https:\/\/candeebaar.ee\/et\/wp-json\/wp\/v2\/product"}],"about":[{"href":"https:\/\/candeebaar.ee\/et\/wp-json\/wp\/v2\/types\/product"}],"version-history":[{"count":1,"href":"https:\/\/candeebaar.ee\/et\/wp-json\/wp\/v2\/product\/7863\/revisions"}],"predecessor-version":[{"id":7864,"href":"https:\/\/candeebaar.ee\/et\/wp-json\/wp\/v2\/product\/7863\/revisions\/7864"}],"wp:featuredmedia":[{"embeddable":true,"href":"https:\/\/candeebaar.ee\/et\/wp-json\/wp\/v2\/media\/7865"}],"wp:attachment":[{"href":"https:\/\/candeebaar.ee\/et\/wp-json\/wp\/v2\/media?parent=7863"}],"wp:term":[{"taxonomy":"product_brand","embeddable":true,"href":"https:\/\/candeebaar.ee\/et\/wp-json\/wp\/v2\/product_brand?post=7863"},{"taxonomy":"product_cat","embeddable":true,"href":"https:\/\/candeebaar.ee\/et\/wp-json\/wp\/v2\/product_cat?post=7863"},{"taxonomy":"product_tag","embeddable":true,"href":"https:\/\/candeebaar.ee\/et\/wp-json\/wp\/v2\/product_tag?post=7863"}],"curies":[{"name":"t\u00f6\u00f6leht","href":"https:\/\/api.w.org\/{rel}","templated":true}]}}