{"id":7885,"date":"2024-12-31T20:15:28","date_gmt":"2024-12-31T20:15:28","guid":{"rendered":"https:\/\/storetest.ivi.ee\/product\/burger-box-for-bento-cake-118cm\/"},"modified":"2026-03-19T16:22:30","modified_gmt":"2026-03-19T14:22:30","slug":"burgerikarp-bento-koogile-118cm","status":"publish","type":"product","link":"https:\/\/candeebaar.ee\/et\/pood\/burgerikarp-bento-koogile-118cm\/","title":{"rendered":"Burgerikarp bento koogile 11*8cm"},"content":{"rendered":"<p>Burgerikarp bento koogile.<br \/>\nP\u00f5hi \u2013 papp, kaas \u2013 l\u00e4bipaistev plastik.<br \/>\nAlus: 11*11cm, \u00fcldk\u00f5rgus: 8cm<br \/>\nTordi l\u00e4bim\u00f5\u00f5t: ~9cm<\/p>","protected":false},"excerpt":{"rendered":"<p>Burgerikarp bento koogile. P\u00f5hi \u2013 papp, kaas \u2013 l\u00e4bipaistev plastik. P\u00f5hi: 11*11cm, koguk\u00f5rgus: 8cm Tordi l\u00e4bim\u00f5\u00f5t: ~9cm<\/p>","protected":false},"featured_media":7470,"template":"","meta":{"_seopress_robots_primary_cat":"","_seopress_titles_title":"","_seopress_titles_desc":"","_seopress_robots_index":""},"product_brand":[],"product_cat":[15,129,154],"product_tag":[],"class_list":{"0":"post-7885","1":"product","2":"type-product","3":"status-publish","4":"has-post-thumbnail","6":"product_cat-all-products","7":"product_cat-small-and-bento-size","8":"product_cat-different-style","10":"first","11":"instock","12":"taxable","13":"shipping-taxable","14":"purchasable","15":"product-type-simple"},"_links":{"self":[{"href":"https:\/\/candeebaar.ee\/et\/wp-json\/wp\/v2\/product\/7885","targetHints":{"allow":["GET"]}}],"collection":[{"href":"https:\/\/candeebaar.ee\/et\/wp-json\/wp\/v2\/product"}],"about":[{"href":"https:\/\/candeebaar.ee\/et\/wp-json\/wp\/v2\/types\/product"}],"version-history":[{"count":1,"href":"https:\/\/candeebaar.ee\/et\/wp-json\/wp\/v2\/product\/7885\/revisions"}],"predecessor-version":[{"id":7886,"href":"https:\/\/candeebaar.ee\/et\/wp-json\/wp\/v2\/product\/7885\/revisions\/7886"}],"wp:featuredmedia":[{"embeddable":true,"href":"https:\/\/candeebaar.ee\/et\/wp-json\/wp\/v2\/media\/7470"}],"wp:attachment":[{"href":"https:\/\/candeebaar.ee\/et\/wp-json\/wp\/v2\/media?parent=7885"}],"wp:term":[{"taxonomy":"product_brand","embeddable":true,"href":"https:\/\/candeebaar.ee\/et\/wp-json\/wp\/v2\/product_brand?post=7885"},{"taxonomy":"product_cat","embeddable":true,"href":"https:\/\/candeebaar.ee\/et\/wp-json\/wp\/v2\/product_cat?post=7885"},{"taxonomy":"product_tag","embeddable":true,"href":"https:\/\/candeebaar.ee\/et\/wp-json\/wp\/v2\/product_tag?post=7885"}],"curies":[{"name":"t\u00f6\u00f6leht","href":"https:\/\/api.w.org\/{rel}","templated":true}]}}