{"id":7908,"date":"2024-12-31T20:15:28","date_gmt":"2024-12-31T20:15:28","guid":{"rendered":"https:\/\/storetest.ivi.ee\/product\/box-for-cake-25-25-4037cm\/"},"modified":"2026-03-31T14:32:33","modified_gmt":"2026-03-31T12:32:33","slug":"karp-tordi-jaoks-25-25-4037cm","status":"publish","type":"product","link":"https:\/\/candeebaar.ee\/et\/pood\/karp-tordi-jaoks-25-25-4037cm\/","title":{"rendered":"Karp koogile 25 25 40(37)cm"},"content":{"rendered":"<p>Kinkekarp koogile.<br \/>\nKoosneb 2 osast, vastupidav ja lihtne kasutada.<br \/>\nMaterjal: papp, plastik<br \/>\nSuurus (l\/k\/p): 22x22x40cm (t\u00f6\u00f6k\u00f5rgus 37cm)<br \/>\nTootja: Itaalia<\/p>","protected":false},"excerpt":{"rendered":"<p>Kinkekarp koogile. Koosneb 2 osast, vastupidav ja lihtne kasutada. Materjal: papp, plastik M\u00f5\u00f5dud (l\/k\/p): 22x22x40cm (t\u00f6\u00f6k\u00f5rgus 37cm) Tootja: Itaalia<\/p>","protected":false},"featured_media":6004,"template":"","meta":{"_seopress_robots_primary_cat":"none","_seopress_titles_title":"","_seopress_titles_desc":"","_seopress_robots_index":""},"product_brand":[],"product_cat":[180,15,131,136,93],"product_tag":[],"class_list":{"0":"post-7908","1":"product","2":"type-product","3":"status-publish","4":"has-post-thumbnail","6":"product_cat-wedding-products","7":"product_cat-all-products","8":"product_cat-25cm-base","9":"product_cat-tall-cake-boxes-h25cm","10":"product_cat-gift-packaging","12":"first","13":"instock","14":"taxable","15":"shipping-taxable","16":"purchasable","17":"product-type-simple"},"_links":{"self":[{"href":"https:\/\/candeebaar.ee\/et\/wp-json\/wp\/v2\/product\/7908","targetHints":{"allow":["GET"]}}],"collection":[{"href":"https:\/\/candeebaar.ee\/et\/wp-json\/wp\/v2\/product"}],"about":[{"href":"https:\/\/candeebaar.ee\/et\/wp-json\/wp\/v2\/types\/product"}],"version-history":[{"count":2,"href":"https:\/\/candeebaar.ee\/et\/wp-json\/wp\/v2\/product\/7908\/revisions"}],"predecessor-version":[{"id":10232,"href":"https:\/\/candeebaar.ee\/et\/wp-json\/wp\/v2\/product\/7908\/revisions\/10232"}],"wp:featuredmedia":[{"embeddable":true,"href":"https:\/\/candeebaar.ee\/et\/wp-json\/wp\/v2\/media\/6004"}],"wp:attachment":[{"href":"https:\/\/candeebaar.ee\/et\/wp-json\/wp\/v2\/media?parent=7908"}],"wp:term":[{"taxonomy":"product_brand","embeddable":true,"href":"https:\/\/candeebaar.ee\/et\/wp-json\/wp\/v2\/product_brand?post=7908"},{"taxonomy":"product_cat","embeddable":true,"href":"https:\/\/candeebaar.ee\/et\/wp-json\/wp\/v2\/product_cat?post=7908"},{"taxonomy":"product_tag","embeddable":true,"href":"https:\/\/candeebaar.ee\/et\/wp-json\/wp\/v2\/product_tag?post=7908"}],"curies":[{"name":"t\u00f6\u00f6leht","href":"https:\/\/api.w.org\/{rel}","templated":true}]}}