{"id":7910,"date":"2024-12-31T20:15:28","date_gmt":"2024-12-31T20:15:28","guid":{"rendered":"https:\/\/storetest.ivi.ee\/product\/box-for-cake-25-25-2522cm\/"},"modified":"2026-03-20T10:26:32","modified_gmt":"2026-03-20T08:26:32","slug":"karp-tordi-jaoks-25-25-2522cm","status":"publish","type":"product","link":"https:\/\/candeebaar.ee\/et\/pood\/karp-tordi-jaoks-25-25-2522cm\/","title":{"rendered":"Karp tordi jaoks 25 25 25(22)cm"},"content":{"rendered":"<p>Kinkekarp koogile.<br \/>\nKoosneb 2 osast, vastupidav ja mugav kasutada.<br \/>\nMaterjal: papp, plastik<br \/>\nSuurus (l\/k\/p): 25x25x25cm (t\u00f6\u00f6k\u00f5rgus 22cm)<br \/>\nTootja: Itaalia<\/p>","protected":false},"excerpt":{"rendered":"<p>Kinkekarp koogile. Koosneb 2 osast, vastupidav ja mugav kasutada. Materjal: papp, plastik M\u00f5\u00f5dud (l\/k\/p): 25x25x25cm (t\u00f6\u00f6k\u00f5rgus 22cm) Tootja: Itaalia<\/p>","protected":false},"featured_media":6004,"template":"","meta":{"_seopress_robots_primary_cat":"none","_seopress_titles_title":"","_seopress_titles_desc":"","_seopress_robots_index":""},"product_brand":[],"product_cat":[15,131,93],"product_tag":[],"class_list":{"0":"post-7910","1":"product","2":"type-product","3":"status-publish","4":"has-post-thumbnail","6":"product_cat-all-products","7":"product_cat-25cm-base","8":"product_cat-gift-packaging","10":"first","11":"instock","12":"taxable","13":"shipping-taxable","14":"purchasable","15":"product-type-simple"},"_links":{"self":[{"href":"https:\/\/candeebaar.ee\/et\/wp-json\/wp\/v2\/product\/7910","targetHints":{"allow":["GET"]}}],"collection":[{"href":"https:\/\/candeebaar.ee\/et\/wp-json\/wp\/v2\/product"}],"about":[{"href":"https:\/\/candeebaar.ee\/et\/wp-json\/wp\/v2\/types\/product"}],"version-history":[{"count":2,"href":"https:\/\/candeebaar.ee\/et\/wp-json\/wp\/v2\/product\/7910\/revisions"}],"predecessor-version":[{"id":10233,"href":"https:\/\/candeebaar.ee\/et\/wp-json\/wp\/v2\/product\/7910\/revisions\/10233"}],"wp:featuredmedia":[{"embeddable":true,"href":"https:\/\/candeebaar.ee\/et\/wp-json\/wp\/v2\/media\/6004"}],"wp:attachment":[{"href":"https:\/\/candeebaar.ee\/et\/wp-json\/wp\/v2\/media?parent=7910"}],"wp:term":[{"taxonomy":"product_brand","embeddable":true,"href":"https:\/\/candeebaar.ee\/et\/wp-json\/wp\/v2\/product_brand?post=7910"},{"taxonomy":"product_cat","embeddable":true,"href":"https:\/\/candeebaar.ee\/et\/wp-json\/wp\/v2\/product_cat?post=7910"},{"taxonomy":"product_tag","embeddable":true,"href":"https:\/\/candeebaar.ee\/et\/wp-json\/wp\/v2\/product_tag?post=7910"}],"curies":[{"name":"t\u00f6\u00f6leht","href":"https:\/\/api.w.org\/{rel}","templated":true}]}}