{"id":7917,"date":"2024-12-31T20:15:28","date_gmt":"2024-12-31T20:15:28","guid":{"rendered":"https:\/\/storetest.ivi.ee\/product\/gift-box-for-gingerbread-10015035mm\/"},"modified":"2026-01-20T11:40:56","modified_gmt":"2026-01-20T09:40:56","slug":"kinkekarp-piparkookidele-10015035mm","status":"publish","type":"product","link":"https:\/\/candeebaar.ee\/et\/pood\/kinkekarp-piparkookidele-10015035mm\/","title":{"rendered":"Piparkookide kinkekarp 100*150*35mm"},"content":{"rendered":"<p>Kahekihilisest papist kvaliteetne l\u00e4bipaistva kaanega kinkekarp (kaanel on 2 lukustuskinnitust).<br \/>\n Lihtne kokku panna, suurep\u00e4rase j\u00e4ikusega, sobib nii piparkookidele kui ka muudele madala profiiliga esemetele.<br \/>\n Materjal: topeltpapp, plastik<br \/>\n Suurus: 100*150*h35mm<br \/>\n V\u00e4rv: kraft<br \/>\n Tootmine: Itaalia<\/p>","protected":false},"excerpt":{"rendered":"<p>Kahekihilisest papist kvaliteetne l\u00e4bipaistva kaanega kinkekarp (kaanel on 2 lukustuskinnitust). Lihtne kokku panna, suurep\u00e4rase j\u00e4ikusega, sobib nii piparkookidele kui ka muudele madala profiiliga esemetele. Materjal: topeltpapp, plastik Suurus: 100*150*h35mm V\u00e4rvus: kraft Tootmine: Itaalia<\/p>","protected":false},"featured_media":7919,"template":"","meta":{"_seopress_robots_primary_cat":"","_seopress_titles_title":"","_seopress_titles_desc":"","_seopress_robots_index":""},"product_brand":[],"product_cat":[182,181,15,156,93],"product_tag":[],"class_list":{"0":"post-7917","1":"product","2":"type-product","3":"status-publish","4":"has-post-thumbnail","6":"product_cat-christmas","7":"product_cat-christmas-new-year","8":"product_cat-all-products","9":"product_cat-low-boxes","10":"product_cat-gift-packaging","12":"first","13":"instock","14":"taxable","15":"shipping-taxable","16":"purchasable","17":"product-type-simple"},"_links":{"self":[{"href":"https:\/\/candeebaar.ee\/et\/wp-json\/wp\/v2\/product\/7917","targetHints":{"allow":["GET"]}}],"collection":[{"href":"https:\/\/candeebaar.ee\/et\/wp-json\/wp\/v2\/product"}],"about":[{"href":"https:\/\/candeebaar.ee\/et\/wp-json\/wp\/v2\/types\/product"}],"version-history":[{"count":1,"href":"https:\/\/candeebaar.ee\/et\/wp-json\/wp\/v2\/product\/7917\/revisions"}],"predecessor-version":[{"id":7918,"href":"https:\/\/candeebaar.ee\/et\/wp-json\/wp\/v2\/product\/7917\/revisions\/7918"}],"wp:featuredmedia":[{"embeddable":true,"href":"https:\/\/candeebaar.ee\/et\/wp-json\/wp\/v2\/media\/7919"}],"wp:attachment":[{"href":"https:\/\/candeebaar.ee\/et\/wp-json\/wp\/v2\/media?parent=7917"}],"wp:term":[{"taxonomy":"product_brand","embeddable":true,"href":"https:\/\/candeebaar.ee\/et\/wp-json\/wp\/v2\/product_brand?post=7917"},{"taxonomy":"product_cat","embeddable":true,"href":"https:\/\/candeebaar.ee\/et\/wp-json\/wp\/v2\/product_cat?post=7917"},{"taxonomy":"product_tag","embeddable":true,"href":"https:\/\/candeebaar.ee\/et\/wp-json\/wp\/v2\/product_tag?post=7917"}],"curies":[{"name":"t\u00f6\u00f6leht","href":"https:\/\/api.w.org\/{rel}","templated":true}]}}