{"id":7921,"date":"2024-12-31T20:15:28","date_gmt":"2024-12-31T20:15:28","guid":{"rendered":"https:\/\/storetest.ivi.ee\/product\/jute-rope-50m\/"},"modified":"2026-04-01T13:05:05","modified_gmt":"2026-04-01T11:05:05","slug":"dzuudist-kois-50m","status":"publish","type":"product","link":"https:\/\/candeebaar.ee\/et\/pood\/dzuudist-kois-50m\/","title":{"rendered":"D\u017euutk\u00f6is 30m"},"content":{"rendered":"<p>Universaalne d\u017euudist k\u00f6is, sobib pakendamiseks ja muuks otstarbeks.<br \/>\nMaterjal: d\u017euut<br \/>\nSuurus: 30m * 1mm<\/p>","protected":false},"excerpt":{"rendered":"<p>Universaalne d\u017euudist k\u00f6is, sobib pakkimiseks ja muuks otstarbeks. Materjal: d\u017euut. Suurus: 30m * 1mm.<\/p>","protected":false},"featured_media":7923,"template":"","meta":{"_seopress_robots_primary_cat":"none","_seopress_titles_title":"","_seopress_titles_desc":"","_seopress_robots_index":""},"product_brand":[],"product_cat":[182,181,15,91,109],"product_tag":[],"class_list":{"0":"post-7921","1":"product","2":"type-product","3":"status-publish","4":"has-post-thumbnail","6":"product_cat-christmas","7":"product_cat-christmas-new-year","8":"product_cat-all-products","9":"product_cat-satin-ribbons","10":"product_cat-sale","12":"first","13":"instock","14":"sale","15":"taxable","16":"shipping-taxable","17":"purchasable","18":"product-type-simple"},"_links":{"self":[{"href":"https:\/\/candeebaar.ee\/et\/wp-json\/wp\/v2\/product\/7921","targetHints":{"allow":["GET"]}}],"collection":[{"href":"https:\/\/candeebaar.ee\/et\/wp-json\/wp\/v2\/product"}],"about":[{"href":"https:\/\/candeebaar.ee\/et\/wp-json\/wp\/v2\/types\/product"}],"version-history":[{"count":2,"href":"https:\/\/candeebaar.ee\/et\/wp-json\/wp\/v2\/product\/7921\/revisions"}],"predecessor-version":[{"id":14131,"href":"https:\/\/candeebaar.ee\/et\/wp-json\/wp\/v2\/product\/7921\/revisions\/14131"}],"wp:featuredmedia":[{"embeddable":true,"href":"https:\/\/candeebaar.ee\/et\/wp-json\/wp\/v2\/media\/7923"}],"wp:attachment":[{"href":"https:\/\/candeebaar.ee\/et\/wp-json\/wp\/v2\/media?parent=7921"}],"wp:term":[{"taxonomy":"product_brand","embeddable":true,"href":"https:\/\/candeebaar.ee\/et\/wp-json\/wp\/v2\/product_brand?post=7921"},{"taxonomy":"product_cat","embeddable":true,"href":"https:\/\/candeebaar.ee\/et\/wp-json\/wp\/v2\/product_cat?post=7921"},{"taxonomy":"product_tag","embeddable":true,"href":"https:\/\/candeebaar.ee\/et\/wp-json\/wp\/v2\/product_tag?post=7921"}],"curies":[{"name":"t\u00f6\u00f6leht","href":"https:\/\/api.w.org\/{rel}","templated":true}]}}