{"id":7959,"date":"2024-12-31T20:15:37","date_gmt":"2024-12-31T20:15:37","guid":{"rendered":"https:\/\/storetest.ivi.ee\/product\/dessert-box-heart-10105-5cm\/"},"modified":"2026-02-02T14:44:07","modified_gmt":"2026-02-02T12:44:07","slug":"magustoidukarbi-suda-10105-5cm","status":"publish","type":"product","link":"https:\/\/candeebaar.ee\/et\/pood\/magustoidukarbi-suda-10105-5cm\/","title":{"rendered":"Magustoidukarp \u201cS\u00fcda\u201d 10*10*5,5cm"},"content":{"rendered":"<p>V\u00e4ike karp l\u00e4bipaistva s\u00fcdamekujulise aknaga.<br \/>\nSuurus: 100 * 100 * k\u00f5rgus 57 mm<br \/>\nMaterjal: papp, plastik<br \/>\nV\u00e4rv: valge<\/p>","protected":false},"excerpt":{"rendered":"<p>V\u00e4ike karp l\u00e4bipaistva s\u00fcdamekujulise aknaga. M\u00f5\u00f5t: 100*100*k57mm Materjal: papp, plastik V\u00e4rv: valge<\/p>","protected":false},"featured_media":7961,"template":"","meta":{"_seopress_robots_primary_cat":"none","_seopress_titles_title":"","_seopress_titles_desc":"","_seopress_robots_index":""},"product_brand":[],"product_cat":[183,15,152,154,93],"product_tag":[],"class_list":{"0":"post-7959","1":"product","2":"type-product","3":"status-publish","4":"has-post-thumbnail","6":"product_cat-valentines-day","7":"product_cat-all-products","8":"product_cat-cupcakes","9":"product_cat-different-style","10":"product_cat-gift-packaging","12":"first","13":"outofstock","14":"taxable","15":"shipping-taxable","16":"purchasable","17":"product-type-simple"},"_links":{"self":[{"href":"https:\/\/candeebaar.ee\/et\/wp-json\/wp\/v2\/product\/7959","targetHints":{"allow":["GET"]}}],"collection":[{"href":"https:\/\/candeebaar.ee\/et\/wp-json\/wp\/v2\/product"}],"about":[{"href":"https:\/\/candeebaar.ee\/et\/wp-json\/wp\/v2\/types\/product"}],"version-history":[{"count":2,"href":"https:\/\/candeebaar.ee\/et\/wp-json\/wp\/v2\/product\/7959\/revisions"}],"predecessor-version":[{"id":12848,"href":"https:\/\/candeebaar.ee\/et\/wp-json\/wp\/v2\/product\/7959\/revisions\/12848"}],"wp:featuredmedia":[{"embeddable":true,"href":"https:\/\/candeebaar.ee\/et\/wp-json\/wp\/v2\/media\/7961"}],"wp:attachment":[{"href":"https:\/\/candeebaar.ee\/et\/wp-json\/wp\/v2\/media?parent=7959"}],"wp:term":[{"taxonomy":"product_brand","embeddable":true,"href":"https:\/\/candeebaar.ee\/et\/wp-json\/wp\/v2\/product_brand?post=7959"},{"taxonomy":"product_cat","embeddable":true,"href":"https:\/\/candeebaar.ee\/et\/wp-json\/wp\/v2\/product_cat?post=7959"},{"taxonomy":"product_tag","embeddable":true,"href":"https:\/\/candeebaar.ee\/et\/wp-json\/wp\/v2\/product_tag?post=7959"}],"curies":[{"name":"t\u00f6\u00f6leht","href":"https:\/\/api.w.org\/{rel}","templated":true}]}}