{"id":7962,"date":"2024-12-31T20:15:37","date_gmt":"2024-12-31T20:15:37","guid":{"rendered":"https:\/\/storetest.ivi.ee\/product\/popping-candy-mona-lisa-45g\/"},"modified":"2025-05-18T16:22:07","modified_gmt":"2025-05-18T14:22:07","slug":"popping-kommid-mona-lisa-45g","status":"publish","type":"product","link":"https:\/\/candeebaar.ee\/et\/pood\/popping-kommid-mona-lisa-45g\/","title":{"rendered":"Popping Candy Mona Lisa 45g"},"content":{"rendered":"<p>Plahvatav karamell tumedas \u0161okolaadis Callebaut.<br \/>\nSuurep\u00e4rane lahendus laste magustoitude jaoks. \u0160okolaadikate ei anna mitte ainult suurep\u00e4rast maitset, vaid aitab s\u00e4ilitada ka h\u00fcppava kommi omadusi, mis suhu sattudes r\u00f5\u00f5msalt s\u00e4risevad ja popsuvad.<br \/>\nKaal: 45g<br \/>\nGraanuli suurus: 3-6 mm<br \/>\nKoostisosad:<br \/>\nTume \u0161okolaad (kakao, suhkur, kakaov\u00f5i, sojaletsitiin), kommid (suhkur, gl\u00fckoos, <strong>piima<\/strong> suhkur, vahuaine E290, riisit\u00e4rklis), suhkur, kakaopulber, \u201cglasuuriaine\u201d E904, E414. V\u00f5ib sisaldada j\u00e4lgi <strong>munad, gluteen, p\u00e4hklid<\/strong>.<br \/>\nSisaldus 100 g toote kohta:<br \/>\nToitev\u00e4\u00e4rtus: 447kcal\/1870kJ<br \/>\nRasvad (k\u00fcllastunud): 16,4 g (10 g)<br \/>\nS\u00fcsivesikud (suhkrud): 68g (59g)<br \/>\nValgud: 3,8 g<br \/>\nSool: 0,01 g<br \/>\nTootja: Barry Callebaut, Belgia<\/p>","protected":false},"excerpt":{"rendered":"<p>Plahvatav karamell tumedas \u0161okolaadis Callebaut. Suurep\u00e4rane lahendus laste magustoitude jaoks. \u0160okolaadikate ei anna mitte ainult suurep\u00e4rast maitset, vaid aitab s\u00e4ilitada ka h\u00fcppava kommi omadusi, mis suhu sattudes r\u00f5\u00f5msalt s\u00e4risevad ja popsuvad. Kaal: 45g Graanulite suurus: 3-6mm Koostis: Tume \u0161okolaad (kakao, suhkur, kakaov\u00f5i, sojaletsitiin), kommid [\u2026]<\/p>","protected":false},"featured_media":7964,"template":"","meta":{"_seopress_robots_primary_cat":"none","_seopress_titles_title":"","_seopress_titles_desc":"","_seopress_robots_index":""},"product_brand":[],"product_cat":[15,110,104,109],"product_tag":[],"class_list":{"0":"post-7962","1":"product","2":"type-product","3":"status-publish","4":"has-post-thumbnail","6":"product_cat-all-products","7":"product_cat-callebaut","8":"product_cat-sprinkles","9":"product_cat-sale","10":"brand-callebaut","12":"first","13":"outofstock","14":"sale","15":"taxable","16":"shipping-taxable","17":"purchasable","18":"product-type-simple"},"_links":{"self":[{"href":"https:\/\/candeebaar.ee\/et\/wp-json\/wp\/v2\/product\/7962","targetHints":{"allow":["GET"]}}],"collection":[{"href":"https:\/\/candeebaar.ee\/et\/wp-json\/wp\/v2\/product"}],"about":[{"href":"https:\/\/candeebaar.ee\/et\/wp-json\/wp\/v2\/types\/product"}],"version-history":[{"count":1,"href":"https:\/\/candeebaar.ee\/et\/wp-json\/wp\/v2\/product\/7962\/revisions"}],"predecessor-version":[{"id":7963,"href":"https:\/\/candeebaar.ee\/et\/wp-json\/wp\/v2\/product\/7962\/revisions\/7963"}],"wp:featuredmedia":[{"embeddable":true,"href":"https:\/\/candeebaar.ee\/et\/wp-json\/wp\/v2\/media\/7964"}],"wp:attachment":[{"href":"https:\/\/candeebaar.ee\/et\/wp-json\/wp\/v2\/media?parent=7962"}],"wp:term":[{"taxonomy":"product_brand","embeddable":true,"href":"https:\/\/candeebaar.ee\/et\/wp-json\/wp\/v2\/product_brand?post=7962"},{"taxonomy":"product_cat","embeddable":true,"href":"https:\/\/candeebaar.ee\/et\/wp-json\/wp\/v2\/product_cat?post=7962"},{"taxonomy":"product_tag","embeddable":true,"href":"https:\/\/candeebaar.ee\/et\/wp-json\/wp\/v2\/product_tag?post=7962"}],"curies":[{"name":"t\u00f6\u00f6leht","href":"https:\/\/api.w.org\/{rel}","templated":true}]}}