{"id":7966,"date":"2024-12-31T20:15:37","date_gmt":"2024-12-31T20:15:37","guid":{"rendered":"https:\/\/storetest.ivi.ee\/product\/inulin-100g\/"},"modified":"2026-04-06T19:00:51","modified_gmt":"2026-04-06T17:00:51","slug":"inuliin-100-g","status":"publish","type":"product","link":"https:\/\/candeebaar.ee\/et\/pood\/inuliin-100-g\/","title":{"rendered":"Inuliin 100 g"},"content":{"rendered":"<p>Inuliin on looduslik magusaine, millel on palju organismile kasulikke omadusi.<br \/>\nKoostisosad: inuliin (sigurijuur)<br \/>\nSisaldus 100 g toote kohta:<br \/>\nToitev\u00e4\u00e4rtus: 208kcal\/874kJ<br \/>\nRasvad (k\u00fcllastunud): 0 g (0 g)<br \/>\nS\u00fcsivesikud (suhkrud): 7g (7g)<br \/>\nKiudained: 90 g<br \/>\nValgud: 0 g<br \/>\nSool: 0,01 g<br \/>\nHoida pimedas jahedas kohas \u00f5hukindlas pakendis. V\u00f5ib sisaldada j\u00e4lgi <strong>gluteen ja p\u00e4hklid.<\/strong><br \/>\nTootja: Belgia<\/p>","protected":false},"excerpt":{"rendered":"<p>Inuliin on looduslik magusaine, millel on palju organismile kasulikke omadusi. Koostis: inuliin (sigurijuur) Sisaldus 100g toote kohta: Toitev\u00e4\u00e4rtus: 208kcal\/874kJ Rasvad (k\u00fcllastunud): 0g (0g) S\u00fcsivesikud (suhkrud): 7g (7g) Kiudained: 90g Valgud: 0g Sool: 0,01g pimedas jahedas kohas \u00f5hukindlas pakendis. V\u00f5ib sisaldada j\u00e4lgi gluteeni ja [\u2026]<\/p>","protected":false},"featured_media":7968,"template":"","meta":{"_seopress_robots_primary_cat":"none","_seopress_titles_title":"","_seopress_titles_desc":"","_seopress_robots_index":""},"product_brand":[],"product_cat":[15,102],"product_tag":[],"class_list":{"0":"post-7966","1":"product","2":"type-product","3":"status-publish","4":"has-post-thumbnail","6":"product_cat-all-products","7":"product_cat-sugars","9":"first","10":"outofstock","11":"taxable","12":"shipping-taxable","13":"purchasable","14":"product-type-simple"},"_links":{"self":[{"href":"https:\/\/candeebaar.ee\/et\/wp-json\/wp\/v2\/product\/7966","targetHints":{"allow":["GET"]}}],"collection":[{"href":"https:\/\/candeebaar.ee\/et\/wp-json\/wp\/v2\/product"}],"about":[{"href":"https:\/\/candeebaar.ee\/et\/wp-json\/wp\/v2\/types\/product"}],"version-history":[{"count":1,"href":"https:\/\/candeebaar.ee\/et\/wp-json\/wp\/v2\/product\/7966\/revisions"}],"predecessor-version":[{"id":7967,"href":"https:\/\/candeebaar.ee\/et\/wp-json\/wp\/v2\/product\/7966\/revisions\/7967"}],"wp:featuredmedia":[{"embeddable":true,"href":"https:\/\/candeebaar.ee\/et\/wp-json\/wp\/v2\/media\/7968"}],"wp:attachment":[{"href":"https:\/\/candeebaar.ee\/et\/wp-json\/wp\/v2\/media?parent=7966"}],"wp:term":[{"taxonomy":"product_brand","embeddable":true,"href":"https:\/\/candeebaar.ee\/et\/wp-json\/wp\/v2\/product_brand?post=7966"},{"taxonomy":"product_cat","embeddable":true,"href":"https:\/\/candeebaar.ee\/et\/wp-json\/wp\/v2\/product_cat?post=7966"},{"taxonomy":"product_tag","embeddable":true,"href":"https:\/\/candeebaar.ee\/et\/wp-json\/wp\/v2\/product_tag?post=7966"}],"curies":[{"name":"t\u00f6\u00f6leht","href":"https:\/\/api.w.org\/{rel}","templated":true}]}}