{"id":7969,"date":"2024-12-31T20:15:37","date_gmt":"2024-12-31T20:15:37","guid":{"rendered":"https:\/\/storetest.ivi.ee\/product\/erythritol-100g\/"},"modified":"2026-02-02T19:09:49","modified_gmt":"2026-02-02T17:09:49","slug":"erutritool-100-g","status":"publish","type":"product","link":"https:\/\/candeebaar.ee\/et\/pood\/erutritool-100-g\/","title":{"rendered":"Er\u00fctritool 100 g"},"content":{"rendered":"<p>Er\u00fctritooli magusaine, kalorivaba suhkruasendaja.<br \/>\nKoostisosad: er\u00fctritool<br \/>\nSisaldus 100 g toote kohta:<br \/>\nToitev\u00e4\u00e4rtus: 0 kcal\/0 kJ<br \/>\nRasvad (k\u00fcllastunud): 0 g (0 g)<br \/>\nS\u00fcsivesikud (suhkrud): 100 g (100 g)<br \/>\nValgud: 0 g<br \/>\nSool: 0 g<br \/>\nHoida jahedas pimedas kohas, suletud pakendis. V\u00f5ib sisaldada j\u00e4lgi <strong>gluteen ja p\u00e4hklid.<\/strong><br \/>\nTootja: Belgia<\/p>","protected":false},"excerpt":{"rendered":"<p>Er\u00fctritooli magusaine, kalorivaba suhkruasendaja. Koostis: er\u00fctritool Sisaldus 100g toote kohta: Toitev\u00e4\u00e4rtus: 0 kcal\/0 kJ Rasvad (k\u00fcllastunud): 0g (0g) S\u00fcsivesikud (suhkrud): 100g (100g) Valgud: 0g Sool: 0g Hoida jahedas, pimedas kohas. suletud pakend. V\u00f5ib sisaldada gluteeni ja p\u00e4hklite j\u00e4lgi. Tootja: Belgia<\/p>","protected":false},"featured_media":7968,"template":"","meta":{"_seopress_robots_primary_cat":"none","_seopress_titles_title":"","_seopress_titles_desc":"","_seopress_robots_index":""},"product_brand":[],"product_cat":[15,102],"product_tag":[],"class_list":{"0":"post-7969","1":"product","2":"type-product","3":"status-publish","4":"has-post-thumbnail","6":"product_cat-all-products","7":"product_cat-sugars","9":"first","10":"instock","11":"taxable","12":"shipping-taxable","13":"purchasable","14":"product-type-simple"},"_links":{"self":[{"href":"https:\/\/candeebaar.ee\/et\/wp-json\/wp\/v2\/product\/7969","targetHints":{"allow":["GET"]}}],"collection":[{"href":"https:\/\/candeebaar.ee\/et\/wp-json\/wp\/v2\/product"}],"about":[{"href":"https:\/\/candeebaar.ee\/et\/wp-json\/wp\/v2\/types\/product"}],"version-history":[{"count":1,"href":"https:\/\/candeebaar.ee\/et\/wp-json\/wp\/v2\/product\/7969\/revisions"}],"predecessor-version":[{"id":7970,"href":"https:\/\/candeebaar.ee\/et\/wp-json\/wp\/v2\/product\/7969\/revisions\/7970"}],"wp:featuredmedia":[{"embeddable":true,"href":"https:\/\/candeebaar.ee\/et\/wp-json\/wp\/v2\/media\/7968"}],"wp:attachment":[{"href":"https:\/\/candeebaar.ee\/et\/wp-json\/wp\/v2\/media?parent=7969"}],"wp:term":[{"taxonomy":"product_brand","embeddable":true,"href":"https:\/\/candeebaar.ee\/et\/wp-json\/wp\/v2\/product_brand?post=7969"},{"taxonomy":"product_cat","embeddable":true,"href":"https:\/\/candeebaar.ee\/et\/wp-json\/wp\/v2\/product_cat?post=7969"},{"taxonomy":"product_tag","embeddable":true,"href":"https:\/\/candeebaar.ee\/et\/wp-json\/wp\/v2\/product_tag?post=7969"}],"curies":[{"name":"t\u00f6\u00f6leht","href":"https:\/\/api.w.org\/{rel}","templated":true}]}}