{"id":8004,"date":"2024-12-31T20:15:51","date_gmt":"2024-12-31T20:15:51","guid":{"rendered":"https:\/\/storetest.ivi.ee\/product\/sprinkles-azure-pearls-45g\/"},"modified":"2025-10-26T12:00:02","modified_gmt":"2025-10-26T10:00:02","slug":"puista-taevasinine-parlid-45g","status":"publish","type":"product","link":"https:\/\/candeebaar.ee\/et\/pood\/puista-taevasinine-parlid-45g\/","title":{"rendered":"Puistad \u201cAzure Pearls\u201d 45g"},"content":{"rendered":"<p>Puistad magustoitude kaunistamiseks. Pallid ~5mm l\u00e4bim\u00f5\u00f5duga, pehme riisip\u00f5hjaga.<br \/>\nKaal: 45 g<br \/>\nKoostisosad: suhkur, riisijahu, siirup, talk, kondiitriglasuur, sorbiinhape, v\u00e4rvained E133, E174.<br \/>\nSisu 100g kohta:<br \/>\nToitev\u00e4\u00e4rtus: 1502kJ\/359,2kcal<br \/>\nRasvad (k\u00fcllastunud): 1,3 g (0,39 g)<br \/>\nS\u00fcsivesikud (suhkrud): 88,2 g (77,3 g)<br \/>\nValgud: 1,4 g<\/p>\n<p>Ei sobi alla 3-aastastele lastele.<br \/>\nTootja: Ukraina<br \/>\nS\u00e4ilivusaeg: 30.10.2026<\/p>","protected":false},"excerpt":{"rendered":"<p>Puistad magustoitude kaunistamiseks. Pallid ~5mm l\u00e4bim\u00f5\u00f5duga, pehme riisip\u00f5hjaga. Mass: 45g Koostis: suhkur, riisijahu, siirup, talk, kondiitriglasuur, sorbiinhape, v\u00e4rvained E133, E174. Sisu 100g kohta: Toitev\u00e4\u00e4rtus: 1502kJ\/359,2kcal Rasvad (k\u00fcllastunud): 1,3g (0,39g) S\u00fcsivesikud (suhkrud): 88,2g (77,3g) Valgud: 1,4g Ei sobi alla 3-aastastele lastele. Tootja: Ukraina [\u2026]<\/p>","protected":false},"featured_media":7981,"template":"","meta":{"_seopress_robots_primary_cat":"none","_seopress_titles_title":"","_seopress_titles_desc":"","_seopress_robots_index":""},"product_brand":[],"product_cat":[15,104],"product_tag":[],"class_list":{"0":"post-8004","1":"product","2":"type-product","3":"status-publish","4":"has-post-thumbnail","6":"product_cat-all-products","7":"product_cat-sprinkles","9":"first","10":"instock","11":"taxable","12":"shipping-taxable","13":"purchasable","14":"product-type-simple"},"_links":{"self":[{"href":"https:\/\/candeebaar.ee\/et\/wp-json\/wp\/v2\/product\/8004","targetHints":{"allow":["GET"]}}],"collection":[{"href":"https:\/\/candeebaar.ee\/et\/wp-json\/wp\/v2\/product"}],"about":[{"href":"https:\/\/candeebaar.ee\/et\/wp-json\/wp\/v2\/types\/product"}],"version-history":[{"count":1,"href":"https:\/\/candeebaar.ee\/et\/wp-json\/wp\/v2\/product\/8004\/revisions"}],"predecessor-version":[{"id":8005,"href":"https:\/\/candeebaar.ee\/et\/wp-json\/wp\/v2\/product\/8004\/revisions\/8005"}],"wp:featuredmedia":[{"embeddable":true,"href":"https:\/\/candeebaar.ee\/et\/wp-json\/wp\/v2\/media\/7981"}],"wp:attachment":[{"href":"https:\/\/candeebaar.ee\/et\/wp-json\/wp\/v2\/media?parent=8004"}],"wp:term":[{"taxonomy":"product_brand","embeddable":true,"href":"https:\/\/candeebaar.ee\/et\/wp-json\/wp\/v2\/product_brand?post=8004"},{"taxonomy":"product_cat","embeddable":true,"href":"https:\/\/candeebaar.ee\/et\/wp-json\/wp\/v2\/product_cat?post=8004"},{"taxonomy":"product_tag","embeddable":true,"href":"https:\/\/candeebaar.ee\/et\/wp-json\/wp\/v2\/product_tag?post=8004"}],"curies":[{"name":"t\u00f6\u00f6leht","href":"https:\/\/api.w.org\/{rel}","templated":true}]}}