{"id":8006,"date":"2025-12-31T20:15:51","date_gmt":"2025-12-31T18:15:51","guid":{"rendered":"https:\/\/storetest.ivi.ee\/product\/sprinkles-red-hearts-45g\/"},"modified":"2026-04-02T18:57:42","modified_gmt":"2026-04-02T16:57:42","slug":"puistad-punased-sudamed-45g","status":"publish","type":"product","link":"https:\/\/candeebaar.ee\/et\/pood\/puistad-punased-sudamed-45g\/","title":{"rendered":"Puistad \u201cPunased s\u00fcdamed\u201d 45g"},"content":{"rendered":"<p>Puistad magustoitude kaunistamiseks.<br \/>\nS\u00fcdame l\u00e4bim\u00f5\u00f5t: 6 mm<br \/>\nKaal: 45 g<br \/>\nKoostisosad:<br \/>\nValge suhkur, riisijahu, rafineeritud deodoreeritud palmi\u00f5li, maisit\u00e4rklis, melass, paksendaja: karboks\u00fcmet\u00fc\u00fcltselluloos (CMC) (E466), glasuuriained: kummiaraabik (E414), talk (E553b), l\u00f5hna- ja maitseained: vanill, toiduv\u00e4rv: Ponceau 4R (E124).<br \/>\nSisu 100g kohta:<br \/>\nToitev\u00e4\u00e4rtus: 1544 kJ\/369 kcal<br \/>\nRasvad (k\u00fcllastunud): 3,8 g (1,6 g)<br \/>\nS\u00fcsivesikud: 82 g<br \/>\nValgud: 1,7 g<br \/>\nEi sobi alla 3-aastastele lastele.<br \/>\nTootja: Saksamaa<\/p>","protected":false},"excerpt":{"rendered":"<p>Magustoitude kaunistamiseks m\u00f5eldud puisted. S\u00fcdame suurus: 6mm Kaal: 45g Koostisosad: valge suhkur, riisijahu, rafineeritud deodoreeritud palmi\u00f5li, maisit\u00e4rklis, melass, paksendaja: karboks\u00fcmet\u00fc\u00fcltselluloos (CMC) (E466), glasuuriained: kummiaraabik (E414), talk (E553b), l\u00f5hna- ja maitseained: vanill, toiduv\u00e4rv: Ponceau 4R (E124). 100g kohta: Toitev\u00e4\u00e4rtus: 1544kJ\/369kcal Rasvad (k\u00fcllastunud): 3,8g (1,6g) S\u00fcsivesikud: 82g Valgud: 1,7g Ei sobi [\u2026]<\/p>","protected":false},"featured_media":15330,"template":"","meta":{"_seopress_robots_primary_cat":"none","_seopress_titles_title":"","_seopress_titles_desc":"","_seopress_robots_index":""},"product_brand":[],"product_cat":[183,15,104],"product_tag":[],"class_list":{"0":"post-8006","1":"product","2":"type-product","3":"status-publish","4":"has-post-thumbnail","6":"product_cat-valentines-day","7":"product_cat-all-products","8":"product_cat-sprinkles","10":"first","11":"instock","12":"taxable","13":"shipping-taxable","14":"purchasable","15":"product-type-simple"},"_links":{"self":[{"href":"https:\/\/candeebaar.ee\/et\/wp-json\/wp\/v2\/product\/8006","targetHints":{"allow":["GET"]}}],"collection":[{"href":"https:\/\/candeebaar.ee\/et\/wp-json\/wp\/v2\/product"}],"about":[{"href":"https:\/\/candeebaar.ee\/et\/wp-json\/wp\/v2\/types\/product"}],"version-history":[{"count":3,"href":"https:\/\/candeebaar.ee\/et\/wp-json\/wp\/v2\/product\/8006\/revisions"}],"predecessor-version":[{"id":15331,"href":"https:\/\/candeebaar.ee\/et\/wp-json\/wp\/v2\/product\/8006\/revisions\/15331"}],"wp:featuredmedia":[{"embeddable":true,"href":"https:\/\/candeebaar.ee\/et\/wp-json\/wp\/v2\/media\/15330"}],"wp:attachment":[{"href":"https:\/\/candeebaar.ee\/et\/wp-json\/wp\/v2\/media?parent=8006"}],"wp:term":[{"taxonomy":"product_brand","embeddable":true,"href":"https:\/\/candeebaar.ee\/et\/wp-json\/wp\/v2\/product_brand?post=8006"},{"taxonomy":"product_cat","embeddable":true,"href":"https:\/\/candeebaar.ee\/et\/wp-json\/wp\/v2\/product_cat?post=8006"},{"taxonomy":"product_tag","embeddable":true,"href":"https:\/\/candeebaar.ee\/et\/wp-json\/wp\/v2\/product_tag?post=8006"}],"curies":[{"name":"t\u00f6\u00f6leht","href":"https:\/\/api.w.org\/{rel}","templated":true}]}}