{"id":8008,"date":"2024-12-31T20:15:51","date_gmt":"2024-12-31T20:15:51","guid":{"rendered":"https:\/\/storetest.ivi.ee\/product\/sprinkles-red-white-hearts-45g\/"},"modified":"2026-01-04T16:02:21","modified_gmt":"2026-01-04T14:02:21","slug":"puistad-punased-valged-sudamed-45g","status":"publish","type":"product","link":"https:\/\/candeebaar.ee\/et\/pood\/puistad-punased-valged-sudamed-45g\/","title":{"rendered":"Sprinkles \u201cRed &amp; White Hearts\u201d 45g"},"content":{"rendered":"<p>Puistad magustoitude kaunistamiseks.<br \/>\nS\u00fcdame l\u00e4bim\u00f5\u00f5t: 6 mm<br \/>\nKaal: 45 g<br \/>\nKoostis: suhkur, toiduv\u00e4rvid, <strong>nisujahu<\/strong>, siirup, emulgaator E476, katteglasuur, sorbiinhape, v\u00e4rvained E122, E124<br \/>\nSisu 100g kohta:<br \/>\nToitev\u00e4\u00e4rtus: 1465kJ\/350kcal<br \/>\nRasvad: 2 g<br \/>\nS\u00fcsivesikud: 82 g<br \/>\nValgud: 0 g<br \/>\nEi sobi alla 3-aastastele lastele.<br \/>\nTootja: Ukraina<\/p>","protected":false},"excerpt":{"rendered":"<p>Puistad magustoitude kaunistamiseks. S\u00fcdame suurus: 6mm Mass: 45g Koostis: suhkur, toiduv\u00e4rvid, nisujahu, siirup, emulgaator E476, katteglasuur, sorbiinhape, v\u00e4rvained E122, E124 Sisaldus 100g kohta: Toitev\u00e4\u00e4rtus: 1465kJ\/350kcal Rasvad:2g Carboh\u00fcdraadid:2g Carbohydrate 0g Ei sobi lastele alla 3-aastased. Tootja: Ukraina<\/p>","protected":false},"featured_media":7988,"template":"","meta":{"_seopress_robots_primary_cat":"none","_seopress_titles_title":"","_seopress_titles_desc":"","_seopress_robots_index":""},"product_brand":[],"product_cat":[183,15,104],"product_tag":[],"class_list":{"0":"post-8008","1":"product","2":"type-product","3":"status-publish","4":"has-post-thumbnail","6":"product_cat-valentines-day","7":"product_cat-all-products","8":"product_cat-sprinkles","10":"first","11":"outofstock","12":"taxable","13":"shipping-taxable","14":"purchasable","15":"product-type-simple"},"_links":{"self":[{"href":"https:\/\/candeebaar.ee\/et\/wp-json\/wp\/v2\/product\/8008","targetHints":{"allow":["GET"]}}],"collection":[{"href":"https:\/\/candeebaar.ee\/et\/wp-json\/wp\/v2\/product"}],"about":[{"href":"https:\/\/candeebaar.ee\/et\/wp-json\/wp\/v2\/types\/product"}],"version-history":[{"count":1,"href":"https:\/\/candeebaar.ee\/et\/wp-json\/wp\/v2\/product\/8008\/revisions"}],"predecessor-version":[{"id":8009,"href":"https:\/\/candeebaar.ee\/et\/wp-json\/wp\/v2\/product\/8008\/revisions\/8009"}],"wp:featuredmedia":[{"embeddable":true,"href":"https:\/\/candeebaar.ee\/et\/wp-json\/wp\/v2\/media\/7988"}],"wp:attachment":[{"href":"https:\/\/candeebaar.ee\/et\/wp-json\/wp\/v2\/media?parent=8008"}],"wp:term":[{"taxonomy":"product_brand","embeddable":true,"href":"https:\/\/candeebaar.ee\/et\/wp-json\/wp\/v2\/product_brand?post=8008"},{"taxonomy":"product_cat","embeddable":true,"href":"https:\/\/candeebaar.ee\/et\/wp-json\/wp\/v2\/product_cat?post=8008"},{"taxonomy":"product_tag","embeddable":true,"href":"https:\/\/candeebaar.ee\/et\/wp-json\/wp\/v2\/product_tag?post=8008"}],"curies":[{"name":"t\u00f6\u00f6leht","href":"https:\/\/api.w.org\/{rel}","templated":true}]}}