{"id":8010,"date":"2024-12-31T20:15:51","date_gmt":"2024-12-31T20:15:51","guid":{"rendered":"https:\/\/storetest.ivi.ee\/product\/topping-golden-balls-xl-45g\/"},"modified":"2026-03-30T15:42:40","modified_gmt":"2026-03-30T13:42:40","slug":"kate-kuldsed-pallid-xl-45g","status":"publish","type":"product","link":"https:\/\/candeebaar.ee\/et\/pood\/kate-kuldsed-pallid-xl-45g\/","title":{"rendered":"Kattekate \u201cGolden Balls XL\u201d 45g"},"content":{"rendered":"<p>Puistad magustoitude kaunistamiseks. Pallid on v\u00e4ga suured ~17mm l\u00e4bim\u00f5\u00f5duga, pehme riisip\u00f5hja ja \u0161okolaadiga.<br \/>\nKaal: 45 g<br \/>\nKoostisosad: suhkur, riisit\u00e4rklis, jahu (<strong>nisu, t\u00e4istera, linnased nisu<\/strong>), nisugluteen, kakaov\u00f5i, kakaomass, v\u00e4rvained (E160c, E160d, E174), looduslik vanilje maitseaine, E903, E904, paksendaja E414, emulgaator E473, veise \u017eelatiin, kergitusaine E500, sool.<br \/>\nSisu 100g kohta:<br \/>\nToitev\u00e4\u00e4rtus: 1982kJ\/472kcal<br \/>\nRasvad (k\u00fcllastunud): 17,2 g (10,5 g)<br \/>\nS\u00fcsivesikud (suhkrud): 73,7 g (65,1 g)<br \/>\nValgud: 4,4 g<br \/>\nSool: 0,1 g<\/p>\n<p>Ei sobi alla 3-aastastele lastele.<br \/>\nTootja: Saksamaa<br \/>\nS\u00e4ilivusaeg: oktoober 2027<\/p>","protected":false},"excerpt":{"rendered":"<p>Puistad magustoitude kaunistamiseks. Pallid on v\u00e4ga suured ~17mm l\u00e4bim\u00f5\u00f5duga, pehme riisip\u00f5hja ja \u0161okolaadiga. Mass: 45g Koostis: suhkur, riisit\u00e4rklis, jahu (nisu, t\u00e4istera, nisulinnased), nisugluteen, kakaov\u00f5i, kakaomass, v\u00e4rvained (E160c, E160d, E174), looduslik vanilje l\u00f5hna- ja maitseaine, E903, E904, paksendaja E414, emulgaator E473, veiseliha \u017eelatiin, kergitusaine [\u2026]<\/p>","protected":false},"featured_media":7985,"template":"","meta":{"_seopress_robots_primary_cat":"none","_seopress_titles_title":"","_seopress_titles_desc":"","_seopress_robots_index":""},"product_brand":[],"product_cat":[182,181,180,15,104,106],"product_tag":[],"class_list":{"0":"post-8010","1":"product","2":"type-product","3":"status-publish","4":"has-post-thumbnail","6":"product_cat-christmas","7":"product_cat-christmas-new-year","8":"product_cat-wedding-products","9":"product_cat-all-products","10":"product_cat-sprinkles","11":"product_cat-new","13":"first","14":"instock","15":"taxable","16":"shipping-taxable","17":"purchasable","18":"product-type-simple"},"_links":{"self":[{"href":"https:\/\/candeebaar.ee\/et\/wp-json\/wp\/v2\/product\/8010","targetHints":{"allow":["GET"]}}],"collection":[{"href":"https:\/\/candeebaar.ee\/et\/wp-json\/wp\/v2\/product"}],"about":[{"href":"https:\/\/candeebaar.ee\/et\/wp-json\/wp\/v2\/types\/product"}],"version-history":[{"count":3,"href":"https:\/\/candeebaar.ee\/et\/wp-json\/wp\/v2\/product\/8010\/revisions"}],"predecessor-version":[{"id":14182,"href":"https:\/\/candeebaar.ee\/et\/wp-json\/wp\/v2\/product\/8010\/revisions\/14182"}],"wp:featuredmedia":[{"embeddable":true,"href":"https:\/\/candeebaar.ee\/et\/wp-json\/wp\/v2\/media\/7985"}],"wp:attachment":[{"href":"https:\/\/candeebaar.ee\/et\/wp-json\/wp\/v2\/media?parent=8010"}],"wp:term":[{"taxonomy":"product_brand","embeddable":true,"href":"https:\/\/candeebaar.ee\/et\/wp-json\/wp\/v2\/product_brand?post=8010"},{"taxonomy":"product_cat","embeddable":true,"href":"https:\/\/candeebaar.ee\/et\/wp-json\/wp\/v2\/product_cat?post=8010"},{"taxonomy":"product_tag","embeddable":true,"href":"https:\/\/candeebaar.ee\/et\/wp-json\/wp\/v2\/product_tag?post=8010"}],"curies":[{"name":"t\u00f6\u00f6leht","href":"https:\/\/api.w.org\/{rel}","templated":true}]}}