{"id":8017,"date":"2024-12-31T20:15:51","date_gmt":"2024-12-31T20:15:51","guid":{"rendered":"https:\/\/storetest.ivi.ee\/product\/teddy-dream-sprinkles-45g\/"},"modified":"2026-04-06T18:13:22","modified_gmt":"2026-04-06T16:13:22","slug":"teddy-dream-puistad-45g","status":"publish","type":"product","link":"https:\/\/candeebaar.ee\/et\/pood\/teddy-dream-puistad-45g\/","title":{"rendered":"Teddy Dream Sprinkles 45g"},"content":{"rendered":"<p>Puistad magustoitude kaunistamiseks.<br \/>\nKaal: 45 g<br \/>\nKoostisosad: suhkur, <strong>nisujahu<\/strong>, siirup, rafineeritud palmi\u00f5li, modifitseeritud t\u00e4rklis, paksendajad (E412, E415, E466, E414), talk, kondiitriglasuur, v\u00e4rvained E102, E122, E133, E170, E174.<br \/>\nToitev\u00e4\u00e4rtus 100 g kohta:<br \/>\nToitev\u00e4\u00e4rtus: 1502kJ\/359,2kcal<br \/>\nRasvad (k\u00fcllastunud): 1,3 g (0,39 g)<br \/>\nS\u00fcsivesikud (suhkrud): 88,2 g (77,3 g)<br \/>\nValgud: 1,4 g<br \/>\nHoida suletud pakendis, pimedas jahedas kohas.<\/p>\n<p>Ei sobi alla 3-aastastele lastele.<br \/>\nTootja: Ukraina<br \/>\nS\u00e4ilivusaeg: 30.09.2026<\/p>","protected":false},"excerpt":{"rendered":"<p>Puistad magustoitude kaunistamiseks. Mass: 45g Koostis: suhkur, nisujahu, siirup, rafineeritud palmi\u00f5li, modifitseeritud t\u00e4rklis, paksendajad (E412, E415, E466, E414), talk, kondiitriglasuur, v\u00e4rvained E102, E122, E133, E170, E174. Toitev\u00e4\u00e4rtus 100 g kohta: Toitev\u00e4\u00e4rtus: 1502 kJ\/359,2 kcal Rasvad (k\u00fcllastunud): 1,3 g (0,39 g) S\u00fcsivesikud (suhkrud): 88,2 g (77,3 g) Valgud: 1,4 g Hoida suletud pakendis, pimedas [\u2026]<\/p>","protected":false},"featured_media":7998,"template":"","meta":{"_seopress_robots_primary_cat":"none","_seopress_titles_title":"","_seopress_titles_desc":"","_seopress_robots_index":""},"product_brand":[],"product_cat":[15,104],"product_tag":[],"class_list":{"0":"post-8017","1":"product","2":"type-product","3":"status-publish","4":"has-post-thumbnail","6":"product_cat-all-products","7":"product_cat-sprinkles","9":"first","10":"instock","11":"taxable","12":"shipping-taxable","13":"purchasable","14":"product-type-simple"},"_links":{"self":[{"href":"https:\/\/candeebaar.ee\/et\/wp-json\/wp\/v2\/product\/8017","targetHints":{"allow":["GET"]}}],"collection":[{"href":"https:\/\/candeebaar.ee\/et\/wp-json\/wp\/v2\/product"}],"about":[{"href":"https:\/\/candeebaar.ee\/et\/wp-json\/wp\/v2\/types\/product"}],"version-history":[{"count":1,"href":"https:\/\/candeebaar.ee\/et\/wp-json\/wp\/v2\/product\/8017\/revisions"}],"predecessor-version":[{"id":8018,"href":"https:\/\/candeebaar.ee\/et\/wp-json\/wp\/v2\/product\/8017\/revisions\/8018"}],"wp:featuredmedia":[{"embeddable":true,"href":"https:\/\/candeebaar.ee\/et\/wp-json\/wp\/v2\/media\/7998"}],"wp:attachment":[{"href":"https:\/\/candeebaar.ee\/et\/wp-json\/wp\/v2\/media?parent=8017"}],"wp:term":[{"taxonomy":"product_brand","embeddable":true,"href":"https:\/\/candeebaar.ee\/et\/wp-json\/wp\/v2\/product_brand?post=8017"},{"taxonomy":"product_cat","embeddable":true,"href":"https:\/\/candeebaar.ee\/et\/wp-json\/wp\/v2\/product_cat?post=8017"},{"taxonomy":"product_tag","embeddable":true,"href":"https:\/\/candeebaar.ee\/et\/wp-json\/wp\/v2\/product_tag?post=8017"}],"curies":[{"name":"t\u00f6\u00f6leht","href":"https:\/\/api.w.org\/{rel}","templated":true}]}}