{"id":8019,"date":"2024-12-31T20:15:51","date_gmt":"2024-12-31T20:15:51","guid":{"rendered":"https:\/\/storetest.ivi.ee\/product\/sprinkles-soap-bubbles-45g\/"},"modified":"2026-03-12T09:50:21","modified_gmt":"2026-03-12T07:50:21","slug":"puista-seebimulle-45g","status":"publish","type":"product","link":"https:\/\/candeebaar.ee\/et\/pood\/puista-seebimulle-45g\/","title":{"rendered":"Sprinkles \u201cSeebimullid\u201d 45g"},"content":{"rendered":"<p>Puistad magustoitude kaunistamiseks.<br \/>\nKaal: 45 g<br \/>\nKoostisosad: suhkur, <strong>nisujahu<\/strong>, siirup, rafineeritud palmi\u00f5li, modifitseeritud t\u00e4rklis, paksendajad (E412, E415, E466, E414), talk, kondiitriglasuur, v\u00e4rvained E102, E132, E133, E170, E174.<br \/>\nSisu 100g kohta:<br \/>\nToitev\u00e4\u00e4rtus: 406 kcal<br \/>\nRasvad (k\u00fcllastunud): 5,5 g<br \/>\nS\u00fcsivesikud (suhkrud): 92g (77,3g)<br \/>\nValgud: 2 g<br \/>\nHoida suletud pakendis, pimedas jahedas kohas.<\/p>\n<p>Ei sobi alla 3-aastastele lastele.<br \/>\nTootja: Ukraina<\/p>","protected":false},"excerpt":{"rendered":"<p>Puistad magustoitude kaunistamiseks. Mass: 45g Koostis: suhkur, nisujahu, siirup, rafineeritud palmi\u00f5li, modifitseeritud t\u00e4rklis, paksendajad (E412, E415, E466, E414), talk, kondiitriglasuur, v\u00e4rvained E102, E132, E133, E170, E174. Sisaldus 100 g kohta: Toitev\u00e4\u00e4rtus: 406 kcal Rasvad (k\u00fcllastunud): 5,5 g S\u00fcsivesikud (suhkrud): 92 g (77,3 g) Valgud: 2 g S\u00e4ilitada suletud pakendis, pimedas jahedas [\u2026]<\/p>","protected":false},"featured_media":7996,"template":"","meta":{"_seopress_robots_primary_cat":"none","_seopress_titles_title":"","_seopress_titles_desc":"","_seopress_robots_index":""},"product_brand":[],"product_cat":[15,104,109],"product_tag":[175],"class_list":{"0":"post-8019","1":"product","2":"type-product","3":"status-publish","4":"has-post-thumbnail","6":"product_cat-all-products","7":"product_cat-sprinkles","8":"product_cat-sale","9":"product_tag-easter","11":"first","12":"outofstock","13":"sale","14":"taxable","15":"shipping-taxable","16":"purchasable","17":"product-type-simple"},"_links":{"self":[{"href":"https:\/\/candeebaar.ee\/et\/wp-json\/wp\/v2\/product\/8019","targetHints":{"allow":["GET"]}}],"collection":[{"href":"https:\/\/candeebaar.ee\/et\/wp-json\/wp\/v2\/product"}],"about":[{"href":"https:\/\/candeebaar.ee\/et\/wp-json\/wp\/v2\/types\/product"}],"version-history":[{"count":2,"href":"https:\/\/candeebaar.ee\/et\/wp-json\/wp\/v2\/product\/8019\/revisions"}],"predecessor-version":[{"id":15428,"href":"https:\/\/candeebaar.ee\/et\/wp-json\/wp\/v2\/product\/8019\/revisions\/15428"}],"wp:featuredmedia":[{"embeddable":true,"href":"https:\/\/candeebaar.ee\/et\/wp-json\/wp\/v2\/media\/7996"}],"wp:attachment":[{"href":"https:\/\/candeebaar.ee\/et\/wp-json\/wp\/v2\/media?parent=8019"}],"wp:term":[{"taxonomy":"product_brand","embeddable":true,"href":"https:\/\/candeebaar.ee\/et\/wp-json\/wp\/v2\/product_brand?post=8019"},{"taxonomy":"product_cat","embeddable":true,"href":"https:\/\/candeebaar.ee\/et\/wp-json\/wp\/v2\/product_cat?post=8019"},{"taxonomy":"product_tag","embeddable":true,"href":"https:\/\/candeebaar.ee\/et\/wp-json\/wp\/v2\/product_tag?post=8019"}],"curies":[{"name":"t\u00f6\u00f6leht","href":"https:\/\/api.w.org\/{rel}","templated":true}]}}