{"id":8025,"date":"2024-12-31T20:15:51","date_gmt":"2024-12-31T20:15:51","guid":{"rendered":"https:\/\/storetest.ivi.ee\/product\/sprinkles-happy-love-45g\/"},"modified":"2026-04-02T13:21:36","modified_gmt":"2026-04-02T11:21:36","slug":"puistad-onnelik-armastus-45g","status":"publish","type":"product","link":"https:\/\/candeebaar.ee\/et\/pood\/puistad-onnelik-armastus-45g\/","title":{"rendered":"Sprinkles \u201cHappy Love\u201d 45g"},"content":{"rendered":"<p>Puistad magustoitude kaunistamiseks.<br \/>\nKaal: 45 g<br \/>\nKoostisosad: suhkur, <strong>nisujahu<\/strong>, siirup, emulgaator E476, kondiitriglasuur, v\u00e4rvained E102, E110, E122, E124, E170, E133.<br \/>\nToitev\u00e4\u00e4rtus 100 g kohta:<br \/>\nEnergeetiline v\u00e4\u00e4rtus: 1465kJ\/350kcal<br \/>\nRasvad (k\u00fcllastunud): 2 g<br \/>\nS\u00fcsivesikud: 83 g<br \/>\nValgud: 0 g<br \/>\nHoida suletud pakendis, pimedas jahedas kohas.<br \/>\nPulgad on k\u00f5va jahup\u00f5hjaga ja ei sobi tarbimiseks.<\/p>\n<p>Ei sobi alla 3-aastastele lastele.<br \/>\nTootja: Ukraina<\/p>","protected":false},"excerpt":{"rendered":"<p>Puistad magustoitude kaunistamiseks. Mass: 45g Koostis: suhkur, nisujahu, siirup, emulgaator E476, kondiitriglasuur, v\u00e4rvained E102, E110, E122, E124, E170, E133. Toitev\u00e4\u00e4rtus 100g kohta: Energiasisaldus: 1465kJ\/350kcal Rasvad (k\u00fcllastunud): 2g S\u00fcsivesikud: 83g Valgud: 0g S\u00e4ilitada suletud pakendis, pimedas jahedas kohas. Pulgad on k\u00f5va jahup\u00f5hjaga ja [\u2026]<\/p>","protected":false},"featured_media":7986,"template":"","meta":{"_seopress_robots_primary_cat":"none","_seopress_titles_title":"","_seopress_titles_desc":"","_seopress_robots_index":""},"product_brand":[],"product_cat":[183,15,104,109],"product_tag":[175],"class_list":{"0":"post-8025","1":"product","2":"type-product","3":"status-publish","4":"has-post-thumbnail","6":"product_cat-valentines-day","7":"product_cat-all-products","8":"product_cat-sprinkles","9":"product_cat-sale","10":"product_tag-easter","12":"first","13":"outofstock","14":"sale","15":"taxable","16":"shipping-taxable","17":"purchasable","18":"product-type-simple"},"_links":{"self":[{"href":"https:\/\/candeebaar.ee\/et\/wp-json\/wp\/v2\/product\/8025","targetHints":{"allow":["GET"]}}],"collection":[{"href":"https:\/\/candeebaar.ee\/et\/wp-json\/wp\/v2\/product"}],"about":[{"href":"https:\/\/candeebaar.ee\/et\/wp-json\/wp\/v2\/types\/product"}],"version-history":[{"count":2,"href":"https:\/\/candeebaar.ee\/et\/wp-json\/wp\/v2\/product\/8025\/revisions"}],"predecessor-version":[{"id":15429,"href":"https:\/\/candeebaar.ee\/et\/wp-json\/wp\/v2\/product\/8025\/revisions\/15429"}],"wp:featuredmedia":[{"embeddable":true,"href":"https:\/\/candeebaar.ee\/et\/wp-json\/wp\/v2\/media\/7986"}],"wp:attachment":[{"href":"https:\/\/candeebaar.ee\/et\/wp-json\/wp\/v2\/media?parent=8025"}],"wp:term":[{"taxonomy":"product_brand","embeddable":true,"href":"https:\/\/candeebaar.ee\/et\/wp-json\/wp\/v2\/product_brand?post=8025"},{"taxonomy":"product_cat","embeddable":true,"href":"https:\/\/candeebaar.ee\/et\/wp-json\/wp\/v2\/product_cat?post=8025"},{"taxonomy":"product_tag","embeddable":true,"href":"https:\/\/candeebaar.ee\/et\/wp-json\/wp\/v2\/product_tag?post=8025"}],"curies":[{"name":"t\u00f6\u00f6leht","href":"https:\/\/api.w.org\/{rel}","templated":true}]}}