{"id":8027,"date":"2024-12-31T20:15:51","date_gmt":"2024-12-31T20:15:51","guid":{"rendered":"https:\/\/storetest.ivi.ee\/product\/sprinkles-mediterranean-sea-45g\/"},"modified":"2026-03-28T15:46:08","modified_gmt":"2026-03-28T13:46:08","slug":"puistad-vahemeri-45g","status":"publish","type":"product","link":"https:\/\/candeebaar.ee\/et\/pood\/puistad-vahemeri-45g\/","title":{"rendered":"Puistad \u201cVahemeri\u201d 45g"},"content":{"rendered":"<p>Puistad magustoitude kaunistamiseks.<br \/>\nKaal: 45 g<br \/>\nKoostisosad: suhkur, <strong>nisujahu<\/strong>, siirup, emulgaator E476, katteglasuur, v\u00e4rvained E170, E133.<br \/>\nSisu 100g kohta:<br \/>\nToitev\u00e4\u00e4rtus: 1465kJ\/350kcal<br \/>\nRasvad (k\u00fcllastunud): 2 g<br \/>\nS\u00fcsivesikud: 83 g<br \/>\nValgud: 0 g<br \/>\nHoida suletud pakendis, pimedas jahedas kohas.<br \/>\nPulgad on k\u00f5va jahup\u00f5hjaga ja ei sobi tarbimiseks.<\/p>\n<p>Ei sobi alla 3-aastastele lastele.<br \/>\nTootja: Ukraina<br \/>\nS\u00e4ilivusaeg: 03.06.2026<\/p>","protected":false},"excerpt":{"rendered":"<p>Puistad magustoitude kaunistamiseks. Mass: 45g Koostis: suhkur, nisujahu, siirup, emulgaator E476, katteglasuur, v\u00e4rvained E170, E133. Sisu 100g kohta: Toitev\u00e4\u00e4rtus: 1465kJ\/350kcal Rasvad (k\u00fcllastunud): 2g S\u00fcsivesikud: 83g Valgud: 0g S\u00e4ilitada suletud pakendis, pimedas jahedas kohas. Pulgad on k\u00f5va jahup\u00f5hjaga ja ei sobi tarbimiseks. Mitte [\u2026]<\/p>","protected":false},"featured_media":7991,"template":"","meta":{"_seopress_robots_primary_cat":"none","_seopress_titles_title":"","_seopress_titles_desc":"","_seopress_robots_index":""},"product_brand":[],"product_cat":[15,104],"product_tag":[175],"class_list":{"0":"post-8027","1":"product","2":"type-product","3":"status-publish","4":"has-post-thumbnail","6":"product_cat-all-products","7":"product_cat-sprinkles","8":"product_tag-easter","10":"first","11":"instock","12":"taxable","13":"shipping-taxable","14":"purchasable","15":"product-type-simple"},"_links":{"self":[{"href":"https:\/\/candeebaar.ee\/et\/wp-json\/wp\/v2\/product\/8027","targetHints":{"allow":["GET"]}}],"collection":[{"href":"https:\/\/candeebaar.ee\/et\/wp-json\/wp\/v2\/product"}],"about":[{"href":"https:\/\/candeebaar.ee\/et\/wp-json\/wp\/v2\/types\/product"}],"version-history":[{"count":1,"href":"https:\/\/candeebaar.ee\/et\/wp-json\/wp\/v2\/product\/8027\/revisions"}],"predecessor-version":[{"id":8028,"href":"https:\/\/candeebaar.ee\/et\/wp-json\/wp\/v2\/product\/8027\/revisions\/8028"}],"wp:featuredmedia":[{"embeddable":true,"href":"https:\/\/candeebaar.ee\/et\/wp-json\/wp\/v2\/media\/7991"}],"wp:attachment":[{"href":"https:\/\/candeebaar.ee\/et\/wp-json\/wp\/v2\/media?parent=8027"}],"wp:term":[{"taxonomy":"product_brand","embeddable":true,"href":"https:\/\/candeebaar.ee\/et\/wp-json\/wp\/v2\/product_brand?post=8027"},{"taxonomy":"product_cat","embeddable":true,"href":"https:\/\/candeebaar.ee\/et\/wp-json\/wp\/v2\/product_cat?post=8027"},{"taxonomy":"product_tag","embeddable":true,"href":"https:\/\/candeebaar.ee\/et\/wp-json\/wp\/v2\/product_tag?post=8027"}],"curies":[{"name":"t\u00f6\u00f6leht","href":"https:\/\/api.w.org\/{rel}","templated":true}]}}