{"id":8029,"date":"2024-12-31T20:15:51","date_gmt":"2024-12-31T20:15:51","guid":{"rendered":"https:\/\/storetest.ivi.ee\/product\/sprinkles-romantic-night-45g\/"},"modified":"2025-04-11T20:52:24","modified_gmt":"2025-04-11T18:52:24","slug":"puistad-romantiline-oo-45g","status":"publish","type":"product","link":"https:\/\/candeebaar.ee\/et\/pood\/puistad-romantiline-oo-45g\/","title":{"rendered":"Sprinkles \u201cRomantic Night\u201d 45g"},"content":{"rendered":"<p>Puistad magustoitude kaunistamiseks.<br \/>\nKaal: 45 g<br \/>\nKoostisosad: suhkur, <strong>nisujahu<\/strong>, siirup, emulgaator E476, katteglasuur, v\u00e4rvained E122, E124, E170, E174.<br \/>\nSisu 100g kohta:<br \/>\nToitev\u00e4\u00e4rtus: 1465kJ\/350kcal<br \/>\nRasvad (k\u00fcllastunud): 2 g<br \/>\nS\u00fcsivesikud: 83 g<br \/>\nValgud: 0 g<br \/>\nHoida suletud pakendis, pimedas jahedas kohas.<\/p>\n<p>Ei sobi alla 3-aastastele lastele.<br \/>\nTootja: Ukraina<br \/>\nS\u00e4ilivusaeg: 29.01.2026<\/p>","protected":false},"excerpt":{"rendered":"<p>Puistad magustoitude kaunistamiseks. Mass: 45g Koostis: suhkur, nisujahu, siirup, emulgaator E476, katteglasuur, v\u00e4rvained E122, E124, E170, E174. Sisu 100g kohta: Toitev\u00e4\u00e4rtus: 1465kJ\/350kcal Rasvad (k\u00fcllastunud): 2g S\u00fcsivesikud: 83g Valgud: 0g S\u00e4ilitada suletud pakendis, pimedas jahedas kohas. Ei sobi alla 3-aastastele lastele. Tootja: Ukraina S\u00e4ilivusaeg: [\u2026]<\/p>","protected":false},"featured_media":7993,"template":"","meta":{"_seopress_robots_primary_cat":"","_seopress_titles_title":"","_seopress_titles_desc":"","_seopress_robots_index":""},"product_brand":[],"product_cat":[15,104],"product_tag":[],"class_list":{"0":"post-8029","1":"product","2":"type-product","3":"status-publish","4":"has-post-thumbnail","6":"product_cat-all-products","7":"product_cat-sprinkles","9":"first","10":"outofstock","11":"taxable","12":"shipping-taxable","13":"purchasable","14":"product-type-simple"},"_links":{"self":[{"href":"https:\/\/candeebaar.ee\/et\/wp-json\/wp\/v2\/product\/8029","targetHints":{"allow":["GET"]}}],"collection":[{"href":"https:\/\/candeebaar.ee\/et\/wp-json\/wp\/v2\/product"}],"about":[{"href":"https:\/\/candeebaar.ee\/et\/wp-json\/wp\/v2\/types\/product"}],"version-history":[{"count":1,"href":"https:\/\/candeebaar.ee\/et\/wp-json\/wp\/v2\/product\/8029\/revisions"}],"predecessor-version":[{"id":8030,"href":"https:\/\/candeebaar.ee\/et\/wp-json\/wp\/v2\/product\/8029\/revisions\/8030"}],"wp:featuredmedia":[{"embeddable":true,"href":"https:\/\/candeebaar.ee\/et\/wp-json\/wp\/v2\/media\/7993"}],"wp:attachment":[{"href":"https:\/\/candeebaar.ee\/et\/wp-json\/wp\/v2\/media?parent=8029"}],"wp:term":[{"taxonomy":"product_brand","embeddable":true,"href":"https:\/\/candeebaar.ee\/et\/wp-json\/wp\/v2\/product_brand?post=8029"},{"taxonomy":"product_cat","embeddable":true,"href":"https:\/\/candeebaar.ee\/et\/wp-json\/wp\/v2\/product_cat?post=8029"},{"taxonomy":"product_tag","embeddable":true,"href":"https:\/\/candeebaar.ee\/et\/wp-json\/wp\/v2\/product_tag?post=8029"}],"curies":[{"name":"t\u00f6\u00f6leht","href":"https:\/\/api.w.org\/{rel}","templated":true}]}}