{"id":8035,"date":"2024-12-31T20:15:51","date_gmt":"2024-12-31T20:15:51","guid":{"rendered":"https:\/\/storetest.ivi.ee\/product\/topping-hot-feelings-45g\/"},"modified":"2025-12-02T12:13:17","modified_gmt":"2025-12-02T10:13:17","slug":"kate-kuumad-tunded-45g","status":"publish","type":"product","link":"https:\/\/candeebaar.ee\/et\/pood\/kate-kuumad-tunded-45g\/","title":{"rendered":"Pealiskate \u201cKuumad tunded\u201d 45g"},"content":{"rendered":"<p>Puistad magustoitude kaunistamiseks. Pallidel on pehme \u0161okolaadip\u00f5hi. Pulgad on k\u00f5va jahup\u00f5hjaga ja ei sobi tarbimiseks.<br \/>\nKaal: 45 g<br \/>\nKoostisosad: suhkur, t\u00e4rklis (<strong>nisu<\/strong>, mais, kartul, riis), <strong>nisu<\/strong> jahu, <strong>linnased<\/strong> nisu, nisu <strong>gluteen<\/strong>, taime\u00f5li (p\u00e4evalill, rapsiseemned, kookos), gl\u00fckoosisiirup, viinamarjamahl, maltodekstriin, invertsuhkur, kuiv <strong>piima<\/strong>, kakaov\u00f5i, kakaomass, v\u00e4rvained (E100, E120, E131, E132, E133, E153, E162, E170, E172, E173, E174), looduslik vanilje l\u00f5hna- ja maitseaine, E901, E903, E904, paksendaja E40, 6<strong>soja<\/strong>) E473, veiseliha \u017eelatiin, E330, E470b, E555, sool.<br \/>\nSisu 100g kohta:<br \/>\nToitev\u00e4\u00e4rtus: 1741kJ\/412kcal<br \/>\nRasvad (k\u00fcllastunud): 4,5 g (2,5 g)<br \/>\nS\u00fcsivesikud (suhkrud): 90,9 g (77,5 g)<br \/>\nValgud: 1,2 g<br \/>\nSool: 0,1 g<\/p>\n<p>Ei sobi alla 3-aastastele lastele.<br \/>\nTootja: Saksamaa<br \/>\nS\u00e4ilivusaeg: veebruar 2026<\/p>","protected":false},"excerpt":{"rendered":"<p>Puistad magustoitude kaunistamiseks. Pallidel on pehme \u0161okolaadip\u00f5hi. Pulgad on k\u00f5va jahup\u00f5hjaga ja ei sobi tarbimiseks. Mass: 45g Koostis: suhkur, t\u00e4rklis (nisu, mais, kartul, riis), nisujahu, linnased nisu, nisugluteen, taime\u00f5li (p\u00e4evalill, raps, kookos), gl\u00fckoosisiirup, viinamarjamahl, maltodekstriin, p\u00f6\u00f6rdsuhkur, kuiv piim , kakaov\u00f5i, [\u2026]<\/p>","protected":false},"featured_media":7990,"template":"","meta":{"_seopress_robots_primary_cat":"","_seopress_titles_title":"","_seopress_titles_desc":"","_seopress_robots_index":""},"product_brand":[],"product_cat":[15,104],"product_tag":[],"class_list":{"0":"post-8035","1":"product","2":"type-product","3":"status-publish","4":"has-post-thumbnail","6":"product_cat-all-products","7":"product_cat-sprinkles","9":"first","10":"outofstock","11":"taxable","12":"shipping-taxable","13":"purchasable","14":"product-type-simple"},"_links":{"self":[{"href":"https:\/\/candeebaar.ee\/et\/wp-json\/wp\/v2\/product\/8035","targetHints":{"allow":["GET"]}}],"collection":[{"href":"https:\/\/candeebaar.ee\/et\/wp-json\/wp\/v2\/product"}],"about":[{"href":"https:\/\/candeebaar.ee\/et\/wp-json\/wp\/v2\/types\/product"}],"version-history":[{"count":1,"href":"https:\/\/candeebaar.ee\/et\/wp-json\/wp\/v2\/product\/8035\/revisions"}],"predecessor-version":[{"id":8036,"href":"https:\/\/candeebaar.ee\/et\/wp-json\/wp\/v2\/product\/8035\/revisions\/8036"}],"wp:featuredmedia":[{"embeddable":true,"href":"https:\/\/candeebaar.ee\/et\/wp-json\/wp\/v2\/media\/7990"}],"wp:attachment":[{"href":"https:\/\/candeebaar.ee\/et\/wp-json\/wp\/v2\/media?parent=8035"}],"wp:term":[{"taxonomy":"product_brand","embeddable":true,"href":"https:\/\/candeebaar.ee\/et\/wp-json\/wp\/v2\/product_brand?post=8035"},{"taxonomy":"product_cat","embeddable":true,"href":"https:\/\/candeebaar.ee\/et\/wp-json\/wp\/v2\/product_cat?post=8035"},{"taxonomy":"product_tag","embeddable":true,"href":"https:\/\/candeebaar.ee\/et\/wp-json\/wp\/v2\/product_tag?post=8035"}],"curies":[{"name":"t\u00f6\u00f6leht","href":"https:\/\/api.w.org\/{rel}","templated":true}]}}