{"id":8037,"date":"2024-12-31T20:15:51","date_gmt":"2024-12-31T20:15:51","guid":{"rendered":"https:\/\/storetest.ivi.ee\/product\/sprinkles-happy-santa-mix-45g\/"},"modified":"2025-12-07T21:44:45","modified_gmt":"2025-12-07T19:44:45","slug":"puistad-happy-santa-mix-45g","status":"publish","type":"product","link":"https:\/\/candeebaar.ee\/et\/pood\/puistad-happy-santa-mix-45g\/","title":{"rendered":"Sprinkles \u201cHappy Santa Mix\u201d 45g"},"content":{"rendered":"<p>Puistad magustoitude kaunistamiseks. Pallidel on pehme \u0161okolaadip\u00f5hi.<br \/>\nKaal: 45g<br \/>\nKoostisosad: suhkur, t\u00e4rklis (<strong>nisu<\/strong>, mais, riis), jahu <strong>nisu<\/strong>, nisu <strong>gluteen<\/strong>, taime\u00f5li (raps, kookos), gl\u00fckoosisiirup, viinamarjamahl, maltodekstriin, invertsuhkur, maltodekstriin, kuiv <strong>piima<\/strong>, kakaov\u00f5i, kakaomass, v\u00e4rvained (E100, E102, E110, E129, E132, E133, E160a, E162, E174) V\u00e4rvained (\u00f5unamahla kontsentraat, musts\u00f5star, porgandi redis, sidrun, E160c) looduslik vanilje maitseaine, E9, E9301 , E904, paksendaja E406, E414, emulgaator (<strong>soja<\/strong>) E473, veiseliha \u017eelatiin, E470b, E553b, sool.<br \/>\nSisu 100g kohta:<br \/>\nToitev\u00e4\u00e4rtus: 1741kJ\/412kcal<br \/>\nRasvad (k\u00fcllastunud): 4,5 g (2,5 g)<br \/>\nS\u00fcsivesikud (suhkrud): 90,9 g (77,5 g)<br \/>\nValgud: 1,2 g<br \/>\nSool: 0,1 g<\/p>\n<p>Ei sobi alla 3-aastastele lastele.<br \/>\nTootja: Saksamaa<br \/>\nS\u00e4ilivusaeg: jaanuar 2026<\/p>","protected":false},"excerpt":{"rendered":"<p>Puistad magustoitude kaunistamiseks. Pallidel on pehme \u0161okolaadip\u00f5hi. Kaal: 45g Koostis: suhkur, t\u00e4rklis (nisu, mais, riis), nisujahu, nisugluteen, taime\u00f5li (raps, kookos), gl\u00fckoosisiirup, viinamarjamahl, maltodekstriin, p\u00f6\u00f6rdsuhkur, maltodekstriin, kuiv piim, kakaov\u00f5i, kakao mass, v\u00e4rvained (E100, E102, E110, E129, E132, E133, E160a, E162, E174) V\u00e4rvained (\u00f5unakontsentraat [\u2026]<\/p>","protected":false},"featured_media":7987,"template":"","meta":{"_seopress_robots_primary_cat":"none","_seopress_titles_title":"","_seopress_titles_desc":"","_seopress_robots_index":""},"product_brand":[],"product_cat":[182,181,15,104],"product_tag":[],"class_list":{"0":"post-8037","1":"product","2":"type-product","3":"status-publish","4":"has-post-thumbnail","6":"product_cat-christmas","7":"product_cat-christmas-new-year","8":"product_cat-all-products","9":"product_cat-sprinkles","11":"first","12":"instock","13":"taxable","14":"shipping-taxable","15":"purchasable","16":"product-type-simple"},"_links":{"self":[{"href":"https:\/\/candeebaar.ee\/et\/wp-json\/wp\/v2\/product\/8037","targetHints":{"allow":["GET"]}}],"collection":[{"href":"https:\/\/candeebaar.ee\/et\/wp-json\/wp\/v2\/product"}],"about":[{"href":"https:\/\/candeebaar.ee\/et\/wp-json\/wp\/v2\/types\/product"}],"version-history":[{"count":1,"href":"https:\/\/candeebaar.ee\/et\/wp-json\/wp\/v2\/product\/8037\/revisions"}],"predecessor-version":[{"id":8038,"href":"https:\/\/candeebaar.ee\/et\/wp-json\/wp\/v2\/product\/8037\/revisions\/8038"}],"wp:featuredmedia":[{"embeddable":true,"href":"https:\/\/candeebaar.ee\/et\/wp-json\/wp\/v2\/media\/7987"}],"wp:attachment":[{"href":"https:\/\/candeebaar.ee\/et\/wp-json\/wp\/v2\/media?parent=8037"}],"wp:term":[{"taxonomy":"product_brand","embeddable":true,"href":"https:\/\/candeebaar.ee\/et\/wp-json\/wp\/v2\/product_brand?post=8037"},{"taxonomy":"product_cat","embeddable":true,"href":"https:\/\/candeebaar.ee\/et\/wp-json\/wp\/v2\/product_cat?post=8037"},{"taxonomy":"product_tag","embeddable":true,"href":"https:\/\/candeebaar.ee\/et\/wp-json\/wp\/v2\/product_tag?post=8037"}],"curies":[{"name":"t\u00f6\u00f6leht","href":"https:\/\/api.w.org\/{rel}","templated":true}]}}