{"id":8039,"date":"2024-12-31T20:15:51","date_gmt":"2024-12-31T20:15:51","guid":{"rendered":"https:\/\/storetest.ivi.ee\/product\/topping-first-snow-45g\/"},"modified":"2025-11-11T13:51:48","modified_gmt":"2025-11-11T11:51:48","slug":"pealmine-esimene-lumi-45g","status":"publish","type":"product","link":"https:\/\/candeebaar.ee\/et\/pood\/pealmine-esimene-lumi-45g\/","title":{"rendered":"Pealiskate \u201cEsimene lumi\u201d 45g"},"content":{"rendered":"<p>Puistad magustoitude kaunistamiseks. Pallidel on pehme \u0161okolaadip\u00f5hi.<br \/>\nKaal: 45g<br \/>\nKoostisosad: suhkur, t\u00e4rklis (<strong>nisu<\/strong>, mais, kartul, riis), <strong>nisu<\/strong> jahu, nisu <strong>linnased<\/strong>, taime\u00f5li (raps, kookos), palmi\u00f5li, gl\u00fckoosisiirup, viinamarjamahl, invertsuhkur, maltodekstriin, kuiv <strong>piima<\/strong>, kakaov\u00f5i, kakaomass, v\u00e4rvained (E131, E133, E141, E173, E174) V\u00e4rvained (\u00f5unamahla kontsentraat, spirulina), looduslik vanilje maitseaine, E901, E903, E904, paksendaja E406, E414, emulgaator (<strong>soja<\/strong>) E473, veiseliha\u017eelatiin, E553b, sool.<br \/>\nSisu 100g kohta:<br \/>\nToitev\u00e4\u00e4rtus: 1747kJ\/413kcal<br \/>\nRasvad (k\u00fcllastunud): 4,7 g (2,7 g)<br \/>\nS\u00fcsivesikud (suhkrud): 90,8 g (77,1 g)<br \/>\nValgud: 1,1 g<br \/>\nSool: 0,1 g<\/p>\n<p>Ei sobi alla 3-aastastele lastele.<br \/>\nTootja: Saksamaa<br \/>\nS\u00e4ilivusaeg: oktoober 2027<\/p>","protected":false},"excerpt":{"rendered":"<p>Puistad magustoitude kaunistamiseks. Pallidel on pehme \u0161okolaadip\u00f5hi. Kaal: 45g Koostis: suhkur, t\u00e4rklis (nisu, mais, kartul, riis), nisujahu, nisulinnased, taime\u00f5li (raps, kookos), palmi\u00f5li, gl\u00fckoosisiirup, viinamarjamahl, p\u00f6\u00f6rdsuhkur, maltodekstriin, kuiv piim, kakao v\u00f5i, kakaomass, v\u00e4rvained (E131, E133, E141, E173, E174) V\u00e4rvained (\u00f5unamahla kontsentraat, spirulina), looduslikud [\u2026]<\/p>","protected":false},"featured_media":7984,"template":"","meta":{"_seopress_robots_primary_cat":"none","_seopress_titles_title":"","_seopress_titles_desc":"","_seopress_robots_index":""},"product_brand":[],"product_cat":[15,104],"product_tag":[],"class_list":{"0":"post-8039","1":"product","2":"type-product","3":"status-publish","4":"has-post-thumbnail","6":"product_cat-all-products","7":"product_cat-sprinkles","9":"first","10":"outofstock","11":"taxable","12":"shipping-taxable","13":"purchasable","14":"product-type-simple"},"_links":{"self":[{"href":"https:\/\/candeebaar.ee\/et\/wp-json\/wp\/v2\/product\/8039","targetHints":{"allow":["GET"]}}],"collection":[{"href":"https:\/\/candeebaar.ee\/et\/wp-json\/wp\/v2\/product"}],"about":[{"href":"https:\/\/candeebaar.ee\/et\/wp-json\/wp\/v2\/types\/product"}],"version-history":[{"count":2,"href":"https:\/\/candeebaar.ee\/et\/wp-json\/wp\/v2\/product\/8039\/revisions"}],"predecessor-version":[{"id":14184,"href":"https:\/\/candeebaar.ee\/et\/wp-json\/wp\/v2\/product\/8039\/revisions\/14184"}],"wp:featuredmedia":[{"embeddable":true,"href":"https:\/\/candeebaar.ee\/et\/wp-json\/wp\/v2\/media\/7984"}],"wp:attachment":[{"href":"https:\/\/candeebaar.ee\/et\/wp-json\/wp\/v2\/media?parent=8039"}],"wp:term":[{"taxonomy":"product_brand","embeddable":true,"href":"https:\/\/candeebaar.ee\/et\/wp-json\/wp\/v2\/product_brand?post=8039"},{"taxonomy":"product_cat","embeddable":true,"href":"https:\/\/candeebaar.ee\/et\/wp-json\/wp\/v2\/product_cat?post=8039"},{"taxonomy":"product_tag","embeddable":true,"href":"https:\/\/candeebaar.ee\/et\/wp-json\/wp\/v2\/product_tag?post=8039"}],"curies":[{"name":"t\u00f6\u00f6leht","href":"https:\/\/api.w.org\/{rel}","templated":true}]}}