{"id":8059,"date":"2024-12-31T20:15:55","date_gmt":"2024-12-31T20:15:55","guid":{"rendered":"https:\/\/storetest.ivi.ee\/product\/satin-ribbon-milk-42m23mm\/"},"modified":"2026-03-11T20:53:18","modified_gmt":"2026-03-11T18:53:18","slug":"satiiniriba-piim-42m23mm","status":"publish","type":"product","link":"https:\/\/candeebaar.ee\/et\/pood\/satiiniriba-piim-42m23mm\/","title":{"rendered":"Satiinlint \u201cPiim\u201d 42m*23mm"},"content":{"rendered":"<p>Pooll\u00e4bipaistva tekstuuriga satiinlint.<br \/>\nSuurus: 42m*23mm<br \/>\nV\u00e4rv: piim (helebee\u017e)<\/p>","protected":false},"excerpt":{"rendered":"<p>Pooll\u00e4bipaistva tekstuuriga satiinlint. Suurus: 42m*23mm V\u00e4rv: piim (helebee\u017e)<\/p>","protected":false},"featured_media":8061,"template":"","meta":{"_seopress_robots_primary_cat":"none","_seopress_titles_title":"","_seopress_titles_desc":"","_seopress_robots_index":""},"product_brand":[],"product_cat":[182,181,91,106],"product_tag":[],"class_list":{"0":"post-8059","1":"product","2":"type-product","3":"status-publish","4":"has-post-thumbnail","6":"product_cat-christmas","7":"product_cat-christmas-new-year","8":"product_cat-satin-ribbons","9":"product_cat-new","11":"first","12":"instock","13":"taxable","14":"shipping-taxable","15":"purchasable","16":"product-type-simple"},"_links":{"self":[{"href":"https:\/\/candeebaar.ee\/et\/wp-json\/wp\/v2\/product\/8059","targetHints":{"allow":["GET"]}}],"collection":[{"href":"https:\/\/candeebaar.ee\/et\/wp-json\/wp\/v2\/product"}],"about":[{"href":"https:\/\/candeebaar.ee\/et\/wp-json\/wp\/v2\/types\/product"}],"version-history":[{"count":1,"href":"https:\/\/candeebaar.ee\/et\/wp-json\/wp\/v2\/product\/8059\/revisions"}],"predecessor-version":[{"id":8060,"href":"https:\/\/candeebaar.ee\/et\/wp-json\/wp\/v2\/product\/8059\/revisions\/8060"}],"wp:featuredmedia":[{"embeddable":true,"href":"https:\/\/candeebaar.ee\/et\/wp-json\/wp\/v2\/media\/8061"}],"wp:attachment":[{"href":"https:\/\/candeebaar.ee\/et\/wp-json\/wp\/v2\/media?parent=8059"}],"wp:term":[{"taxonomy":"product_brand","embeddable":true,"href":"https:\/\/candeebaar.ee\/et\/wp-json\/wp\/v2\/product_brand?post=8059"},{"taxonomy":"product_cat","embeddable":true,"href":"https:\/\/candeebaar.ee\/et\/wp-json\/wp\/v2\/product_cat?post=8059"},{"taxonomy":"product_tag","embeddable":true,"href":"https:\/\/candeebaar.ee\/et\/wp-json\/wp\/v2\/product_tag?post=8059"}],"curies":[{"name":"t\u00f6\u00f6leht","href":"https:\/\/api.w.org\/{rel}","templated":true}]}}