{"id":8062,"date":"2024-12-31T20:15:55","date_gmt":"2024-12-31T20:15:55","guid":{"rendered":"https:\/\/storetest.ivi.ee\/product\/shelled-pistachios-100g\/"},"modified":"2026-04-08T06:49:55","modified_gmt":"2026-04-08T04:49:55","slug":"kooritud-pistaatsiapahklid-100-g","status":"publish","type":"product","link":"https:\/\/candeebaar.ee\/et\/pood\/kooritud-pistaatsiapahklid-100-g\/","title":{"rendered":"Kooritud pistaatsiap\u00e4hklid 100 g"},"content":{"rendered":"<p>Toores, soolamata pistaatsiap\u00e4hklid.<br \/>\nLooduslik tervislik toode, mis sobib erinevateks rakendusteks.<br \/>\nKoostisosad: pistaatsia p\u00e4hkel 100%<br \/>\nKaal: 100g<br \/>\nSisu 100g kohta:<br \/>\nToitev\u00e4\u00e4rtus: 2576kJ\/621kcal<br \/>\nRasvad (k\u00fcllastunud): 48,5 g (6 g)<br \/>\nS\u00fcsivesikud (suhkrud): 18,9 g (16,4 g)<br \/>\nValgud: 24,2 g<br \/>\nSool: 0,02 g (sisaldus v\u00f5ib veidi erineda)<br \/>\nP\u00e4ritolu: USA<br \/>\nS\u00e4ilivusaeg: 31.08.2026<\/p>","protected":false},"excerpt":{"rendered":"<p>Toores, soolamata pistaatsiap\u00e4hklid. Looduslik tervislik toode, mis sobib erinevateks rakendusteks. Koostis: pistaatsia p\u00e4hkel 100% Mass: 100g Sisu 100g kohta: Toitev\u00e4\u00e4rtus: 2576kJ\/621kcal Rasvad (k\u00fcllastunud): 48.5g (6g) S\u00fcsivesikud (suhkrud): 18.9g (16.4g) Sool.24.0t.0g:24. v\u00f5ib veidi erineda) P\u00e4ritolu: USA S\u00e4ilivusaeg: 31.08.2026<\/p>","protected":false},"featured_media":8064,"template":"","meta":{"_seopress_robots_primary_cat":"none","_seopress_titles_title":"","_seopress_titles_desc":"","_seopress_robots_index":""},"product_brand":[],"product_cat":[182,181,15,101],"product_tag":[],"class_list":{"0":"post-8062","1":"product","2":"type-product","3":"status-publish","4":"has-post-thumbnail","6":"product_cat-christmas","7":"product_cat-christmas-new-year","8":"product_cat-all-products","9":"product_cat-nut-products","11":"first","12":"instock","13":"taxable","14":"shipping-taxable","15":"purchasable","16":"product-type-simple"},"_links":{"self":[{"href":"https:\/\/candeebaar.ee\/et\/wp-json\/wp\/v2\/product\/8062","targetHints":{"allow":["GET"]}}],"collection":[{"href":"https:\/\/candeebaar.ee\/et\/wp-json\/wp\/v2\/product"}],"about":[{"href":"https:\/\/candeebaar.ee\/et\/wp-json\/wp\/v2\/types\/product"}],"version-history":[{"count":1,"href":"https:\/\/candeebaar.ee\/et\/wp-json\/wp\/v2\/product\/8062\/revisions"}],"predecessor-version":[{"id":8063,"href":"https:\/\/candeebaar.ee\/et\/wp-json\/wp\/v2\/product\/8062\/revisions\/8063"}],"wp:featuredmedia":[{"embeddable":true,"href":"https:\/\/candeebaar.ee\/et\/wp-json\/wp\/v2\/media\/8064"}],"wp:attachment":[{"href":"https:\/\/candeebaar.ee\/et\/wp-json\/wp\/v2\/media?parent=8062"}],"wp:term":[{"taxonomy":"product_brand","embeddable":true,"href":"https:\/\/candeebaar.ee\/et\/wp-json\/wp\/v2\/product_brand?post=8062"},{"taxonomy":"product_cat","embeddable":true,"href":"https:\/\/candeebaar.ee\/et\/wp-json\/wp\/v2\/product_cat?post=8062"},{"taxonomy":"product_tag","embeddable":true,"href":"https:\/\/candeebaar.ee\/et\/wp-json\/wp\/v2\/product_tag?post=8062"}],"curies":[{"name":"t\u00f6\u00f6leht","href":"https:\/\/api.w.org\/{rel}","templated":true}]}}