{"id":9661,"date":"2025-01-08T11:11:17","date_gmt":"2025-01-08T09:11:17","guid":{"rendered":"https:\/\/candeebaar.ee\/?post_type=product&#038;p=9661"},"modified":"2026-03-23T12:12:12","modified_gmt":"2026-03-23T10:12:12","slug":"teflon-kaitsematt-2727cm","status":"publish","type":"product","link":"https:\/\/candeebaar.ee\/et\/pood\/teflon-kaitsematt-2727cm\/","title":{"rendered":"Teflon kaitsematt 27*27cm"},"content":{"rendered":"<p>Kergesti puhastatav rasva- ja toidupliidi kaitsematt.<br \/>\nPaigaldage see lihtsalt p\u00f5leti alla, et hoida oma t\u00f6\u00f6ala korras.<br \/>\nPestav vee ja n\u00f5udepesuvahendiga.<br \/>\nMaterjal: teflon<br \/>\nM\u00f5\u00f5dud: 27*27cm<br \/>\nAva suurus: 9*9cm (reguleeritav)<\/p>","protected":false},"excerpt":{"rendered":"<p>Kergesti puhastatav rasva- ja toidupliidi kaitsematt. Paigaldage see lihtsalt p\u00f5leti alla, et hoida oma t\u00f6\u00f6piirkond korras. Pestav vee ja n\u00f5udepesuvahendiga. Materjal: teflon Suurus: 27*27cm Ava suurus: 9*9cm (reguleeritav)<\/p>","protected":false},"featured_media":9664,"template":"","meta":{"_seopress_robots_primary_cat":"none","_seopress_titles_title":"","_seopress_titles_desc":"","_seopress_robots_index":""},"product_brand":[],"product_cat":[15,84,106],"product_tag":[],"class_list":{"0":"post-9661","1":"product","2":"type-product","3":"status-publish","4":"has-post-thumbnail","6":"product_cat-all-products","7":"product_cat-tools","8":"product_cat-new","10":"first","11":"instock","12":"taxable","13":"shipping-taxable","14":"purchasable","15":"product-type-simple"},"_links":{"self":[{"href":"https:\/\/candeebaar.ee\/et\/wp-json\/wp\/v2\/product\/9661","targetHints":{"allow":["GET"]}}],"collection":[{"href":"https:\/\/candeebaar.ee\/et\/wp-json\/wp\/v2\/product"}],"about":[{"href":"https:\/\/candeebaar.ee\/et\/wp-json\/wp\/v2\/types\/product"}],"version-history":[{"count":1,"href":"https:\/\/candeebaar.ee\/et\/wp-json\/wp\/v2\/product\/9661\/revisions"}],"predecessor-version":[{"id":9665,"href":"https:\/\/candeebaar.ee\/et\/wp-json\/wp\/v2\/product\/9661\/revisions\/9665"}],"wp:featuredmedia":[{"embeddable":true,"href":"https:\/\/candeebaar.ee\/et\/wp-json\/wp\/v2\/media\/9664"}],"wp:attachment":[{"href":"https:\/\/candeebaar.ee\/et\/wp-json\/wp\/v2\/media?parent=9661"}],"wp:term":[{"taxonomy":"product_brand","embeddable":true,"href":"https:\/\/candeebaar.ee\/et\/wp-json\/wp\/v2\/product_brand?post=9661"},{"taxonomy":"product_cat","embeddable":true,"href":"https:\/\/candeebaar.ee\/et\/wp-json\/wp\/v2\/product_cat?post=9661"},{"taxonomy":"product_tag","embeddable":true,"href":"https:\/\/candeebaar.ee\/et\/wp-json\/wp\/v2\/product_tag?post=9661"}],"curies":[{"name":"t\u00f6\u00f6leht","href":"https:\/\/api.w.org\/{rel}","templated":true}]}}