{"id":9883,"date":"2025-01-16T08:51:20","date_gmt":"2025-01-16T06:51:20","guid":{"rendered":"https:\/\/candeebaar.ee\/?post_type=product&#038;p=9883"},"modified":"2026-01-20T17:54:22","modified_gmt":"2026-01-20T15:54:22","slug":"silikoonvorm-8-sudant-2917cm","status":"publish","type":"product","link":"https:\/\/candeebaar.ee\/et\/pood\/silikoonvorm-8-sudant-2917cm\/","title":{"rendered":"Silikoonvorm \u201c8 s\u00fcdant\u201d 29*17cm"},"content":{"rendered":"<p>Silikoonvorm mousse magustoitude jaoks.<br \/>\n\u00dche s\u00fcdame m\u00f5\u00f5dud: 70*70*35mm<br \/>\nT\u00e4ism\u00f5\u00f5t: 29*17cm<br \/>\nT\u00f6\u00f6temperatuur: -40\u00b0C kuni +230\u00b0C<\/p>","protected":false},"excerpt":{"rendered":"<p>Silikoonvorm mousse magustoitude jaoks. \u00dche s\u00fcdame m\u00f5\u00f5dud: 70*70*35mm T\u00e4issuurus: 29*17cm T\u00f6\u00f6temperatuur: -40\u00b0C kuni +230\u00b0C<\/p>","protected":false},"featured_media":9886,"template":"","meta":{"_seopress_robots_primary_cat":"none","_seopress_titles_title":"","_seopress_titles_desc":"","_seopress_robots_index":""},"product_brand":[],"product_cat":[183,180,15,127],"product_tag":[],"class_list":{"0":"post-9883","1":"product","2":"type-product","3":"status-publish","4":"has-post-thumbnail","6":"product_cat-valentines-day","7":"product_cat-wedding-products","8":"product_cat-all-products","9":"product_cat-ornament","11":"first","12":"outofstock","13":"taxable","14":"shipping-taxable","15":"purchasable","16":"product-type-simple"},"_links":{"self":[{"href":"https:\/\/candeebaar.ee\/et\/wp-json\/wp\/v2\/product\/9883","targetHints":{"allow":["GET"]}}],"collection":[{"href":"https:\/\/candeebaar.ee\/et\/wp-json\/wp\/v2\/product"}],"about":[{"href":"https:\/\/candeebaar.ee\/et\/wp-json\/wp\/v2\/types\/product"}],"version-history":[{"count":2,"href":"https:\/\/candeebaar.ee\/et\/wp-json\/wp\/v2\/product\/9883\/revisions"}],"predecessor-version":[{"id":9891,"href":"https:\/\/candeebaar.ee\/et\/wp-json\/wp\/v2\/product\/9883\/revisions\/9891"}],"wp:featuredmedia":[{"embeddable":true,"href":"https:\/\/candeebaar.ee\/et\/wp-json\/wp\/v2\/media\/9886"}],"wp:attachment":[{"href":"https:\/\/candeebaar.ee\/et\/wp-json\/wp\/v2\/media?parent=9883"}],"wp:term":[{"taxonomy":"product_brand","embeddable":true,"href":"https:\/\/candeebaar.ee\/et\/wp-json\/wp\/v2\/product_brand?post=9883"},{"taxonomy":"product_cat","embeddable":true,"href":"https:\/\/candeebaar.ee\/et\/wp-json\/wp\/v2\/product_cat?post=9883"},{"taxonomy":"product_tag","embeddable":true,"href":"https:\/\/candeebaar.ee\/et\/wp-json\/wp\/v2\/product_tag?post=9883"}],"curies":[{"name":"t\u00f6\u00f6leht","href":"https:\/\/api.w.org\/{rel}","templated":true}]}}