{"id":9996,"date":"2024-12-31T16:52:58","date_gmt":"2024-12-31T14:52:58","guid":{"rendered":"https:\/\/candeebaar.ee\/?post_type=product&#038;p=9996"},"modified":"2026-03-03T22:01:47","modified_gmt":"2026-03-03T20:01:47","slug":"peegelpallid-xl","status":"publish","type":"product","link":"https:\/\/candeebaar.ee\/et\/pood\/peegelpallid-xl\/","title":{"rendered":"Puistedekoor \u201cMirror Balls XL\u201d 45g"},"content":{"rendered":"<p>Puistad magustoitude kaunistamiseks. Pallid on v\u00e4ga suured ~17mm l\u00e4bim\u00f5\u00f5duga, pehme riisip\u00f5hja ja \u0161okolaadiga.<br \/>\nKaal: 45 g<br \/>\n<b>Koostisosad<\/b> : suhkur, piima\u0161okolaad (30,6%) (suhkur, t\u00e4ispiimapulber, kakaov\u00f5i, kakaomass, sojaletsitiin, looduslik vanilje maitse), kr\u00f5be keskosa (11%) (riisiajahu, nisujahu, suhkur, gluteen, sool), stabilisaator: kummiaraabik, kakaov\u00f5i, v\u00e4rvus: E172, carnaubavaha.<br \/>\nSisu 100g kohta:<br \/>\nToitev\u00e4\u00e4rtus: 1627kJ\/389kcal<br \/>\nRasvad (k\u00fcllastunud): 17,2 g (10,5 g)<br \/>\nS\u00fcsivesikud (suhkrud): 73,7 g (65,1 g)<br \/>\nValgud: 4,4 g<br \/>\nSool: 0,1 g<\/p>\n<p>Ei sobi alla 3-aastastele lastele.<br \/>\nTootja: Saksamaa<br \/>\nS\u00e4ilivusaeg: oktoober 2027<\/p>","protected":false},"excerpt":{"rendered":"<p>Puistad magustoitude kaunistamiseks. Pallid on v\u00e4ga suured ~17mm l\u00e4bim\u00f5\u00f5duga, pehme riisip\u00f5hja ja \u0161okolaadiga. Mass: 45g Koostis: suhkur, piima\u0161okolaad (30,6%) (suhkur, t\u00e4ispiimapulber, kakaov\u00f5i, kakaomass, sojaletsitiin, naturaalne vanilli maitse), kr\u00f5be keskosa (11%) (riisijahu, nisujahu, suhkur, gluteen, sool), stabilisaator: kookummaarabik [\u2026]<\/p>","protected":false},"featured_media":9998,"template":"","meta":{"_seopress_robots_primary_cat":"none","_seopress_titles_title":"","_seopress_titles_desc":"","_seopress_robots_index":""},"product_brand":[],"product_cat":[182,181,180,15,104],"product_tag":[],"class_list":{"0":"post-9996","1":"product","2":"type-product","3":"status-publish","4":"has-post-thumbnail","6":"product_cat-christmas","7":"product_cat-christmas-new-year","8":"product_cat-wedding-products","9":"product_cat-all-products","10":"product_cat-sprinkles","12":"first","13":"instock","14":"taxable","15":"shipping-taxable","16":"purchasable","17":"product-type-simple"},"_links":{"self":[{"href":"https:\/\/candeebaar.ee\/et\/wp-json\/wp\/v2\/product\/9996","targetHints":{"allow":["GET"]}}],"collection":[{"href":"https:\/\/candeebaar.ee\/et\/wp-json\/wp\/v2\/product"}],"about":[{"href":"https:\/\/candeebaar.ee\/et\/wp-json\/wp\/v2\/types\/product"}],"version-history":[{"count":2,"href":"https:\/\/candeebaar.ee\/et\/wp-json\/wp\/v2\/product\/9996\/revisions"}],"predecessor-version":[{"id":14185,"href":"https:\/\/candeebaar.ee\/et\/wp-json\/wp\/v2\/product\/9996\/revisions\/14185"}],"wp:featuredmedia":[{"embeddable":true,"href":"https:\/\/candeebaar.ee\/et\/wp-json\/wp\/v2\/media\/9998"}],"wp:attachment":[{"href":"https:\/\/candeebaar.ee\/et\/wp-json\/wp\/v2\/media?parent=9996"}],"wp:term":[{"taxonomy":"product_brand","embeddable":true,"href":"https:\/\/candeebaar.ee\/et\/wp-json\/wp\/v2\/product_brand?post=9996"},{"taxonomy":"product_cat","embeddable":true,"href":"https:\/\/candeebaar.ee\/et\/wp-json\/wp\/v2\/product_cat?post=9996"},{"taxonomy":"product_tag","embeddable":true,"href":"https:\/\/candeebaar.ee\/et\/wp-json\/wp\/v2\/product_tag?post=9996"}],"curies":[{"name":"t\u00f6\u00f6leht","href":"https:\/\/api.w.org\/{rel}","templated":true}]}}