{"id":3465,"date":"2022-02-23T05:55:50","date_gmt":"2022-02-23T05:55:50","guid":{"rendered":"https:\/\/themepanthers.com\/wp\/nest\/d1\/?page_id=3"},"modified":"2025-01-04T13:49:19","modified_gmt":"2025-01-04T11:49:19","slug":"tietosuojakaytanto","status":"publish","type":"page","link":"https:\/\/candeebaar.ee\/fi\/tietosuojakaytanto\/","title":{"rendered":"Tietosuojak\u00e4yt\u00e4nt\u00f6"},"content":{"rendered":"<div data-elementor-type=\"wp-page\" data-elementor-id=\"3465\" class=\"elementor elementor-3465\">\n\t\t\t\t\t\t<section class=\"elementor-section elementor-top-section elementor-element elementor-element-66c08da elementor-section-boxed elementor-section-height-default elementor-section-height-default\" data-id=\"66c08da\" data-element_type=\"section\">\n\t\t\t\t\t\t<div class=\"elementor-container elementor-column-gap-default\">\n\t\t\t\t\t<div class=\"elementor-column elementor-col-100 elementor-top-column elementor-element elementor-element-19a91c7d\" data-id=\"19a91c7d\" data-element_type=\"column\">\n\t\t\t<div class=\"elementor-widget-wrap elementor-element-populated\">\n\t\t\t\t\t\t<div class=\"elementor-element elementor-element-2ce556e elementor-widget elementor-widget-nest-title-v1\" data-id=\"2ce556e\" data-element_type=\"widget\" data-widget_type=\"nest-title-v1.default\">\n\t\t\t\t<div class=\"elementor-widget-container\">\n\t\t\t\t\t        <div class=\"section_title type_one\">\r\n                                        <div class=\"title_whole\">\r\n                    <div class=\"title\"> Tietosuojak\u00e4yt\u00e4nt\u00f6  <\/div>\r\n                                    <\/div>\r\n                                <\/div>\r\n    \t\t\t\t<\/div>\n\t\t\t\t<\/div>\n\t\t\t\t<div class=\"elementor-element elementor-element-1e8b0d67 elementor-widget elementor-widget-text-editor\" data-id=\"1e8b0d67\" data-element_type=\"widget\" data-widget_type=\"text-editor.default\">\n\t\t\t\t<div class=\"elementor-widget-container\">\n\t\t\t\t\t\t\t\t\t<h2>Cane Candy O\u00dc<\/h2>\n<p>REG-NUMERO: 14830716<br \/>Mere 2 M2 (14), Sillam\u00e4e Ida-Virumaa, 40231<br \/>+372 56824471 candeebaar@gmail.com<\/p>\n<p>\u00a0<\/p>\n<h2>Kenraali<\/h2>\n<p>Tilausta tehdess\u00e4\u00e4n asiakas hyv\u00e4ksyy seuraavat seikat ja takaa osaltaan oikea-aikaisen maksun ja tilauksen tekemiseen tarvittavien yhteystietojen oikeellisuuden.<br \/>Tilauksen yhteydess\u00e4 postiautomaatin kautta asiakas voi ilmoittaa vain puhelinnumeron ja s\u00e4hk\u00f6postiosoitteen. Muita tietoja ei aina tarvita, mutta ne kannattaa ilmoittaa ty\u00f6n yksinkertaistamiseksi tilausta l\u00e4hetett\u00e4ess\u00e4.<\/p>\n<h2>Mit\u00e4 tietoja ker\u00e4\u00e4mme ja tallennamme<\/h2>\n<p>Kun vierailet sivustollamme, tallennamme seuraavat tiedot sinusta:<\/p>\n<ul>\n<li>Katsomasi kohteet: Tallennamme n\u00e4m\u00e4 tiedot n\u00e4ytt\u00e4\u00e4ksemme sinulle kohteet, joita olet \u00e4skett\u00e4in katsonut.<\/li>\n<li>Sijainti, IP-osoite ja selaintyyppi: K\u00e4yt\u00e4mme n\u00e4it\u00e4 tietoja toimituskulujen laskemiseen ja veloittamiseen<\/li>\n<li>Toimitusosoite: Pyyd\u00e4mme sinua antamaan t\u00e4m\u00e4n osoitteen, jotta voimme muun muassa arvioida toimituskulut ennen tilauksen tekemist\u00e4 ja l\u00e4hett\u00e4\u00e4 sinulle tilatut tuotteet.<\/li>\n<\/ul>\n<p>K\u00e4yt\u00e4mme ev\u00e4steit\u00e4 my\u00f6s n\u00e4hd\u00e4ksemme, mit\u00e4 lis\u00e4\u00e4t ostoskoriin, sek\u00e4 sijaintisi ja muut tiedot, kun olet sivustollamme. N\u00e4it\u00e4 tietoja voidaan k\u00e4ytt\u00e4\u00e4 yleisen asiakask\u00e4ytt\u00e4ytymisen analysointiin ja tilastoihin, mutta niit\u00e4 ei ole suunnattu tietyille henkil\u00f6ille.<\/p>\n<p>Jos haluat ostaa meilt\u00e4, sinun on annettava tiedot, kuten nimesi, laskutusosoite, toimitusosoite, s\u00e4hk\u00f6postiosoite ja puhelinnumero. K\u00e4yt\u00e4mme n\u00e4it\u00e4 tietoja seuraaviin tarkoituksiin:<\/p>\n<ul>\n<li>l\u00e4hett\u00e4\u00e4 sinulle tietoja tilist\u00e4si ja tilauksestasi;<\/li>\n<li>vastaaminen tiedusteluihisi, mukaan lukien hyvityspyynn\u00f6t ja vaateet;<\/li>\n<li>maksujen k\u00e4sittely ja petostentorjunta;<\/li>\n<li>lakis\u00e4\u00e4teisten vaatimusten noudattaminen (esimerkiksi veronlaskenta);<\/li>\n<li>myym\u00e4l\u00e4mme valikoiman parantaminen;<\/li>\n<li>l\u00e4hett\u00e4\u00e4 sinulle myynninedist\u00e4misviestej\u00e4 (jos suostut vastaanottamaan ne).<\/li>\n<\/ul>\n<p>Jos luot tilin, tallennamme nimesi, osoitteesi, s\u00e4hk\u00f6postiosoitteesi ja puhelinnumerosi, jotta voimme t\u00e4ytt\u00e4\u00e4 lomakkeen automaattisesti tehdess\u00e4si tilauksia tulevaisuudessa.<br \/>S\u00e4ilyt\u00e4mme tietojasi yleens\u00e4 niin kauan kuin on tarpeen niit\u00e4 tarkoituksia varten, joihin ker\u00e4\u00e4mme ja k\u00e4yt\u00e4mme niit\u00e4. Poikkeuksena on tapaus, jossa meid\u00e4n on s\u00e4ilytett\u00e4v\u00e4 n\u00e4it\u00e4 tietoja lakis\u00e4\u00e4teisten vaatimusten vuoksi. Siten tilausta koskevat tiedot tallennetaan meille verotus- ja kirjanpitos\u00e4\u00e4nt\u00f6jen mukaisesti. N\u00e4m\u00e4 tiedot sis\u00e4lt\u00e4v\u00e4t nimesi, s\u00e4hk\u00f6postiosoitteesi, laskutusosoitteesi ja toimitusosoitteesi.<\/p>\n<p>\u00a0<\/p>\n<p>\u00a0<\/p>\n<h2>Ketk\u00e4 tiimimme j\u00e4senet p\u00e4\u00e4sev\u00e4t k\u00e4ytt\u00e4m\u00e4\u00e4n<\/h2>\n<p>Tiimimme j\u00e4senill\u00e4 on p\u00e4\u00e4sy meille antamiasi tietoja varten. Joten sek\u00e4 j\u00e4rjestelm\u00e4nvalvojalla ett\u00e4 kaupan ty\u00f6ntekij\u00f6ill\u00e4 on p\u00e4\u00e4sy seuraaviin tietoihin:<\/p>\n<ul>\n<li>Tilaustiedot: ostetun tuotteen nimi, ostoaika ja toimitusosoite sek\u00e4<\/li>\n<li>Ostajan tiedot, jotka sis\u00e4lt\u00e4v\u00e4t nimesi, s\u00e4hk\u00f6postiosoitteesi, puhelinnumerosi, maksutiedot ja toimitustiedot.<\/li>\n<\/ul>\n<p>Tiimimme tarvitsee p\u00e4\u00e4syn n\u00e4ihin tietoihin tilausten t\u00e4ytt\u00e4miseksi, varojen palauttamiseksi ja tukipalvelujen tarjoamiseksi.<\/p>\n<p>\u00a0<\/p>\n<h2>Mit\u00e4 tietoja jaamme kolmansille osapuolille<\/h2>\n<p>Jaamme tietoja kumppaneidemme kanssa, jotka auttavat meit\u00e4 t\u00e4ytt\u00e4m\u00e4\u00e4n tilauksesi ja tarjoamaan palveluita tavaroiden myyntiin.<\/p>\n<p>Niiden joukossa:<\/p>\n<p>\u00a0<\/p>\n<p><strong>&quot;Smartpost&quot; &quot;OMNIVA-&quot; &quot;DPD&quot;<\/strong>\u00a0tai muu toimituspalvelu mieltymystesi mukaan.<\/p>\n<p>K\u00e4ytt\u00e4\u00e4 tietojasi k\u00e4sitell\u00e4kseen ja suorittaakseen palvelunsa oikein. N\u00e4iden palveluiden tietosuojak\u00e4yt\u00e4nn\u00f6t l\u00f6ytyv\u00e4t niiden vastaavilta verkkosivuilta.<\/p>\n<p><strong>Stock\u00a0<\/strong>\u2013 kampanjoiden aikana julkistamme voittajat sosiaalisessa mediassa. verkkoja. Jos olet eri mielt\u00e4, ilmoita siit\u00e4 meille.<\/p>\n<p>Asiakkaalla on oikeus palauttaa tuotteet 14 p\u00e4iv\u00e4n sis\u00e4ll\u00e4 (ks\u00a0<a href=\"https:\/\/candeebaar.ee\/fi\/eng\/warrantyreturns\/\">takuu ja palautus<\/a>)<\/p>\n<p>\u00a0<\/p>\n<p>Henkil\u00f6ill\u00e4, jotka eiv\u00e4t liity suoraan kaupan toimintaan, ei ole p\u00e4\u00e4sy\u00e4 tietoihisi.<\/p>\n<p>\u00a0<\/p>\n<h2>Lahjakortit<\/h2>\n<p>Myym\u00e4l\u00e4mme tarjoaa lahjakorttipalvelun, mahdollisia sek\u00e4 digitaalisia ett\u00e4 fyysisi\u00e4 vaihtoehtoja. Jokaiselle kortille annetaan yksil\u00f6llinen numero, joka tulee sy\u00f6tt\u00e4\u00e4 oston yhteydess\u00e4 tilauksen kommentteihin. Kun ostat lahjakortin, ilmoita meille, mink\u00e4 version kortista haluat vastaanottaa. Korttia kannattaa k\u00e4ytt\u00e4\u00e4 kerrallaan. Kortin voimassaoloaika on 1 vuosi.<\/p>\n<p>K\u00e4ytt\u00e4m\u00e4ll\u00e4 sivustomme palveluita hyv\u00e4ksyt yll\u00e4 olevat ehdot. My\u00f6s ehdot voivat muuttua tarpeen mukaan, kaikki muutokset julkaistaan t\u00e4ll\u00e4 sivulla. Jos sinulla on kysytt\u00e4v\u00e4\u00e4, ota meihin yhteytt\u00e4.<\/p>\t\t\t\t\t\t\t\t<\/div>\n\t\t\t\t<\/div>\n\t\t\t\t<div class=\"elementor-element elementor-element-dfbc270 elementor-widget-divider--view-line elementor-widget elementor-widget-divider\" data-id=\"dfbc270\" data-element_type=\"widget\" data-widget_type=\"divider.default\">\n\t\t\t\t<div class=\"elementor-widget-container\">\n\t\t\t\t\t\t\t<div class=\"elementor-divider\">\n\t\t\t<span class=\"elementor-divider-separator\">\n\t\t\t\t\t\t<\/span>\n\t\t<\/div>\n\t\t\t\t\t\t<\/div>\n\t\t\t\t<\/div>\n\t\t\t\t<div class=\"elementor-element elementor-element-997cfb0 elementor-widget elementor-widget-nest-title-v1\" data-id=\"997cfb0\" data-element_type=\"widget\" data-widget_type=\"nest-title-v1.default\">\n\t\t\t\t<div class=\"elementor-widget-container\">\n\t\t\t\t\t        <div class=\"section_title type_one\">\r\n                                        <div class=\"title_whole\">\r\n                    <div class=\"title\"> Ev\u00e4stek\u00e4yt\u00e4nt\u00f6  <\/div>\r\n                                    <\/div>\r\n                                <\/div>\r\n    \t\t\t\t<\/div>\n\t\t\t\t<\/div>\n\t\t\t\t<div class=\"elementor-element elementor-element-3885826 elementor-widget elementor-widget-text-editor\" data-id=\"3885826\" data-element_type=\"widget\" data-widget_type=\"text-editor.default\">\n\t\t\t\t<div class=\"elementor-widget-container\">\n\t\t\t\t\t\t\t\t\t<p><style>\n    a.cky-banner-element {<br \/>        padding: 8px 30px;<br \/>        background: #F8F9FA;<br \/>        color: #858A8F;<br \/>        border: 1px solid #DEE2E6;<br \/>        box-sizing: border-box;<br \/>        border-radius: 2px;<br \/>        cursor: pointer;<br \/>}<br \/><\/style><\/p><p>Voimaantulop\u00e4iv\u00e4: 18-10-2024<br \/>Viimeksi p\u00e4ivitetty: 18. lokakuuta 2024<\/p><h5>Mit\u00e4 ev\u00e4steet ovat?<\/h5><div class=\"cookie-policy-p\"><p>T\u00e4m\u00e4 ev\u00e4stek\u00e4yt\u00e4nt\u00f6 selitt\u00e4\u00e4, mit\u00e4 ev\u00e4steet ovat ja kuinka k\u00e4yt\u00e4mme niit\u00e4, mink\u00e4 tyyppisi\u00e4 ev\u00e4steit\u00e4 k\u00e4yt\u00e4mme eli mit\u00e4 tietoja ker\u00e4\u00e4mme ev\u00e4steiden avulla ja kuinka n\u00e4it\u00e4 tietoja k\u00e4ytet\u00e4\u00e4n sek\u00e4 kuinka ev\u00e4steasetuksia hallinnoidaan.<\/p><p>Ev\u00e4steet ovat pieni\u00e4 tekstitiedostoja, joita k\u00e4ytet\u00e4\u00e4n pienten tietojen tallentamiseen. Ne tallennetaan laitteellesi, kun verkkosivusto ladataan selaimeesi. N\u00e4m\u00e4 ev\u00e4steet auttavat meit\u00e4 saamaan verkkosivuston toimimaan oikein, tekem\u00e4\u00e4n siit\u00e4 turvallisemman, tarjoamaan paremman k\u00e4ytt\u00f6kokemuksen ja ymm\u00e4rt\u00e4m\u00e4\u00e4n, miten verkkosivusto toimii, sek\u00e4 analysoimaan, mik\u00e4 toimii ja miss\u00e4 sit\u00e4 on parannettava.<\/p><\/div><h5>Kuinka k\u00e4yt\u00e4mme ev\u00e4steit\u00e4?<\/h5><div class=\"cookie-policy-p\"><p>Kuten suurin osa verkkopalveluista, verkkosivustomme k\u00e4ytt\u00e4\u00e4 ensimm\u00e4isen ja kolmannen osapuolen ev\u00e4steit\u00e4 useisiin tarkoituksiin. Ensimm\u00e4isen osapuolen ev\u00e4steet ovat enimm\u00e4kseen v\u00e4ltt\u00e4m\u00e4tt\u00f6mi\u00e4 verkkosivuston toimimiseksi oikein, eiv\u00e4tk\u00e4 ne ker\u00e4\u00e4 henkil\u00f6kohtaisia tunnistetietojasi.<\/p><p>Sivustollamme k\u00e4ytetyt kolmannen osapuolen ev\u00e4steet ovat tarkoitettu p\u00e4\u00e4asiassa ymm\u00e4rt\u00e4m\u00e4\u00e4n, kuinka verkkosivusto toimii, kuinka olet vuorovaikutuksessa verkkosivustomme kanssa, pit\u00e4m\u00e4\u00e4n palvelumme turvassa, tarjoamaan sinulle merkityksellisi\u00e4 mainoksia ja kaiken kaikkiaan tarjoamaan sinulle paremman ja paremman k\u00e4ytt\u00e4j\u00e4n kokemusta ja nopeuttaa tulevaa vuorovaikutustasi verkkosivustomme kanssa.<\/p><\/div><h5>Ev\u00e4stek\u00e4yt\u00e4nt\u00f6<\/h5><div class=\"cky-audit-table-element\">\u00a0<\/div><h5 style=\"margin-bottom: 20px;\">Hallinnoi ev\u00e4steasetuksia<\/h5><p><a class=\"cky-banner-element\">Ev\u00e4steasetukset<\/a><\/p><div><p>Voit muuttaa ev\u00e4steasetuksiasi milloin tahansa napsauttamalla yll\u00e4 olevaa painiketta. N\u00e4in voit palata ev\u00e4steiden suostumusbanneriin ja muuttaa asetuksiasi tai peruuttaa suostumuksesi v\u00e4litt\u00f6m\u00e4sti.<\/p><p>T\u00e4m\u00e4n lis\u00e4ksi eri selaimet tarjoavat erilaisia tapoja est\u00e4\u00e4 ja poistaa verkkosivustojen k\u00e4ytt\u00e4mi\u00e4 ev\u00e4steit\u00e4. Voit muuttaa selaimesi asetuksia est\u00e4\u00e4ksesi\/poistaaksesi ev\u00e4steet. Alla on linkit tukiasiakirjoihin, jotka koskevat ev\u00e4steiden hallintaa ja poistamista yleisimmist\u00e4 verkkoselaimista.<\/p><p>Kromi: <a href=\"https:\/\/support.google.com\/accounts\/answer\/32050\" target=\"_blank\" rel=\"noopener noreferrer\">https:\/\/support.google.com\/accounts\/answer\/32050<\/a><\/p><p>Safari: <a href=\"https:\/\/support.apple.com\/en-in\/guide\/safari\/sfri11471\/mac\" target=\"_blank\" rel=\"noopener noreferrer\">https:\/\/support.apple.com\/en-in\/guide\/safari\/sfri11471\/mac<\/a><\/p><p>Firefox: <a href=\"https:\/\/support.mozilla.org\/en-US\/kb\/clear-cookies-and-site-data-firefox?redirectslug=delete-cookies-remove-info-websites-stored&amp;redirectlocale=en-US\" target=\"_blank\" rel=\"noopener noreferrer\">https:\/\/support.mozilla.org\/en-US\/kb\/clear-cookies-and-site-data-firefox?redirectslug=delete-cookies-remove-info-websites-stored&amp;redirectlocale=en-US<\/a><\/p><p>Internet Explorer: <a href=\"https:\/\/support.microsoft.com\/en-us\/topic\/how-to-delete-cookie-files-in-internet-explorer-bca9446f-d873-78de-77ba-d42645fa52fc\" target=\"_blank\" rel=\"noopener noreferrer\">https:\/\/support.microsoft.com\/en-us\/topic\/how-to-delete-cookie-files-in-internet-explorer-bca9446f-d873-78de-77ba-d42645fa52fc<\/a><\/p><p>Jos k\u00e4yt\u00e4t jotakin muuta verkkoselainta, k\u00e4y selaimesi virallisissa tukiasiakirjoissa.<\/p><\/div>\t\t\t\t\t\t\t\t<\/div>\n\t\t\t\t<\/div>\n\t\t\t\t\t<\/div>\n\t\t<\/div>\n\t\t\t\t\t<\/div>\n\t\t<\/section>\n\t\t<div class=\"elementor-element elementor-element-178839a e-con-full e-flex e-con e-parent\" data-id=\"178839a\" data-element_type=\"container\">\n\t\t\t\t<\/div>\n\t\t\t\t<\/div>","protected":false},"excerpt":{"rendered":"<p>Tietosuojak\u00e4yt\u00e4nt\u00f6 Cane Candy O\u00dc REK. NR: 14830716Mere 2 M2 (14), Sillam\u00e4e It\u00e4-Virumaa, 40231+372 56824471 candeebaar@gmail.com Yleist\u00e4 Tilausta tehdess\u00e4\u00e4n asiakas hyv\u00e4ksyy seuraavat kohdat ja takaa omalta osaltaan oikea-aikaisen maksun ja tilauksen loppuun saattamiseksi tarvittavien yhteystietojen oikeellisuuden. Postitse tilausta tehdess\u00e4\u00e4n [\u2026]<\/p>","protected":false},"author":1,"featured_media":0,"parent":0,"menu_order":0,"comment_status":"closed","ping_status":"open","template":"elementor_header_footer","meta":{"_seopress_robots_primary_cat":"","_seopress_titles_title":"","_seopress_titles_desc":"","_seopress_robots_index":"","footnotes":""},"class_list":["post-3465","page","type-page","status-publish","hentry"],"_links":{"self":[{"href":"https:\/\/candeebaar.ee\/fi\/wp-json\/wp\/v2\/pages\/3465","targetHints":{"allow":["GET"]}}],"collection":[{"href":"https:\/\/candeebaar.ee\/fi\/wp-json\/wp\/v2\/pages"}],"about":[{"href":"https:\/\/candeebaar.ee\/fi\/wp-json\/wp\/v2\/types\/page"}],"author":[{"embeddable":true,"href":"https:\/\/candeebaar.ee\/fi\/wp-json\/wp\/v2\/users\/1"}],"replies":[{"embeddable":true,"href":"https:\/\/candeebaar.ee\/fi\/wp-json\/wp\/v2\/comments?post=3465"}],"version-history":[{"count":38,"href":"https:\/\/candeebaar.ee\/fi\/wp-json\/wp\/v2\/pages\/3465\/revisions"}],"predecessor-version":[{"id":9216,"href":"https:\/\/candeebaar.ee\/fi\/wp-json\/wp\/v2\/pages\/3465\/revisions\/9216"}],"wp:attachment":[{"href":"https:\/\/candeebaar.ee\/fi\/wp-json\/wp\/v2\/media?parent=3465"}],"curies":[{"name":"wp","href":"https:\/\/api.w.org\/{rel}","templated":true}]}}