{"id":4481,"date":"2024-12-27T16:23:16","date_gmt":"2024-12-27T16:23:16","guid":{"rendered":"https:\/\/storetest.ivi.ee\/?page_id=4481"},"modified":"2025-04-08T07:11:46","modified_gmt":"2025-04-08T05:11:46","slug":"toimitus","status":"publish","type":"page","link":"https:\/\/candeebaar.ee\/fi\/toimitus\/","title":{"rendered":"Toimitus"},"content":{"rendered":"<div data-elementor-type=\"wp-page\" data-elementor-id=\"4481\" class=\"elementor elementor-4481\">\n\t\t\t\t\t\t<section class=\"elementor-section elementor-top-section elementor-element elementor-element-71773ca0 elementor-section-boxed elementor-section-height-default elementor-section-height-default\" data-id=\"71773ca0\" data-element_type=\"section\">\n\t\t\t\t\t\t<div class=\"elementor-container elementor-column-gap-default\">\n\t\t\t\t\t<div class=\"elementor-column elementor-col-100 elementor-top-column elementor-element elementor-element-fac6956\" data-id=\"fac6956\" data-element_type=\"column\">\n\t\t\t<div class=\"elementor-widget-wrap elementor-element-populated\">\n\t\t\t\t\t\t<div class=\"elementor-element elementor-element-3336b8f elementor-widget elementor-widget-nest-title-v1\" data-id=\"3336b8f\" data-element_type=\"widget\" data-widget_type=\"nest-title-v1.default\">\n\t\t\t\t<div class=\"elementor-widget-container\">\n\t\t\t\t\t        <div class=\"section_title type_one\">\r\n                                        <div class=\"title_whole\">\r\n                    <div class=\"title\"> Toimitus  <\/div>\r\n                                    <\/div>\r\n                                <\/div>\r\n    \t\t\t\t<\/div>\n\t\t\t\t<\/div>\n\t\t\t\t<div class=\"elementor-element elementor-element-570fec7a elementor-widget elementor-widget-text-editor\" data-id=\"570fec7a\" data-element_type=\"widget\" data-widget_type=\"text-editor.default\">\n\t\t\t\t<div class=\"elementor-widget-container\">\n\t\t\t\t\t\t\t\t\t<p>Kaikki tuotteet s\u00e4ilytet\u00e4\u00e4n varastossamme Sillam\u00e4ell\u00e4 ja tilaukset valmistetaan heti maksun saapumisen j\u00e4lkeen. L\u00e4het\u00e4mme tilaukset joka arkip\u00e4iv\u00e4 noin klo 12.00. Yleens\u00e4 Viron sis\u00e4ll\u00e4 tilauksesi saapuu valittuun pakettiautomaattiin 2-3 arkip\u00e4iv\u00e4ss\u00e4.<br \/><br \/>Huomaa, ett\u00e4 joitain ainesosia ei v\u00e4ltt\u00e4m\u00e4tt\u00e4 ole pakattu alkuper\u00e4iseen pakkaukseensa.<\/p><p>K\u00e4yt\u00e4mme toimitukseen seuraavia pakettiautomaatteja:<\/p><ul><li style=\"color: #7d7d7d !important; font-weight: normal;\"><strong>Smartpost<\/strong>: Viro, Latvia, Suomi, Liettua<\/li><li style=\"color: #7d7d7d !important; font-weight: normal;\"><strong>Omniva:\u00a0<\/strong><span style=\"font-family: Roboto, sans-serif; font-size: 16px; font-style: normal; font-variant-ligatures: normal; font-variant-caps: normal; font-weight: 400;\">Viro, Latvia, Liettua<\/span><\/li><li style=\"color: #7d7d7d !important; font-weight: normal;\">Lis\u00e4ksi sopimuksen mukaan voidaan k\u00e4ytt\u00e4\u00e4 muita molemmille osapuolille sopivia toimitusvaihtoehtoja (t\u00e4m\u00e4 tulee keskustella ennen tilauksen tekemist\u00e4).<\/li><li style=\"color: #7d7d7d !important; font-weight: normal;\">On mahdollista, ett\u00e4 isojen tilausten yhteydess\u00e4 ei ole mahdollista k\u00e4ytt\u00e4\u00e4 pakettiautomaattia. Siin\u00e4 tapauksessa otamme sinuun yhteytt\u00e4 ja selvit\u00e4mme k\u00e4ytett\u00e4viss\u00e4 olevat ratkaisut.<\/li><li style=\"color: #7d7d7d !important; font-weight: normal;\">Huomaathan, ett\u00e4 pyh\u00e4p\u00e4ivin\u00e4 ja viikonloppuisin kansainv\u00e4liset maksut hyvitet\u00e4\u00e4n seuraavana arkip\u00e4iv\u00e4n\u00e4. Jos haluat saada tilauksesi mahdollisimman nopeasti, l\u00e4het\u00e4 meille kuvakaappaus tai PDF-tiedosto maksusta.<\/li><\/ul><p style=\"color: #0077b4;\">Ruotsin ja Saksan kuriiri DPD 37 \u20ac. Toimitus osoitteeseen kuriirilla.<br \/>Rajoitukset koskevat Ruotsin syrj\u00e4isi\u00e4 alueita (katso alla oleva hakemistotaulukko):<\/p>\t\t\t\t\t\t\t\t<\/div>\n\t\t\t\t<\/div>\n\t\t\t\t\t<\/div>\n\t\t<\/div>\n\t\t\t\t\t<\/div>\n\t\t<\/section>\n\t\t\t\t<section class=\"elementor-section elementor-top-section elementor-element elementor-element-2b3b129 elementor-section-boxed elementor-section-height-default elementor-section-height-default\" data-id=\"2b3b129\" data-element_type=\"section\">\n\t\t\t\t\t\t<div class=\"elementor-container elementor-column-gap-default\">\n\t\t\t\t\t<div class=\"elementor-column elementor-col-50 elementor-top-column elementor-element elementor-element-2c8d8eb\" data-id=\"2c8d8eb\" data-element_type=\"column\">\n\t\t\t<div class=\"elementor-widget-wrap elementor-element-populated\">\n\t\t\t\t\t\t<div class=\"elementor-element elementor-element-5a2320b elementor-widget elementor-widget-text-editor\" data-id=\"5a2320b\" data-element_type=\"widget\" data-widget_type=\"text-editor.default\">\n\t\t\t\t<div class=\"elementor-widget-container\">\n\t\t\t\t\t\t\t\t\t<table style=\"width: 100%; border-collapse: collapse; margin: 1em 0;\">\n  <tbody>\n\n    <!-- Row 1 (white background) -->\n    <tr style=\"background-color: #fff;\">\n      <td style=\"border: 1px solid #ccc; padding: 6px; text-align: right;\">11115<\/td>\n      <td style=\"border: 1px solid #ccc; padding: 6px; text-align: right;\">42673<\/td>\n      <td style=\"border: 1px solid #ccc; padding: 6px; text-align: right;\">47161<\/td>\n      <td style=\"border: 1px solid #ccc; padding: 6px; text-align: right;\">61995<\/td>\n      <td style=\"border: 1px solid #ccc; padding: 6px; text-align: right;\">86296<\/td>\n    <\/tr>\n\n    <!-- Row 2 (light-gray background) -->\n    <tr style=\"background-color: #f9f9f9;\">\n      <td style=\"border: 1px solid #ccc; padding: 6px; text-align: right;\">13025<\/td>\n      <td style=\"border: 1px solid #ccc; padding: 6px; text-align: right;\">43265<\/td>\n      <td style=\"border: 1px solid #ccc; padding: 6px; text-align: right;\">47190<\/td>\n      <td style=\"border: 1px solid #ccc; padding: 6px; text-align: right;\">62465<\/td>\n      <td style=\"border: 1px solid #ccc; padding: 6px; text-align: right;\">86592<\/td>\n    <\/tr>\n\n    <!-- Row 3 (white background) -->\n    <tr style=\"background-color: #fff;\">\n      <td style=\"border: 1px solid #ccc; padding: 6px; text-align: right;\">13033<\/td>\n      <td style=\"border: 1px solid #ccc; padding: 6px; text-align: right;\">43295<\/td>\n      <td style=\"border: 1px solid #ccc; padding: 6px; text-align: right;\">47195<\/td>\n      <td style=\"border: 1px solid #ccc; padding: 6px; text-align: right;\">66191<\/td>\n      <td style=\"border: 1px solid #ccc; padding: 6px; text-align: right;\">87195<\/td>\n    <\/tr>\n\n    <!-- Row 4 (light-gray background) -->\n    <tr style=\"background-color: #f9f9f9;\">\n      <td style=\"border: 1px solid #ccc; padding: 6px; text-align: right;\">13034<\/td>\n      <td style=\"border: 1px solid #ccc; padding: 6px; text-align: right;\">44271<\/td>\n      <td style=\"border: 1px solid #ccc; padding: 6px; text-align: right;\">47471<\/td>\n      <td style=\"border: 1px solid #ccc; padding: 6px; text-align: right;\">74291<\/td>\n      <td style=\"border: 1px solid #ccc; padding: 6px; text-align: right;\">89190<\/td>\n    <\/tr>\n\n    <!-- Row 5 (white background) -->\n    <tr style=\"background-color: #fff;\">\n      <td style=\"border: 1px solid #ccc; padding: 6px; text-align: right;\">13036<\/td>\n      <td style=\"border: 1px solid #ccc; padding: 6px; text-align: right;\">44298<\/td>\n      <td style=\"border: 1px solid #ccc; padding: 6px; text-align: right;\">47474<\/td>\n      <td style=\"border: 1px solid #ccc; padding: 6px; text-align: right;\">74296<\/td>\n      <td style=\"border: 1px solid #ccc; padding: 6px; text-align: right;\">89196<\/td>\n    <\/tr>\n\n    <!-- Row 6 (light-gray background) -->\n    <tr style=\"background-color: #f9f9f9;\">\n      <td style=\"border: 1px solid #ccc; padding: 6px; text-align: right;\">13038<\/td>\n      <td style=\"border: 1px solid #ccc; padding: 6px; text-align: right;\">44448<\/td>\n      <td style=\"border: 1px solid #ccc; padding: 6px; text-align: right;\">47492<\/td>\n      <td style=\"border: 1px solid #ccc; padding: 6px; text-align: right;\">74297<\/td>\n      <td style=\"border: 1px solid #ccc; padding: 6px; text-align: right;\">89340<\/td>\n    <\/tr>\n\n    <!-- Row 7 (white background) -->\n    <tr style=\"background-color: #fff;\">\n      <td style=\"border: 1px solid #ccc; padding: 6px; text-align: right;\">13039<\/td>\n      <td style=\"border: 1px solid #ccc; padding: 6px; text-align: right;\">45179<\/td>\n      <td style=\"border: 1px solid #ccc; padding: 6px; text-align: right;\">47496<\/td>\n      <td style=\"border: 1px solid #ccc; padding: 6px; text-align: right;\">76015<\/td>\n      <td style=\"border: 1px solid #ccc; padding: 6px; text-align: right;\">89691<\/td>\n    <\/tr>\n\n    <!-- Row 8 (light-gray background) -->\n    <tr style=\"background-color: #f9f9f9;\">\n      <td style=\"border: 1px solid #ccc; padding: 6px; text-align: right;\">13041<\/td>\n      <td style=\"border: 1px solid #ccc; padding: 6px; text-align: right;\">45196<\/td>\n      <td style=\"border: 1px solid #ccc; padding: 6px; text-align: right;\">47550<\/td>\n      <td style=\"border: 1px solid #ccc; padding: 6px; text-align: right;\">76017<\/td>\n      <td style=\"border: 1px solid #ccc; padding: 6px; text-align: right;\">90422<\/td>\n    <\/tr>\n\n    <!-- Row 9 (white background) -->\n    <tr style=\"background-color: #fff;\">\n      <td style=\"border: 1px solid #ccc; padding: 6px; text-align: right;\">13042<\/td>\n      <td style=\"border: 1px solid #ccc; padding: 6px; text-align: right;\">45250<\/td>\n      <td style=\"border: 1px solid #ccc; padding: 6px; text-align: right;\">53199<\/td>\n      <td style=\"border: 1px solid #ccc; padding: 6px; text-align: right;\">76018<\/td>\n      <td style=\"border: 1px solid #ccc; padding: 6px; text-align: right;\">90596<\/td>\n    <\/tr>\n\n    <!-- Row 10 (light-gray background) -->\n    <tr style=\"background-color: #f9f9f9;\">\n      <td style=\"border: 1px solid #ccc; padding: 6px; text-align: right;\">13044<\/td>\n      <td style=\"border: 1px solid #ccc; padding: 6px; text-align: right;\">45251<\/td>\n      <td style=\"border: 1px solid #ccc; padding: 6px; text-align: right;\">54291<\/td>\n      <td style=\"border: 1px solid #ccc; padding: 6px; text-align: right;\">76019<\/td>\n      <td style=\"border: 1px solid #ccc; padding: 6px; text-align: right;\">90788<\/td>\n    <\/tr>\n\n    <!-- Row 11 (white background) -->\n    <tr style=\"background-color: #fff;\">\n      <td style=\"border: 1px solid #ccc; padding: 6px; text-align: right;\">13045<\/td>\n      <td style=\"border: 1px solid #ccc; padding: 6px; text-align: right;\">45252<\/td>\n      <td style=\"border: 1px solid #ccc; padding: 6px; text-align: right;\">57292<\/td>\n      <td style=\"border: 1px solid #ccc; padding: 6px; text-align: right;\">76021<\/td>\n      <td style=\"border: 1px solid #ccc; padding: 6px; text-align: right;\">91335<\/td>\n    <\/tr>\n\n    <!-- Row 12 (light-gray background) -->\n    <tr style=\"background-color: #f9f9f9;\">\n      <td style=\"border: 1px solid #ccc; padding: 6px; text-align: right;\">13055<\/td>\n      <td style=\"border: 1px solid #ccc; padding: 6px; text-align: right;\">45290<\/td>\n      <td style=\"border: 1px solid #ccc; padding: 6px; text-align: right;\">57293<\/td>\n      <td style=\"border: 1px solid #ccc; padding: 6px; text-align: right;\">76112<\/td>\n      <td style=\"border: 1px solid #ccc; padding: 6px; text-align: right;\">91342<\/td>\n    <\/tr>\n\n    <!-- Row 13 (white background) -->\n    <tr style=\"background-color: #fff;\">\n      <td style=\"border: 1px solid #ccc; padding: 6px; text-align: right;\">13056<\/td>\n      <td style=\"border: 1px solid #ccc; padding: 6px; text-align: right;\">45291<\/td>\n      <td style=\"border: 1px solid #ccc; padding: 6px; text-align: right;\">57295<\/td>\n      <td style=\"border: 1px solid #ccc; padding: 6px; text-align: right;\">76193<\/td>\n      <td style=\"border: 1px solid #ccc; padding: 6px; text-align: right;\">91496<\/td>\n    <\/tr>\n\n  <\/tbody>\n<\/table>\n\t\t\t\t\t\t\t\t<\/div>\n\t\t\t\t<\/div>\n\t\t\t\t\t<\/div>\n\t\t<\/div>\n\t\t\t\t<div class=\"elementor-column elementor-col-50 elementor-top-column elementor-element elementor-element-2fc5f05\" data-id=\"2fc5f05\" data-element_type=\"column\">\n\t\t\t<div class=\"elementor-widget-wrap elementor-element-populated\">\n\t\t\t\t\t\t<div class=\"elementor-element elementor-element-0fceaec elementor-widget elementor-widget-text-editor\" data-id=\"0fceaec\" data-element_type=\"widget\" data-widget_type=\"text-editor.default\">\n\t\t\t\t<div class=\"elementor-widget-container\">\n\t\t\t\t\t\t\t\t\t<table style=\"width: 100%; border-collapse: collapse; margin: 1em 0;\">\n  <tbody>\n\n    <!-- Row 14 (light-gray background) -->\n    <tr style=\"background-color: #f9f9f9;\">\n      <td style=\"border: 1px solid #ccc; padding: 6px; text-align: right;\">14898<\/td>\n      <td style=\"border: 1px solid #ccc; padding: 6px; text-align: right;\">45296<\/td>\n      <td style=\"border: 1px solid #ccc; padding: 6px; text-align: right;\">59374<\/td>\n      <td style=\"border: 1px solid #ccc; padding: 6px; text-align: right;\">76194<\/td>\n      <td style=\"border: 1px solid #ccc; padding: 6px; text-align: right;\">91834<\/td>\n    <\/tr>\n\n    <!-- Row 15 (white background) -->\n    <tr style=\"background-color: #fff;\">\n      <td style=\"border: 1px solid #ccc; padding: 6px; text-align: right;\">14995<\/td>\n      <td style=\"border: 1px solid #ccc; padding: 6px; text-align: right;\">45393<\/td>\n      <td style=\"border: 1px solid #ccc; padding: 6px; text-align: right;\">59391<\/td>\n      <td style=\"border: 1px solid #ccc; padding: 6px; text-align: right;\">76196<\/td>\n      <td style=\"border: 1px solid #ccc; padding: 6px; text-align: right;\">93232<\/td>\n    <\/tr>\n\n    <!-- Row 16 (light-gray background) -->\n    <tr style=\"background-color: #f9f9f9;\">\n      <td style=\"border: 1px solid #ccc; padding: 6px; text-align: right;\">15393<\/td>\n      <td style=\"border: 1px solid #ccc; padding: 6px; text-align: right;\">45491<\/td>\n      <td style=\"border: 1px solid #ccc; padding: 6px; text-align: right;\">59392<\/td>\n      <td style=\"border: 1px solid #ccc; padding: 6px; text-align: right;\">76197<\/td>\n      <td style=\"border: 1px solid #ccc; padding: 6px; text-align: right;\">93235<\/td>\n    <\/tr>\n\n    <!-- Row 17 (white background) -->\n    <tr style=\"background-color: #fff;\">\n      <td style=\"border: 1px solid #ccc; padding: 6px; text-align: right;\">18129<\/td>\n      <td style=\"border: 1px solid #ccc; padding: 6px; text-align: right;\">45631<\/td>\n      <td style=\"border: 1px solid #ccc; padding: 6px; text-align: right;\">59393<\/td>\n      <td style=\"border: 1px solid #ccc; padding: 6px; text-align: right;\">76453<\/td>\n      <td style=\"border: 1px solid #ccc; padding: 6px; text-align: right;\">94146<\/td>\n    <\/tr>\n\n    <!-- Row 18 (light-gray background) -->\n    <tr style=\"background-color: #f9f9f9;\">\n      <td style=\"border: 1px solid #ccc; padding: 6px; text-align: right;\">18352<\/td>\n      <td style=\"border: 1px solid #ccc; padding: 6px; text-align: right;\">45692<\/td>\n      <td style=\"border: 1px solid #ccc; padding: 6px; text-align: right;\">59471<\/td>\n      <td style=\"border: 1px solid #ccc; padding: 6px; text-align: right;\">76457<\/td>\n      <td style=\"border: 1px solid #ccc; padding: 6px; text-align: right;\">94534<\/td>\n    <\/tr>\n\n    <!-- Row 19 (white background) -->\n    <tr style=\"background-color: #fff;\">\n      <td style=\"border: 1px solid #ccc; padding: 6px; text-align: right;\">18491<\/td>\n      <td style=\"border: 1px solid #ccc; padding: 6px; text-align: right;\">45740<\/td>\n      <td style=\"border: 1px solid #ccc; padding: 6px; text-align: right;\">61025<\/td>\n      <td style=\"border: 1px solid #ccc; padding: 6px; text-align: right;\">81963<\/td>\n      <td style=\"border: 1px solid #ccc; padding: 6px; text-align: right;\">94591<\/td>\n    <\/tr>\n\n    <!-- Row 20 (light-gray background) -->\n    <tr style=\"background-color: #f9f9f9;\">\n      <td style=\"border: 1px solid #ccc; padding: 6px; text-align: right;\">18495<\/td>\n      <td style=\"border: 1px solid #ccc; padding: 6px; text-align: right;\">45773<\/td>\n      <td style=\"border: 1px solid #ccc; padding: 6px; text-align: right;\">61027<\/td>\n      <td style=\"border: 1px solid #ccc; padding: 6px; text-align: right;\">82493<\/td>\n      <td style=\"border: 1px solid #ccc; padding: 6px; text-align: right;\">95244<\/td>\n    <\/tr>\n\n    <!-- Row 21 (white background) -->\n    <tr style=\"background-color: #fff;\">\n      <td style=\"border: 1px solid #ccc; padding: 6px; text-align: right;\">18497<\/td>\n      <td style=\"border: 1px solid #ccc; padding: 6px; text-align: right;\">45795<\/td>\n      <td style=\"border: 1px solid #ccc; padding: 6px; text-align: right;\">61199<\/td>\n      <td style=\"border: 1px solid #ccc; padding: 6px; text-align: right;\">82592<\/td>\n      <td style=\"border: 1px solid #ccc; padding: 6px; text-align: right;\">95250<\/td>\n    <\/tr>\n\n    <!-- Row 22 (light-gray background) -->\n    <tr style=\"background-color: #f9f9f9;\">\n      <td style=\"border: 1px solid #ccc; padding: 6px; text-align: right;\">29407<\/td>\n      <td style=\"border: 1px solid #ccc; padding: 6px; text-align: right;\">45797<\/td>\n      <td style=\"border: 1px solid #ccc; padding: 6px; text-align: right;\">61331<\/td>\n      <td style=\"border: 1px solid #ccc; padding: 6px; text-align: right;\">82595<\/td>\n      <td style=\"border: 1px solid #ccc; padding: 6px; text-align: right;\">95291<\/td>\n    <\/tr>\n\n    <!-- Row 23 (white background) -->\n    <tr style=\"background-color: #fff;\">\n      <td style=\"border: 1px solid #ccc; padding: 6px; text-align: right;\">37290<\/td>\n      <td style=\"border: 1px solid #ccc; padding: 6px; text-align: right;\">45991<\/td>\n      <td style=\"border: 1px solid #ccc; padding: 6px; text-align: right;\">61335<\/td>\n      <td style=\"border: 1px solid #ccc; padding: 6px; text-align: right;\">82673<\/td>\n      <td style=\"border: 1px solid #ccc; padding: 6px; text-align: right;\">95295<\/td>\n    <\/tr>\n\n    <!-- Row 24 (light-gray background) -->\n    <tr style=\"background-color: #f9f9f9;\">\n      <td style=\"border: 1px solid #ccc; padding: 6px; text-align: right;\">37371<\/td>\n      <td style=\"border: 1px solid #ccc; padding: 6px; text-align: right;\">45993<\/td>\n      <td style=\"border: 1px solid #ccc; padding: 6px; text-align: right;\">61498<\/td>\n      <td style=\"border: 1px solid #ccc; padding: 6px; text-align: right;\">82677<\/td>\n      <td style=\"border: 1px solid #ccc; padding: 6px; text-align: right;\">97455<\/td>\n    <\/tr>\n\n    <!-- Row 25 (white background) -->\n    <tr style=\"background-color: #fff;\">\n      <td style=\"border: 1px solid #ccc; padding: 6px; text-align: right;\">37494<\/td>\n      <td style=\"border: 1px solid #ccc; padding: 6px; text-align: right;\">47141<\/td>\n      <td style=\"border: 1px solid #ccc; padding: 6px; text-align: right;\">61593<\/td>\n      <td style=\"border: 1px solid #ccc; padding: 6px; text-align: right;\">82691<\/td>\n      <td style=\"border: 1px solid #ccc; padding: 6px; text-align: right;\">97499<\/td>\n    <\/tr>\n\n    <!-- Row 26 (light-gray background) -->\n    <tr style=\"background-color: #f9f9f9;\">\n      <td style=\"border: 1px solid #ccc; padding: 6px; text-align: right;\">38391<\/td>\n      <td style=\"border: 1px solid #ccc; padding: 6px; text-align: right;\">47143<\/td>\n      <td style=\"border: 1px solid #ccc; padding: 6px; text-align: right;\">61596<\/td>\n      <td style=\"border: 1px solid #ccc; padding: 6px; text-align: right;\">82996<\/td>\n      <td style=\"border: 1px solid #ccc; padding: 6px; text-align: right;\">97592<\/td>\n    <\/tr>\n\n    <!-- Row 27 (white background) | Final rows (additional indexes) -->\n    <tr style=\"background-color: #fff;\">\n      <td style=\"border: 1px solid #ccc; padding: 6px; text-align: right;\">39477<\/td>\n      <td style=\"border: 1px solid #ccc; padding: 6px; text-align: right;\">47144<\/td>\n      <td style=\"border: 1px solid #ccc; padding: 6px; text-align: right;\">61992<\/td>\n      <td style=\"border: 1px solid #ccc; padding: 6px; text-align: right;\">86291<\/td>\n      <td style=\"border: 1px solid #ccc; padding: 6px; text-align: right;\">97595<\/td>\n    <\/tr>\n\n  <\/tbody>\n<\/table>\n\t\t\t\t\t\t\t\t<\/div>\n\t\t\t\t<\/div>\n\t\t\t\t\t<\/div>\n\t\t<\/div>\n\t\t\t\t\t<\/div>\n\t\t<\/section>\n\t\t\t\t<section class=\"elementor-section elementor-top-section elementor-element elementor-element-9602169 elementor-section-boxed elementor-section-height-default elementor-section-height-default\" data-id=\"9602169\" data-element_type=\"section\">\n\t\t\t\t\t\t<div class=\"elementor-container elementor-column-gap-default\">\n\t\t\t\t\t<div class=\"elementor-column elementor-col-100 elementor-top-column elementor-element elementor-element-cfb307b\" data-id=\"cfb307b\" data-element_type=\"column\">\n\t\t\t<div class=\"elementor-widget-wrap elementor-element-populated\">\n\t\t\t\t\t\t<div class=\"elementor-element elementor-element-4722ec3 elementor-widget elementor-widget-text-editor\" data-id=\"4722ec3\" data-element_type=\"widget\" data-widget_type=\"text-editor.default\">\n\t\t\t\t<div class=\"elementor-widget-container\">\n\t\t\t\t\t\t\t\t\t<p><strong>P\u00e4\u00e4s\u00e4\u00e4nt\u00f6isesti arkip\u00e4ivisin toimitamme pakettiautomaattiin noin 90% tapauksista 24 tunnin sis\u00e4ll\u00e4 (ennakoimattomissa olosuhteissa jopa 7 vrk) maksun vastaanottamisesta<\/strong>tai saatuaan s\u00e4hk\u00f6postin, jossa on maksuvahvistus.<br><strong>Mik\u00e4li tilaus on kiireellinen ja sit\u00e4 tarvitaan tiettyyn p\u00e4iv\u00e4m\u00e4\u00e4r\u00e4\u00e4n menness\u00e4, suosittelemme ottamaan meihin yhteytt\u00e4 etuk\u00e4teen toimitusajan selvitt\u00e4miseksi.<\/strong> (Viikonloppuisin pankkisiirrot viev\u00e4t huomattavasti kauemmin.) Kun tilaus on l\u00e4hetetty, toimitusaika riippuu valitusta kuriirista. Jos haluat muuttaa jo tehty\u00e4 tilausta, ole hyv\u00e4 ja kirjoita meille tai soita meille, anna tilausnumero ja t\u00e4smenn\u00e4 toiveesi. Jos tilauksesi ei ole saapunut 5 arkip\u00e4iv\u00e4n kuluessa l\u00e4hett\u00e4misest\u00e4, ota meihin yhteytt\u00e4 asioiden selvitt\u00e4miseksi.<\/p>\n<p>Kun tilaat suuria m\u00e4\u00e4ri\u00e4 tuotteita kuten suklaata, kaakaovoita, mantelijauhoja ja isomaltia, pakkaamme ne oletusarvoisesti yhteen.<\/p>\n<p>Esimerkiksi: jos tilaat 3 \u00d7 400 g valkosuklaata, saat yhden 1200 g:n paketin. Jos haluat jokaisen paketin erikseen, ota yhteytt\u00e4 etuk\u00e4teen.<\/p>\n<p>Huomioithan, ett\u00e4 l\u00e4hetyksess\u00e4 k\u00e4ytt\u00e4m\u00e4mme Smartpost-pakettiautomaatti sijaitsee sis\u00e4tiloissa. N\u00e4in varmistetaan, ett\u00e4 elintarvikkeiden vaadittu s\u00e4ilytysl\u00e4mp\u00f6tila voidaan s\u00e4ilytt\u00e4\u00e4 ymp\u00e4ri vuoden. Valitettavasti emme voi sanoa samaa muista pakettiautomaateista.<\/p>\n<p><strong>Kovalla pakkasella ja varsinkin helteell\u00e4 Omnivan ja DPD:n pakettiautomaattien k\u00e4ytt\u00f6\u00e4 elintarvikkeiden l\u00e4hett\u00e4miseen ei suositella.<\/strong><\/p>\n<p>Candeebaar ei vastaa pilaantuneista tavaroista siin\u00e4 tapauksessa, ett\u00e4 asiakas \u00e4\u00e4rimm\u00e4isist\u00e4 s\u00e4\u00e4olosuhteista huolimatta kuitenkin p\u00e4\u00e4tt\u00e4\u00e4 k\u00e4ytt\u00e4\u00e4 sopimattomia toimitustapoja. Vastuullisena yrityksen\u00e4 ilmoitamme kuitenkin aina asiakkaalle mahdollisista riskeist\u00e4. Mik\u00e4li odottamattomat s\u00e4\u00e4muutokset johtavat tuotevaurioihin, korvaamme asiakkaan kulut kokonaisuudessaan.<\/p>\n<h4>Toimitus IDA VIRU<\/h4>\n<p>kaupungeille (<strong>Sillam\u00e4e, Voka, Toila, Oru, J\u00f5hvi, Ahtme, Kukruse, Kohtla-J\u00e4rve, Narva-J\u00f5esuu, Narva<\/strong>) Ida-Virumaalla toimitus tapahtuu <strong>joka torstai klo 12.00-20.00<\/strong> antamaasi osoitteeseen, suoraan kotiisi. Suosittelemme tekem\u00e4\u00e4n tilauksesi v\u00e4hint\u00e4\u00e4n p\u00e4iv\u00e4\u00e4 ennen toimitusp\u00e4iv\u00e4\u00e4. Sovimme tarkan toimitusajan puhelimitse.<\/p>\n<p>Nouto (omanouto) Sillam\u00e4e Viru pst 2a on mahdollinen. Koska emme kuitenkaan ole aina paikan p\u00e4\u00e4ll\u00e4, sinun tulee sopia noutoaika kanssamme etuk\u00e4teen.<\/p>\n<h4>Maksu<\/h4>\n<p>SWEDBANK<br>Pankin osoite: Liivalaia 8, 15040 Tallinna<br>SWIFT\/BIC-koodi: HABAEE2X<br>Reg. nro: 10060701<\/p>\n<p><strong>Tilitietomme:<br>Canecandy O\u00dc<br>EE822200221072596091<br>Osoitteemme: Viru pst. 2a, 40232 Sillam\u00e4e<\/strong><\/p>\n<p>\u2022 <strong>Pankkimaksu.<\/strong> Suora maksu tilauksen yhteydess\u00e4 annettujen tilitietojen avulla. Viisinumeroista tilausnumeroa k\u00e4ytet\u00e4\u00e4n maksuviitteen\u00e4. Viron ulkopuolelta tulevia maksuja varten saatetaan tarvita lis\u00e4tietoja, ja sinun on ehk\u00e4 valittava &quot;kansainv\u00e4liset maksut&quot;.<\/p>\n<p>\u2022 <strong>Pankki linkki.<\/strong> Maksu suoralla pankkilinkill\u00e4.<\/p>\n<p>\u2022 Kun teet tilauksen EU-yrityksen\u00e4, ilmoita ALV-kentt\u00e4\u00e4n yrityksen nimi ja tarvittaessa (0% ALV EU:n sis\u00e4ll\u00e4) yrityksen ALV-numero. Vero v\u00e4hennet\u00e4\u00e4n automaattisesti, jos tiedot ovat oikein.&nbsp;<\/p>\t\t\t\t\t\t\t\t<\/div>\n\t\t\t\t<\/div>\n\t\t\t\t\t<\/div>\n\t\t<\/div>\n\t\t\t\t\t<\/div>\n\t\t<\/section>\n\t\t\t\t<\/div>","protected":false},"excerpt":{"rendered":"<p>Delivery All products are kept in our warehouse in Sillam\u00e4e, and orders are prepared immediately after the payment is received. We dispatch orders every business day around 12:00. Typically, within Estonia, your order arrives at the selected parcel machine in 2\u20133 business days. Please note, some ingredients may not be packed in its original packaging. [&hellip;]<\/p>","protected":false},"author":1,"featured_media":0,"parent":0,"menu_order":0,"comment_status":"closed","ping_status":"closed","template":"elementor_header_footer","meta":{"_seopress_robots_primary_cat":"","_seopress_titles_title":"","_seopress_titles_desc":"","_seopress_robots_index":"","footnotes":""},"class_list":["post-4481","page","type-page","status-publish","hentry"],"_links":{"self":[{"href":"https:\/\/candeebaar.ee\/fi\/wp-json\/wp\/v2\/pages\/4481","targetHints":{"allow":["GET"]}}],"collection":[{"href":"https:\/\/candeebaar.ee\/fi\/wp-json\/wp\/v2\/pages"}],"about":[{"href":"https:\/\/candeebaar.ee\/fi\/wp-json\/wp\/v2\/types\/page"}],"author":[{"embeddable":true,"href":"https:\/\/candeebaar.ee\/fi\/wp-json\/wp\/v2\/users\/1"}],"replies":[{"embeddable":true,"href":"https:\/\/candeebaar.ee\/fi\/wp-json\/wp\/v2\/comments?post=4481"}],"version-history":[{"count":70,"href":"https:\/\/candeebaar.ee\/fi\/wp-json\/wp\/v2\/pages\/4481\/revisions"}],"predecessor-version":[{"id":11572,"href":"https:\/\/candeebaar.ee\/fi\/wp-json\/wp\/v2\/pages\/4481\/revisions\/11572"}],"wp:attachment":[{"href":"https:\/\/candeebaar.ee\/fi\/wp-json\/wp\/v2\/media?parent=4481"}],"curies":[{"name":"wp","href":"https:\/\/api.w.org\/{rel}","templated":true}]}}