{"id":4647,"date":"2024-12-27T18:47:28","date_gmt":"2024-12-27T18:47:28","guid":{"rendered":"https:\/\/storetest.ivi.ee\/?page_id=4647"},"modified":"2024-12-27T18:49:35","modified_gmt":"2024-12-27T18:49:35","slug":"takuu-ja-palautukset","status":"publish","type":"page","link":"https:\/\/candeebaar.ee\/fi\/takuu-ja-palautukset\/","title":{"rendered":"Takuu ja palautukset"},"content":{"rendered":"<div data-elementor-type=\"wp-page\" data-elementor-id=\"4647\" class=\"elementor elementor-4647\">\n\t\t\t\t\t\t<section class=\"elementor-section elementor-top-section elementor-element elementor-element-2e6ee3a7 elementor-section-boxed elementor-section-height-default elementor-section-height-default\" data-id=\"2e6ee3a7\" data-element_type=\"section\">\n\t\t\t\t\t\t<div class=\"elementor-container elementor-column-gap-default\">\n\t\t\t\t\t<div class=\"elementor-column elementor-col-100 elementor-top-column elementor-element elementor-element-2c19b2b2\" data-id=\"2c19b2b2\" data-element_type=\"column\">\n\t\t\t<div class=\"elementor-widget-wrap elementor-element-populated\">\n\t\t\t\t\t\t<div class=\"elementor-element elementor-element-350e6159 elementor-widget elementor-widget-text-editor\" data-id=\"350e6159\" data-element_type=\"widget\" data-widget_type=\"text-editor.default\">\n\t\t\t\t<div class=\"elementor-widget-container\">\n\t\t\t\t\t\t\t\t\t<h3>Yleinen palautusoikeus<\/h3><p>Jokaisella myym\u00e4l\u00e4st\u00e4mme tavaraa ostavalla asiakkaalla on laillinen oikeus palauttaa ne 14 p\u00e4iv\u00e4n kuluessa syyt\u00e4 ilmoittamatta. T\u00e4ss\u00e4 tapauksessa asiakas vastaa kuitenkin mahdollisista postikuluista. Sitoudumme palauttamaan palautetun tuotteen koko summan mahdollisimman pian ja viimeist\u00e4\u00e4n 14 p\u00e4iv\u00e4n kuluessa niiden vastaanottamisesta. Jos tuote on vaurioitunut tai huonolaatuinen meid\u00e4n syyt\u00e4mme, otamme sen takaisin t\u00e4yden hyvityksen\u00e4. <strong>Avatut ruokatuotteet<\/strong> voidaan palauttaa <strong>vain<\/strong> jos ne eiv\u00e4t t\u00e4yt\u00e4 ilmoitettuja ominaisuuksia.<\/p><h3>Mahdolliset viat ja varastoongelmat<\/h3><p>Saattaa olla tilanteita, joissa tilauksen k\u00e4sittelyn aikana havaitaan tavaravirheit\u00e4 tai ep\u00e4suhta varastosaldoissamme. T\u00e4llaisissa tapauksissa otamme sinuun pikaisesti yhteytt\u00e4 l\u00f6yt\u00e4\u00e4ksemme molempia osapuolia tyydytt\u00e4v\u00e4n ratkaisun.<\/p><h3>Elintarvikkeiden k\u00e4sittely<\/h3><p>Elintarvikkeet vaativat erityist\u00e4 k\u00e4sittely\u00e4 ja varastointia turvallisuuden ja laadun varmistamiseksi. Kun olet vastaanottanut tuotteet, tarkista pakkauksen eheys ja varmista, ett\u00e4 tuotteet vastaavat tilaustasi. S\u00e4ilyt\u00e4 tuotteet aina pakkauksessa olevien valmistajan ohjeiden mukaisesti. Jos tuotteita s\u00e4ilytet\u00e4\u00e4n sopimattomissa olosuhteissa, palautusta ei hyv\u00e4ksyt\u00e4, ja n\u00e4iden tuotteiden nauttiminen voi aiheuttaa terveysriskin. Lis\u00e4tietoja elintarvikkeiden asianmukaisesta s\u00e4ilytyksest\u00e4 ja k\u00e4sittelyst\u00e4 on osoitteessa <a href=\"https:\/\/vet.agri.ee\" target=\"_new\" rel=\"noopener\">vet.agri.ee<\/a>.<\/p><h3>Sitoumuksemme<\/h3><p>Olemme t\u00e4ysin sitoutuneet noudattamaan kaikkia elintarvikkeiden varastointia ja kierr\u00e4tyst\u00e4 koskevia normeja ja m\u00e4\u00e4r\u00e4yksi\u00e4. Jos kohtaat ongelmia tai olet huolissasi tilauksestasi, ota meihin v\u00e4litt\u00f6m\u00e4sti yhteytt\u00e4, jotta voimme k\u00e4sitell\u00e4 ja ratkaista ongelman.<\/p>\t\t\t\t\t\t\t\t<\/div>\n\t\t\t\t<\/div>\n\t\t\t\t\t<\/div>\n\t\t<\/div>\n\t\t\t\t\t<\/div>\n\t\t<\/section>\n\t\t\t\t<\/div>","protected":false},"excerpt":{"rendered":"<p>General Right of Return Each customer who purchases goods from our store has the legal right to return them within 14 days without giving a reason. However, in this case, the customer is responsible for any postage costs. We commit to refunding the entire amount for the returned goods as soon as possible and no [&hellip;]<\/p>","protected":false},"author":1,"featured_media":0,"parent":0,"menu_order":0,"comment_status":"closed","ping_status":"closed","template":"elementor_header_footer","meta":{"_seopress_robots_primary_cat":"","_seopress_titles_title":"","_seopress_titles_desc":"","_seopress_robots_index":"","footnotes":""},"class_list":["post-4647","page","type-page","status-publish","hentry"],"_links":{"self":[{"href":"https:\/\/candeebaar.ee\/fi\/wp-json\/wp\/v2\/pages\/4647","targetHints":{"allow":["GET"]}}],"collection":[{"href":"https:\/\/candeebaar.ee\/fi\/wp-json\/wp\/v2\/pages"}],"about":[{"href":"https:\/\/candeebaar.ee\/fi\/wp-json\/wp\/v2\/types\/page"}],"author":[{"embeddable":true,"href":"https:\/\/candeebaar.ee\/fi\/wp-json\/wp\/v2\/users\/1"}],"replies":[{"embeddable":true,"href":"https:\/\/candeebaar.ee\/fi\/wp-json\/wp\/v2\/comments?post=4647"}],"version-history":[{"count":10,"href":"https:\/\/candeebaar.ee\/fi\/wp-json\/wp\/v2\/pages\/4647\/revisions"}],"predecessor-version":[{"id":4658,"href":"https:\/\/candeebaar.ee\/fi\/wp-json\/wp\/v2\/pages\/4647\/revisions\/4658"}],"wp:attachment":[{"href":"https:\/\/candeebaar.ee\/fi\/wp-json\/wp\/v2\/media?parent=4647"}],"curies":[{"name":"wp","href":"https:\/\/api.w.org\/{rel}","templated":true}]}}