{"id":476,"date":"2022-02-25T16:14:00","date_gmt":"2022-02-25T16:14:00","guid":{"rendered":"https:\/\/themepanthers.com\/wp\/nest\/d1\/?page_id=476"},"modified":"2025-01-05T12:52:38","modified_gmt":"2025-01-05T10:52:38","slug":"noin","status":"publish","type":"page","link":"https:\/\/candeebaar.ee\/fi\/noin\/","title":{"rendered":"Noin"},"content":{"rendered":"<div data-elementor-type=\"wp-page\" data-elementor-id=\"476\" class=\"elementor elementor-476\">\n\t\t\t\t<div class=\"elementor-element elementor-element-9abcfdb e-flex e-con-boxed e-con e-parent\" data-id=\"9abcfdb\" data-element_type=\"container\">\n\t\t\t\t\t<div class=\"e-con-inner\">\n\t\t\t\t<div class=\"elementor-element elementor-element-3d215ae elementor-widget elementor-widget-nest-title-v1\" data-id=\"3d215ae\" data-element_type=\"widget\" data-widget_type=\"nest-title-v1.default\">\n\t\t\t\t<div class=\"elementor-widget-container\">\n\t\t\t\t\t        <div class=\"section_title type_one\">\r\n                                        <div class=\"title_whole\">\r\n                    <div class=\"title\"> Tietoja Candeebaaarista  <\/div>\r\n                                    <\/div>\r\n                                <\/div>\r\n    \t\t\t\t<\/div>\n\t\t\t\t<\/div>\n\t\t\t\t<div class=\"elementor-element elementor-element-83a41bf elementor-widget elementor-widget-nest-text-editor-v1\" data-id=\"83a41bf\" data-element_type=\"widget\" data-widget_type=\"nest-text-editor-v1.default\">\n\t\t\t\t<div class=\"elementor-widget-container\">\n\t\t\t\t\t   <div class=\"custom_text_editor position-relative\">\r\n        <p>Tervetuloa <strong>Candeebaar<\/strong> \u2013 paikka, josta inspiraatiosi leivonnaisten mestariteoksiin alkaa! Yrityksemme, <strong>Canecandy O\u00dc<\/strong>, on menestyksekk\u00e4\u00e4sti auttanut ammattimaisia kondiittoreja ja makean askartelun yst\u00e4vi\u00e4 luomaan j\u00e4lkiruokia, jotka vaikuttavat maullaan ja estetiikallaan yli 6 vuoden ajan.<\/p><p>Ymm\u00e4rr\u00e4mme, ett\u00e4 leivonnaisten valmistus ei ole vain osa ruoanlaittoa; se on oikeaa taidetta. Siksi tarjoamme laajan valikoiman korkealaatuisia ainesosia, jotka on valittu huolellisesti erityisesti kondiittoreille. Tuotteemme auttavat sinua toteuttamaan monimutkaisimmatkin ideat, olipa kyseess\u00e4 sitten elegantit kakut, hienot leivonnaiset tai ainutlaatuiset makeiset.<\/p><div style=\"height: 25px\">\u00a0<\/div><h5>Miksi valita Candeebaar?<\/h5><ul class=\"custom-list-style-one\"><li style=\"color: #7d7d7d !important;font-weight: normal\"><strong>Kuuden vuoden kokemus leivonnaisten valmistuksesta<\/strong>: Tied\u00e4mme, mit\u00e4 ammattilaiset tarvitsevat luodakseen erinomaisia j\u00e4lkiruokia.<\/li><li style=\"color: #7d7d7d !important;font-weight: normal\"><strong>Luotettavuus ja laatu<\/strong>: Vain todistetut ainesosat, jotka t\u00e4ytt\u00e4v\u00e4t korkeimmat standardit.<\/li><li style=\"color: #7d7d7d !important;font-weight: normal\"><strong>Eurooppalainen toimitus<\/strong>: Nopea ja k\u00e4tev\u00e4 toimitus konditoriakokille ymp\u00e4ri Eurooppaa.<\/li><li style=\"color: #7d7d7d !important;font-weight: normal\"><strong>Tukea luovuutesi<\/strong>: Tuotteemme tarjoavat tilaa mielikuvitukselle ja kokeilulle.<\/li><\/ul><p><strong>Candeebaar<\/strong> on myym\u00e4l\u00e4, joka on luotu konditoriakokille ja makeisten taiteen inspiroimille. Pyrimme olemaan luotettava kumppanisi leivonnaisten jokaisessa vaiheessa.<\/p><p><strong>Kiitos, ett\u00e4 luotit meihin kauniit unesi!<\/strong><\/p>    <\/div>\r\n\t\t\t\t<\/div>\n\t\t\t\t<\/div>\n\t\t\t\t\t<\/div>\n\t\t\t\t<\/div>\n\t\t\t\t<\/div>","protected":false},"excerpt":{"rendered":"<p>About Candeebaaar Welcome to Candeebaar \u2013 the place where your inspiration for pastry masterpieces begins! Our company, Canecandy O\u00dc, has been successfully helping professional pastry chefs and lovers of the sweet craft create desserts that impress with their taste and aesthetics for over 6 years. We understand that pastry making is not just a part [&hellip;]<\/p>","protected":false},"author":1,"featured_media":0,"parent":0,"menu_order":0,"comment_status":"closed","ping_status":"closed","template":"elementor_header_footer","meta":{"_seopress_robots_primary_cat":"","_seopress_titles_title":"","_seopress_titles_desc":"","_seopress_robots_index":"","footnotes":""},"class_list":["post-476","page","type-page","status-publish","hentry"],"_links":{"self":[{"href":"https:\/\/candeebaar.ee\/fi\/wp-json\/wp\/v2\/pages\/476","targetHints":{"allow":["GET"]}}],"collection":[{"href":"https:\/\/candeebaar.ee\/fi\/wp-json\/wp\/v2\/pages"}],"about":[{"href":"https:\/\/candeebaar.ee\/fi\/wp-json\/wp\/v2\/types\/page"}],"author":[{"embeddable":true,"href":"https:\/\/candeebaar.ee\/fi\/wp-json\/wp\/v2\/users\/1"}],"replies":[{"embeddable":true,"href":"https:\/\/candeebaar.ee\/fi\/wp-json\/wp\/v2\/comments?post=476"}],"version-history":[{"count":100,"href":"https:\/\/candeebaar.ee\/fi\/wp-json\/wp\/v2\/pages\/476\/revisions"}],"predecessor-version":[{"id":9496,"href":"https:\/\/candeebaar.ee\/fi\/wp-json\/wp\/v2\/pages\/476\/revisions\/9496"}],"wp:attachment":[{"href":"https:\/\/candeebaar.ee\/fi\/wp-json\/wp\/v2\/media?parent=476"}],"curies":[{"name":"wp","href":"https:\/\/api.w.org\/{rel}","templated":true}]}}