{"id":500,"date":"2022-02-25T16:24:44","date_gmt":"2022-02-25T16:24:44","guid":{"rendered":"https:\/\/themepanthers.com\/wp\/nest\/d1\/?page_id=500"},"modified":"2025-11-28T22:51:19","modified_gmt":"2025-11-28T20:51:19","slug":"ota-yhteytta","status":"publish","type":"page","link":"https:\/\/candeebaar.ee\/fi\/ota-yhteytta\/","title":{"rendered":"Ota yhteytt\u00e4"},"content":{"rendered":"<div style=\"padding: 5% 10%;\">\n<h4>Canecandy O\u00dc<\/h4>\n<p><abbr title=\"Osoite: \">Osoite: <\/abbr><br \/>\nViru pst. 2A Sillam\u00e4e Ida-Virumaa 40231<br \/>\n<abbr title=\"Soita meille: \">Soita meille: <\/abbr><br \/>\n<a href=\"puh: +372 56824471\">+372 56824471<\/a><br \/>\n<abbr title=\"S\u00e4hk\u00f6posti: \">S\u00e4hk\u00f6posti: <\/abbr><br \/>\n<a href=\"mailto:info@candeebaar.ee\">info@candeebaar.ee<\/a><br \/>\n<abbr title=\"Aukioloajat: \">Aukioloajat: <\/abbr><br \/>\nVapaa aikataulu<\/p>\n<p><strong>N\u00e4in p\u00e4\u00e4set meille (Huom! Varaa aika etuk\u00e4teen):<\/strong><br \/>\nToimimme osoitteessa Sillam\u00e4e Viru pst 2a, 40232 Sillam\u00e4e. Huomioithan, ett\u00e4 emme ole aina paikalla, joten vierailusi kannattaa varata etuk\u00e4teen. Pys\u00e4k\u00f6inti on saatavilla l\u00e4hist\u00f6ll\u00e4. Ota yhteytt\u00e4 puhelimitse tai s\u00e4hk\u00f6postilla saadaksesi lis\u00e4tietoja tai sopiaksesi tarkan ajan.<\/p>\n<p><iframe style=\"width: 100%; height: 280px; border: 0;\" title=\"Viru pst. 2a, Sillam\u00e4e linn Ida-Virumaa, Viro 40232\" src=\"https:\/\/maps.google.com\/maps?q=Viru%20pst.%202a%2C%20Sillam%C3%A4e%20linn%20Ida-Virumaa%2C%20Estonia%2040232&amp;t=m&amp;z=10&amp;output=embed&amp;iwloc=near\" allowfullscreen=\"allowfullscreen\" aria-label=\"Viru pst. 2a, Sillam\u00e4e linn Ida-Virumaa, Viro 40232\"><br \/>\n<\/iframe>\n<\/div>","protected":false},"excerpt":{"rendered":"<p>Canecandy O\u00dc Address: Viru pst. 2A Sillam\u00e4e Ida-Virumaa 40231 Call Us: +372 56824471 Email: info@candeebaar.ee Hours: Free schedule How to get to us (NB! Arrange the time in advance): We are located at Sillam\u00e4e Viru pst 2a, 40232 Sillam\u00e4e. Please note that we are not always on site, so it is essential to schedule your [&hellip;]<\/p>","protected":false},"author":1,"featured_media":0,"parent":0,"menu_order":0,"comment_status":"closed","ping_status":"closed","template":"template-fullwidth.php","meta":{"_seopress_robots_primary_cat":"","_seopress_titles_title":"","_seopress_titles_desc":"","_seopress_robots_index":"","footnotes":""},"class_list":["post-500","page","type-page","status-publish","hentry"],"_links":{"self":[{"href":"https:\/\/candeebaar.ee\/fi\/wp-json\/wp\/v2\/pages\/500","targetHints":{"allow":["GET"]}}],"collection":[{"href":"https:\/\/candeebaar.ee\/fi\/wp-json\/wp\/v2\/pages"}],"about":[{"href":"https:\/\/candeebaar.ee\/fi\/wp-json\/wp\/v2\/types\/page"}],"author":[{"embeddable":true,"href":"https:\/\/candeebaar.ee\/fi\/wp-json\/wp\/v2\/users\/1"}],"replies":[{"embeddable":true,"href":"https:\/\/candeebaar.ee\/fi\/wp-json\/wp\/v2\/comments?post=500"}],"version-history":[{"count":91,"href":"https:\/\/candeebaar.ee\/fi\/wp-json\/wp\/v2\/pages\/500\/revisions"}],"predecessor-version":[{"id":14400,"href":"https:\/\/candeebaar.ee\/fi\/wp-json\/wp\/v2\/pages\/500\/revisions\/14400"}],"wp:attachment":[{"href":"https:\/\/candeebaar.ee\/fi\/wp-json\/wp\/v2\/media?parent=500"}],"curies":[{"name":"wp","href":"https:\/\/api.w.org\/{rel}","templated":true}]}}