{"id":10003,"date":"2024-12-31T17:33:13","date_gmt":"2024-12-31T15:33:13","guid":{"rendered":"https:\/\/candeebaar.ee\/?post_type=product&#038;p=10003"},"modified":"2026-03-26T13:53:39","modified_gmt":"2026-03-26T11:53:39","slug":"kultaiset-pallot-10mm-45g","status":"publish","type":"product","link":"https:\/\/candeebaar.ee\/fi\/kauppa\/kultaiset-pallot-10mm-45g\/","title":{"rendered":"T\u00e4yte \u201dKultaiset pallot 10mm\u201d 45g"},"content":{"rendered":"<p>J\u00e4lkiruokien koristeluun tarkoitettuja str\u00f6sseleit\u00e4. Pallot ovat halkaisijaltaan 10 mm, ja niiss\u00e4 on pehme\u00e4 riisipohja ja suklaa.<br \/>\nPaino: 45g<br \/>\nKoostumus: sokeri, jauhot (<strong>vehn\u00e4, mallastettu vehn\u00e4, riisi<\/strong>), <strong>vehn\u00e4gluteeni<\/strong>, <strong>maitojauhe<\/strong>, kaakaovoi, kaakaomassa, v\u00e4riaineet (E160a, E174), luontainen vanilja-aromi, pintak\u00e4sittelyaineet (E903, E904), sakeuttamisaineet (E414, E406), emulgointiaine E473 (<strong>soija<\/strong> lesitiini), suola. Saattaa sis\u00e4lt\u00e4\u00e4 j\u00e4\u00e4mi\u00e4 <strong>p\u00e4hkin\u00e4t.<\/strong><br \/>\nSis\u00e4lt\u00f6 per 100g:<br \/>\nRavintoarvo: 2087 kJ\/498 kcal<br \/>\nRasvaa (tyydyttynytt\u00e4): 21,6 g (13,2 g)<br \/>\nHiilihydraatit (sokerit): 71,0 g (69,8 g)<br \/>\nProteiineja: 3,9 g<br \/>\nSuola: 0,1 g<\/p>\n<p>Ei sovellu alle 3-vuotiaille lapsille.<br \/>\nValmistaja: Saksa<br \/>\nS\u00e4ilyvyysaika: marraskuu 2027<\/p>","protected":false},"excerpt":{"rendered":"<p>J\u00e4lkiruokien koristeluun tarkoitettuja str\u00f6sseleit\u00e4. Pallojen halkaisija on 10 mm, ja niiss\u00e4 on pehme\u00e4 riisipohja ja suklaa. Paino: 45 g Koostumus: sokeri, jauhot (vehn\u00e4, mallastettu vehn\u00e4, riisi), vehn\u00e4gluteeni, maitojauhe, kaakaovoi, kaakaomassa, v\u00e4riaineet (E160a, E174), luontainen vanilja-aromi, pintak\u00e4sittelyaineet (E903, E904), sakeuttamisaineet (E414, E406), emulgointiaine E473 (soijalesitiini), suola. Saattaa sis\u00e4lt\u00e4\u00e4 j\u00e4\u00e4mi\u00e4 [\u2026]<\/p>","protected":false},"featured_media":10004,"template":"","meta":{"_seopress_robots_primary_cat":"none","_seopress_titles_title":"","_seopress_titles_desc":"","_seopress_robots_index":""},"product_brand":[],"product_cat":[182,181,180,15,104,106],"product_tag":[],"class_list":{"0":"post-10003","1":"product","2":"type-product","3":"status-publish","4":"has-post-thumbnail","6":"product_cat-christmas","7":"product_cat-christmas-new-year","8":"product_cat-wedding-products","9":"product_cat-all-products","10":"product_cat-sprinkles","11":"product_cat-new","13":"first","14":"instock","15":"taxable","16":"shipping-taxable","17":"purchasable","18":"product-type-simple"},"_links":{"self":[{"href":"https:\/\/candeebaar.ee\/fi\/wp-json\/wp\/v2\/product\/10003","targetHints":{"allow":["GET"]}}],"collection":[{"href":"https:\/\/candeebaar.ee\/fi\/wp-json\/wp\/v2\/product"}],"about":[{"href":"https:\/\/candeebaar.ee\/fi\/wp-json\/wp\/v2\/types\/product"}],"version-history":[{"count":5,"href":"https:\/\/candeebaar.ee\/fi\/wp-json\/wp\/v2\/product\/10003\/revisions"}],"predecessor-version":[{"id":14272,"href":"https:\/\/candeebaar.ee\/fi\/wp-json\/wp\/v2\/product\/10003\/revisions\/14272"}],"wp:featuredmedia":[{"embeddable":true,"href":"https:\/\/candeebaar.ee\/fi\/wp-json\/wp\/v2\/media\/10004"}],"wp:attachment":[{"href":"https:\/\/candeebaar.ee\/fi\/wp-json\/wp\/v2\/media?parent=10003"}],"wp:term":[{"taxonomy":"product_brand","embeddable":true,"href":"https:\/\/candeebaar.ee\/fi\/wp-json\/wp\/v2\/product_brand?post=10003"},{"taxonomy":"product_cat","embeddable":true,"href":"https:\/\/candeebaar.ee\/fi\/wp-json\/wp\/v2\/product_cat?post=10003"},{"taxonomy":"product_tag","embeddable":true,"href":"https:\/\/candeebaar.ee\/fi\/wp-json\/wp\/v2\/product_tag?post=10003"}],"curies":[{"name":"wp","href":"https:\/\/api.w.org\/{rel}","templated":true}]}}