{"id":10071,"date":"2025-01-29T09:27:34","date_gmt":"2025-01-29T07:27:34","guid":{"rendered":"https:\/\/candeebaar.ee\/?post_type=product&#038;p=10071"},"modified":"2025-11-07T10:04:59","modified_gmt":"2025-11-07T08:04:59","slug":"mukauta-tekstisi-chocotopper","status":"publish","type":"product","link":"https:\/\/candeebaar.ee\/fi\/kauppa\/mukauta-tekstisi-chocotopper\/","title":{"rendered":"Mukautettu Chocotopper &quot;Sinun nimesi&quot;"},"content":{"rendered":"<p>Sy\u00f6t\u00e4v\u00e4 chocotopper on k\u00e4ytt\u00f6valmis koriste. Voit yksinkertaisesti k\u00e4ytt\u00e4\u00e4 sit\u00e4 sellaisenaan tai parantaa sit\u00e4 haluamallasi tavalla.<br \/>\nTopper on painettu 3D-sukoprinterill\u00e4, mik\u00e4 tekee fontista kalligrafisen ja tarkan.<br \/>\nVoit v\u00e4rj\u00e4t\u00e4 sen tai t\u00e4ytt\u00e4\u00e4 sen suklaalla, vain muutaman muunnelman mainitakseni.<\/p>\n<p>R\u00e4\u00e4t\u00e4l\u00f6inti:<\/p>\n<p>Voit valita itse luotavasi tekstisi.<br \/>\nOletusfontti on TERRA, n\u00e4kyy tuotekuvassa.<br \/>\nKyrillinen fontti on toistaiseksi vain Source Sans Pro (erilliset suorat kirjaimet).<\/p>\n<p>Suurin leveys ja pituus on 90 mm. Kirjainten vakiokorkeus on 3 mm (s\u00e4\u00e4dett\u00e4v\u00e4 pyynn\u00f6st\u00e4).<\/p>\n<p>Kirjaimet ovat sis\u00e4lt\u00e4 onttoja, joten voit t\u00e4ytt\u00e4\u00e4 sen helposti mill\u00e4 tahansa (suklaa, kerma, ganache tai mill\u00e4 tahansa muulla t\u00e4ytteell\u00e4), t\u00e4m\u00e4 lis\u00e4\u00e4 yksil\u00f6llisyytt\u00e4 lopulliseen ilmeeseen!<\/p>\n<p>Jos yhdess\u00e4 sanassa on 9 kirjainta tai enemm\u00e4n, on parempi jakaa se kahteen osaan paremman resoluution saavuttamiseksi. Esimerkiksi &quot;Aleksandr&quot; n\u00e4ytt\u00e4\u00e4 paremmalta nimell\u00e4 &quot;Aleks andr&quot;. Voit liimata sen yhteen my\u00f6hemmin.<\/p>\n<p>Kerro meille, jos tarvitset tietyn koon, muokkaamme sen helposti tarpeisiisi!<\/p>\n<p>Useimmissa tapauksissa tuotannon hinta on sama. Mutta jos pyynt\u00f6si on monimutkainen, se voi olla hieman korkeampi.<\/p>\n<p>L\u00e4het\u00e4 meille kaikki toiveesi osoitteeseen shop@candeebaar.ee<\/p>\n<p>Nettopaino: r\u00e4\u00e4t\u00e4l\u00f6ity<br \/>\nKoko: mukautettu (enint\u00e4\u00e4n 90 * 90 * 40 mm)<\/p>\n<p>Ainesosat: sokeri, kovetetut kasvirasvat (kookos, palmuydin), kaakaojauhe, vaniljauute, emulgointiaine (<strong>soija<\/strong> lesitiini).<br \/>\nSaattaa sis\u00e4lt\u00e4\u00e4 j\u00e4lki\u00e4 <strong>maitoa ja p\u00e4hkin\u00f6it\u00e4.<\/strong><\/p>\n<p>Sis\u00e4lt\u00f6 per 100g:<br \/>\nEnergiaa: 2452kJ\/591kcal<br \/>\nRasvat (tyydyttyneet): 44,2 g (39,5 g)<br \/>\nHiilihydraatti (sokeri): 36,7 g<br \/>\nProteiinia: 4,7 g<br \/>\nSuola: 0,2 g<br \/>\nS\u00e4ilyt\u00e4 viile\u00e4ss\u00e4, kuivassa ja pime\u00e4ss\u00e4 paikassa.<br \/>\nTuote sulaa noin 30\u00b0C:ssa.<\/p>\n<p><strong>Ennen avaamista ja siirt\u00e4mist\u00e4 on suositeltavaa j\u00e4\u00e4hdytt\u00e4\u00e4 silinteri\u00e4 j\u00e4\u00e4kaapissa 5-10 minuuttia, jotta siit\u00e4 tulee kest\u00e4v\u00e4mpi ja kovempi. Topperissa voi olla pieni\u00e4 ryppyj\u00e4 monikerroksisen matriisin luomisprosessin vuoksi.<\/strong><br \/>\n<strong>Pakkaamme siltaukset lis\u00e4suojalla, joten sen pit\u00e4isi saapua vahingoittumattomana 99%:ss\u00e4. Joka tapauksessa sillin ostaminen vaatii kokemusta suklaasta, jotta sit\u00e4 voidaan korjata ja k\u00e4sitell\u00e4 kunnolla. Ilmoita meille, jos kansi on vaurioitunut, jotta tied\u00e4mme, tarvitsemmeko pakkausta parannuksia.<\/strong><\/p>","protected":false},"excerpt":{"rendered":"<p>Sy\u00f6t\u00e4v\u00e4 chocotopper on k\u00e4ytt\u00f6valmis koriste. Voit yksinkertaisesti k\u00e4ytt\u00e4\u00e4 sit\u00e4 sellaisenaan tai parantaa sit\u00e4 haluamallasi tavalla. Topper on painettu 3D-sukoprinterill\u00e4, mik\u00e4 tekee fontista kalligrafisen ja tarkan. Voit v\u00e4rj\u00e4t\u00e4 sen tai t\u00e4ytt\u00e4\u00e4 sen suklaalla, vain muutaman muunnelman mainitakseni. R\u00e4\u00e4t\u00e4l\u00f6inti: Voit valita [\u2026]<\/p>","protected":false},"featured_media":10186,"template":"","meta":{"_seopress_robots_primary_cat":"none","_seopress_titles_title":"www.%%sitetitle%% 3D chocoprinting exlusive service!","_seopress_titles_desc":"Here you can create edible topper made with 3D printing technology. It can be wedding toppers, your name, number or other object! Prices from 2.99 euros per topper! Fast and safe shipping!","_seopress_robots_index":""},"product_brand":[],"product_cat":[180,174,105,106],"product_tag":[],"class_list":{"0":"post-10071","1":"product","2":"type-product","3":"status-publish","4":"has-post-thumbnail","6":"product_cat-wedding-products","7":"product_cat-chocotoppers","8":"product_cat-edible-print","9":"product_cat-new","11":"first","12":"instock","13":"taxable","14":"shipping-taxable","15":"purchasable","16":"product-type-simple"},"_links":{"self":[{"href":"https:\/\/candeebaar.ee\/fi\/wp-json\/wp\/v2\/product\/10071","targetHints":{"allow":["GET"]}}],"collection":[{"href":"https:\/\/candeebaar.ee\/fi\/wp-json\/wp\/v2\/product"}],"about":[{"href":"https:\/\/candeebaar.ee\/fi\/wp-json\/wp\/v2\/types\/product"}],"version-history":[{"count":4,"href":"https:\/\/candeebaar.ee\/fi\/wp-json\/wp\/v2\/product\/10071\/revisions"}],"predecessor-version":[{"id":10189,"href":"https:\/\/candeebaar.ee\/fi\/wp-json\/wp\/v2\/product\/10071\/revisions\/10189"}],"wp:featuredmedia":[{"embeddable":true,"href":"https:\/\/candeebaar.ee\/fi\/wp-json\/wp\/v2\/media\/10186"}],"wp:attachment":[{"href":"https:\/\/candeebaar.ee\/fi\/wp-json\/wp\/v2\/media?parent=10071"}],"wp:term":[{"taxonomy":"product_brand","embeddable":true,"href":"https:\/\/candeebaar.ee\/fi\/wp-json\/wp\/v2\/product_brand?post=10071"},{"taxonomy":"product_cat","embeddable":true,"href":"https:\/\/candeebaar.ee\/fi\/wp-json\/wp\/v2\/product_cat?post=10071"},{"taxonomy":"product_tag","embeddable":true,"href":"https:\/\/candeebaar.ee\/fi\/wp-json\/wp\/v2\/product_tag?post=10071"}],"curies":[{"name":"wp","href":"https:\/\/api.w.org\/{rel}","templated":true}]}}