{"id":10083,"date":"2025-01-29T13:49:00","date_gmt":"2025-01-29T11:49:00","guid":{"rendered":"https:\/\/candeebaar.ee\/?post_type=product&#038;p=10083"},"modified":"2026-04-08T10:22:33","modified_gmt":"2026-04-08T08:22:33","slug":"hampurilainen-laatikko-bentokakulle-118cm-valkoinen","status":"publish","type":"product","link":"https:\/\/candeebaar.ee\/fi\/kauppa\/hampurilainen-laatikko-bentokakulle-118cm-valkoinen\/","title":{"rendered":"Hampurilainen laatikko bentokakulle 11*8cm Valkoinen"},"content":{"rendered":"<p>Burger-laatikko bentokakulle. Sis\u00e4ll\u00e4 laminoitu pahvi on kosteuden- ja rasvankest\u00e4v\u00e4<br \/>\nPohja \u2013 pahvia, kansi \u2013 l\u00e4pin\u00e4kyv\u00e4\u00e4 muovia.<br \/>\nPohja: 115*115mm, kokonaiskorkeus: 8cm<br \/>\nKakun halkaisija: ~9cm<\/p>","protected":false},"excerpt":{"rendered":"<p>Burger-laatikko bentokakulle. Laminoitu pahvi sis\u00e4lt\u00e4 kosteutta ja rasvaa hylkiv\u00e4\u00e4 Pohja \u2013 pahvia, kansi \u2013 l\u00e4pin\u00e4kyv\u00e4\u00e4 muovia. Pohja: 115*115mm, kokonaiskorkeus: 8cm Kakun halkaisija: ~9cm<\/p>","protected":false},"featured_media":10084,"template":"","meta":{"_seopress_robots_primary_cat":"none","_seopress_titles_title":"","_seopress_titles_desc":"","_seopress_robots_index":""},"product_brand":[],"product_cat":[15,129,154,106],"product_tag":[],"class_list":{"0":"post-10083","1":"product","2":"type-product","3":"status-publish","4":"has-post-thumbnail","6":"product_cat-all-products","7":"product_cat-small-and-bento-size","8":"product_cat-different-style","9":"product_cat-new","11":"first","12":"instock","13":"taxable","14":"shipping-taxable","15":"purchasable","16":"product-type-simple"},"_links":{"self":[{"href":"https:\/\/candeebaar.ee\/fi\/wp-json\/wp\/v2\/product\/10083","targetHints":{"allow":["GET"]}}],"collection":[{"href":"https:\/\/candeebaar.ee\/fi\/wp-json\/wp\/v2\/product"}],"about":[{"href":"https:\/\/candeebaar.ee\/fi\/wp-json\/wp\/v2\/types\/product"}],"version-history":[{"count":1,"href":"https:\/\/candeebaar.ee\/fi\/wp-json\/wp\/v2\/product\/10083\/revisions"}],"predecessor-version":[{"id":10085,"href":"https:\/\/candeebaar.ee\/fi\/wp-json\/wp\/v2\/product\/10083\/revisions\/10085"}],"wp:featuredmedia":[{"embeddable":true,"href":"https:\/\/candeebaar.ee\/fi\/wp-json\/wp\/v2\/media\/10084"}],"wp:attachment":[{"href":"https:\/\/candeebaar.ee\/fi\/wp-json\/wp\/v2\/media?parent=10083"}],"wp:term":[{"taxonomy":"product_brand","embeddable":true,"href":"https:\/\/candeebaar.ee\/fi\/wp-json\/wp\/v2\/product_brand?post=10083"},{"taxonomy":"product_cat","embeddable":true,"href":"https:\/\/candeebaar.ee\/fi\/wp-json\/wp\/v2\/product_cat?post=10083"},{"taxonomy":"product_tag","embeddable":true,"href":"https:\/\/candeebaar.ee\/fi\/wp-json\/wp\/v2\/product_tag?post=10083"}],"curies":[{"name":"wp","href":"https:\/\/api.w.org\/{rel}","templated":true}]}}