{"id":10089,"date":"2025-01-29T14:01:11","date_gmt":"2025-01-29T12:01:11","guid":{"rendered":"https:\/\/candeebaar.ee\/?post_type=product&#038;p=10089"},"modified":"2026-03-27T11:30:20","modified_gmt":"2026-03-27T09:30:20","slug":"kakkulauta-280x1-5mm-kulta-musta","status":"publish","type":"product","link":"https:\/\/candeebaar.ee\/fi\/kauppa\/kakkulauta-280x1-5mm-kulta-musta\/","title":{"rendered":"Cake Board 280\u00d71,5mm kulta\/musta"},"content":{"rendered":"<p>Kosteudenkest\u00e4v\u00e4 vahvistettu pahvipohja.<br \/>\nTarvitaan j\u00e4lkiruokien asianmukaiseen s\u00e4ilytykseen, kuljetukseen ja tarjoiluun.<br \/>\nPaksuus: 1,5mm<br \/>\nHalkaisija 280mm<br \/>\nV\u00e4ri: kulta\/musta<\/p>","protected":false},"excerpt":{"rendered":"<p>Kosteudenkest\u00e4v\u00e4 vahvistettu pahvipohja. Tarvitaan j\u00e4lkiruokien asianmukaiseen s\u00e4ilytykseen, kuljetukseen ja tarjoiluun. Paksuus: 1,5 mm Halkaisija 280 mm V\u00e4ri: kulta\/musta<\/p>","protected":false},"featured_media":10091,"template":"","meta":{"_seopress_robots_primary_cat":"none","_seopress_titles_title":"","_seopress_titles_desc":"","_seopress_robots_index":""},"product_brand":[],"product_cat":[15,146,106],"product_tag":[],"class_list":{"0":"post-10089","1":"product","2":"type-product","3":"status-publish","4":"has-post-thumbnail","6":"product_cat-all-products","7":"product_cat-28cm","8":"product_cat-new","10":"first","11":"instock","12":"taxable","13":"shipping-taxable","14":"purchasable","15":"product-type-simple"},"_links":{"self":[{"href":"https:\/\/candeebaar.ee\/fi\/wp-json\/wp\/v2\/product\/10089","targetHints":{"allow":["GET"]}}],"collection":[{"href":"https:\/\/candeebaar.ee\/fi\/wp-json\/wp\/v2\/product"}],"about":[{"href":"https:\/\/candeebaar.ee\/fi\/wp-json\/wp\/v2\/types\/product"}],"version-history":[{"count":1,"href":"https:\/\/candeebaar.ee\/fi\/wp-json\/wp\/v2\/product\/10089\/revisions"}],"predecessor-version":[{"id":10092,"href":"https:\/\/candeebaar.ee\/fi\/wp-json\/wp\/v2\/product\/10089\/revisions\/10092"}],"wp:featuredmedia":[{"embeddable":true,"href":"https:\/\/candeebaar.ee\/fi\/wp-json\/wp\/v2\/media\/10091"}],"wp:attachment":[{"href":"https:\/\/candeebaar.ee\/fi\/wp-json\/wp\/v2\/media?parent=10089"}],"wp:term":[{"taxonomy":"product_brand","embeddable":true,"href":"https:\/\/candeebaar.ee\/fi\/wp-json\/wp\/v2\/product_brand?post=10089"},{"taxonomy":"product_cat","embeddable":true,"href":"https:\/\/candeebaar.ee\/fi\/wp-json\/wp\/v2\/product_cat?post=10089"},{"taxonomy":"product_tag","embeddable":true,"href":"https:\/\/candeebaar.ee\/fi\/wp-json\/wp\/v2\/product_tag?post=10089"}],"curies":[{"name":"wp","href":"https:\/\/api.w.org\/{rel}","templated":true}]}}