{"id":10101,"date":"2025-12-01T14:32:51","date_gmt":"2025-12-01T12:32:51","guid":{"rendered":"https:\/\/candeebaar.ee\/?post_type=product&#038;p=10101"},"modified":"2026-03-04T10:52:00","modified_gmt":"2026-03-04T08:52:00","slug":"sprinkles-unicorn-dreams-45g","status":"publish","type":"product","link":"https:\/\/candeebaar.ee\/fi\/kauppa\/sprinkles-unicorn-dreams-45g\/","title":{"rendered":"Sprinkleet \u201cUnicorn Dreams\u201d 45g"},"content":{"rendered":"<p>Sprinklej\u00e4 j\u00e4lkiruokien koristeluun.<br \/>\nPaino: 45g<br \/>\nKoostumus: sokeri, <strong>vehn\u00e4jauhoja<\/strong>, siirappi, emulgointiaine E476, makeislasite, v\u00e4riaineet E102, E110, E122, E124, E170, E133.<br \/>\nRavintoarvo per 100g:<br \/>\nEnergia-arvo: 1465kJ\/350kcal<br \/>\nRasvat (tyydyttyneet): 2 g<br \/>\nHiilihydraatit: 83 g<br \/>\nProteiinit: 0 g<br \/>\nS\u00e4ilyt\u00e4 suljetussa pakkauksessa, pime\u00e4ss\u00e4 viile\u00e4ss\u00e4 paikassa.<\/p>\n<p>Ei sovellu alle 3-vuotiaille lapsille.<br \/>\nValmistaja: Ukraina<\/p>","protected":false},"excerpt":{"rendered":"<p>Sprinklej\u00e4 j\u00e4lkiruokien koristeluun. Paino: 45g Koostumus: sokeri, vehn\u00e4jauho, siirappi, emulgointiaine E476, makeislasite, v\u00e4riaineet E102, E110, E122, E124, E170, E133. Ravintoarvo per 100g: Energiaarvo: 1465kJ\/350kcal Rasvat (tyydyttyneet): 2g Hiilihydraatit: 83g Proteiinit: 0g S\u00e4ilyt\u00e4 suljetussa pakkauksessa, pime\u00e4ss\u00e4, viile\u00e4ss\u00e4 paikassa. Ei sovellu alle 3-vuotiaille lapsille. Valmistaja: [\u2026]<\/p>","protected":false},"featured_media":10102,"template":"","meta":{"_seopress_robots_primary_cat":"none","_seopress_titles_title":"","_seopress_titles_desc":"","_seopress_robots_index":""},"product_brand":[],"product_cat":[15,104,109],"product_tag":[175],"class_list":{"0":"post-10101","1":"product","2":"type-product","3":"status-publish","4":"has-post-thumbnail","6":"product_cat-all-products","7":"product_cat-sprinkles","8":"product_cat-sale","9":"product_tag-easter","11":"first","12":"outofstock","13":"sale","14":"taxable","15":"shipping-taxable","16":"purchasable","17":"product-type-simple"},"_links":{"self":[{"href":"https:\/\/candeebaar.ee\/fi\/wp-json\/wp\/v2\/product\/10101","targetHints":{"allow":["GET"]}}],"collection":[{"href":"https:\/\/candeebaar.ee\/fi\/wp-json\/wp\/v2\/product"}],"about":[{"href":"https:\/\/candeebaar.ee\/fi\/wp-json\/wp\/v2\/types\/product"}],"version-history":[{"count":3,"href":"https:\/\/candeebaar.ee\/fi\/wp-json\/wp\/v2\/product\/10101\/revisions"}],"predecessor-version":[{"id":15406,"href":"https:\/\/candeebaar.ee\/fi\/wp-json\/wp\/v2\/product\/10101\/revisions\/15406"}],"wp:featuredmedia":[{"embeddable":true,"href":"https:\/\/candeebaar.ee\/fi\/wp-json\/wp\/v2\/media\/10102"}],"wp:attachment":[{"href":"https:\/\/candeebaar.ee\/fi\/wp-json\/wp\/v2\/media?parent=10101"}],"wp:term":[{"taxonomy":"product_brand","embeddable":true,"href":"https:\/\/candeebaar.ee\/fi\/wp-json\/wp\/v2\/product_brand?post=10101"},{"taxonomy":"product_cat","embeddable":true,"href":"https:\/\/candeebaar.ee\/fi\/wp-json\/wp\/v2\/product_cat?post=10101"},{"taxonomy":"product_tag","embeddable":true,"href":"https:\/\/candeebaar.ee\/fi\/wp-json\/wp\/v2\/product_tag?post=10101"}],"curies":[{"name":"wp","href":"https:\/\/api.w.org\/{rel}","templated":true}]}}