{"id":10129,"date":"2025-01-31T12:09:19","date_gmt":"2025-01-31T10:09:19","guid":{"rendered":"https:\/\/candeebaar.ee\/?post_type=product&#038;p=10129"},"modified":"2026-02-18T18:10:10","modified_gmt":"2026-02-18T16:10:10","slug":"valkosuklaa-koristelusarja-25g","status":"publish","type":"product","link":"https:\/\/candeebaar.ee\/fi\/kauppa\/valkosuklaa-koristelusarja-25g\/","title":{"rendered":"White Chocolate Decoration setti 25g"},"content":{"rendered":"<p>Helppok\u00e4ytt\u00f6inen sisustussarja sis\u00e4lt\u00e4\u00e4:<br \/>\n25 g puhdasta suklaata;<br \/>\n2x putkipussia.<\/p>\n<p>Ohjeet:<br \/>\n1) Tiivist\u00e4 pussi ja laita se l\u00e4mpim\u00e4\u00e4n veteen (noin 45\u00b0C), jotta suklaa sulaa kokonaan.<br \/>\n2) Pyyhi j\u00e4ljelle j\u00e4\u00e4nyt vesi pois.<br \/>\n3) Leikkaa pussin kulma saadaksesi oikean kokoisen suoran py\u00f6re\u00e4n rei\u00e4n k\u00e4rkeen.<br \/>\n4) Testaa sit\u00e4 saadaksesi oikean kirjoitustuloksen.<br \/>\n5) Levit\u00e4 vasta sitten valmiille tuotteelle ja anna j\u00e4\u00e4hty\u00e4.<br \/>\n6) Viimeistelyn j\u00e4lkeen k\u00e4yt\u00e4 toista putkistopussia (mukana) kaatamaan ylij\u00e4\u00e4m\u00e4t my\u00f6hemp\u00e4\u00e4 k\u00e4ytt\u00f6\u00e4 varten.<br \/>\nJos tarvitset pehme\u00e4mp\u00e4\u00e4 ja kiilt\u00e4v\u00e4mp\u00e4\u00e4 koostumusta \u2013 kokeile tehd\u00e4 ganache (resepti l\u00f6ytyy helposti netist\u00e4) ja levit\u00e4 samalla tavalla.<\/p>\n<p>Valkosuklaa, jossa on korkea kaakaovoipitoisuus, herk\u00e4n kermainen maku.<br \/>\nJuoksevuus: 4\/5<br \/>\nPaino: 25g<br \/>\nSis\u00e4lt\u00f6 per 100g:<br \/>\nEnergiaa: 565kcal\/2359kJ<br \/>\nRasvat (tyydyttyneet): 35 (22,4) g<br \/>\nHiilihydraatit (sokeri): 56 g<br \/>\nProteiinit: 6,5 g<br \/>\nKaakaopitoisuus: 32%<br \/>\nKoostumus: kaakaovoi, sokeri, rasvaton <strong>maitoa<\/strong>, E322 (lesitiini <strong>soija<\/strong>), vanilliini.<\/p>\n<p>Valmistaja: Ibercacao, Espanja<br \/>\nVarastointil\u00e4mp\u00f6tila: <strong>18 <\/strong>\u00b0<strong>C<br \/>\n<\/strong>Saattaa sis\u00e4lt\u00e4\u00e4 j\u00e4lki\u00e4 <strong>maito, laktoosi, soija ja p\u00e4hkin\u00e4t.<\/strong><\/p>","protected":false},"excerpt":{"rendered":"<p>Helppok\u00e4ytt\u00f6inen koristelusarja sis\u00e4lt\u00e4\u00e4: 25g puhdasta suklaata; 2x putkipussia. Ohjeet: 1) Tiivist\u00e4 pussi ja laita se l\u00e4mpim\u00e4\u00e4n veteen (noin 45\u00b0C), jotta suklaa sulaa kokonaan. 2) Pyyhi j\u00e4ljelle j\u00e4\u00e4nyt vesi pois. 3) Leikkaa pussin kulma saadaksesi tarvittavan kokoisen suoran py\u00f6re\u00e4n rei\u00e4n [\u2026]<\/p>","protected":false},"featured_media":10135,"template":"","meta":{"_seopress_robots_primary_cat":"none","_seopress_titles_title":"","_seopress_titles_desc":"","_seopress_robots_index":""},"product_brand":[],"product_cat":[15,111,174,106],"product_tag":[],"class_list":{"0":"post-10129","1":"product","2":"type-product","3":"status-publish","4":"has-post-thumbnail","6":"product_cat-all-products","7":"product_cat-cacao-mill","8":"product_cat-chocotoppers","9":"product_cat-new","11":"first","12":"instock","13":"taxable","14":"shipping-taxable","15":"purchasable","16":"product-type-simple"},"_links":{"self":[{"href":"https:\/\/candeebaar.ee\/fi\/wp-json\/wp\/v2\/product\/10129","targetHints":{"allow":["GET"]}}],"collection":[{"href":"https:\/\/candeebaar.ee\/fi\/wp-json\/wp\/v2\/product"}],"about":[{"href":"https:\/\/candeebaar.ee\/fi\/wp-json\/wp\/v2\/types\/product"}],"version-history":[{"count":3,"href":"https:\/\/candeebaar.ee\/fi\/wp-json\/wp\/v2\/product\/10129\/revisions"}],"predecessor-version":[{"id":10184,"href":"https:\/\/candeebaar.ee\/fi\/wp-json\/wp\/v2\/product\/10129\/revisions\/10184"}],"wp:featuredmedia":[{"embeddable":true,"href":"https:\/\/candeebaar.ee\/fi\/wp-json\/wp\/v2\/media\/10135"}],"wp:attachment":[{"href":"https:\/\/candeebaar.ee\/fi\/wp-json\/wp\/v2\/media?parent=10129"}],"wp:term":[{"taxonomy":"product_brand","embeddable":true,"href":"https:\/\/candeebaar.ee\/fi\/wp-json\/wp\/v2\/product_brand?post=10129"},{"taxonomy":"product_cat","embeddable":true,"href":"https:\/\/candeebaar.ee\/fi\/wp-json\/wp\/v2\/product_cat?post=10129"},{"taxonomy":"product_tag","embeddable":true,"href":"https:\/\/candeebaar.ee\/fi\/wp-json\/wp\/v2\/product_tag?post=10129"}],"curies":[{"name":"wp","href":"https:\/\/api.w.org\/{rel}","templated":true}]}}