{"id":10167,"date":"2025-01-31T16:48:08","date_gmt":"2025-01-31T14:48:08","guid":{"rendered":"https:\/\/candeebaar.ee\/?post_type=product&#038;p=10167"},"modified":"2025-01-31T16:58:53","modified_gmt":"2025-01-31T14:58:53","slug":"sina-ja-mina-chocotopper","status":"publish","type":"product","link":"https:\/\/candeebaar.ee\/fi\/kauppa\/sina-ja-mina-chocotopper\/","title":{"rendered":"Chocotopper \u201cYou &amp; Me\u201d 85*25mm"},"content":{"rendered":"<p>Sy\u00f6t\u00e4v\u00e4 chocotopper on k\u00e4ytt\u00f6valmis koriste. Voit yksinkertaisesti k\u00e4ytt\u00e4\u00e4 sit\u00e4 sellaisenaan tai parantaa sit\u00e4 haluamallasi tavalla.<br \/>\nTopper on painettu 3D-sukoprinterill\u00e4, mik\u00e4 tekee fontista kalligrafisen ja tarkan.<br \/>\nVoit v\u00e4rj\u00e4t\u00e4 sen glitter- tai samettisuihkeilla tai v\u00e4rillisell\u00e4 valkosuklaalla, vain muutaman muunnelman mainitakseni.<\/p>\n<p>Nettopaino: 4 g<br \/>\nKoko: 85*25*3mm<\/p>\n<p>Ainesosat: sokeri, kovetetut kasvirasvat (kookos, palmuydin), kaakaojauhe, vaniljauute, emulgointiaine (<strong>soija<\/strong> lesitiini).<br \/>\nSaattaa sis\u00e4lt\u00e4\u00e4 j\u00e4lki\u00e4 <strong>maitoa ja p\u00e4hkin\u00f6it\u00e4.<\/strong><\/p>\n<p>Sis\u00e4lt\u00f6 per 100g:<br \/>\nEnergiaa: 2452kJ\/591kcal<br \/>\nRasvat (tyydyttyneet): 44,2 g (39,5 g)<br \/>\nHiilihydraatti (sokeri): 36,7 g<br \/>\nProteiinia: 4,7 g<br \/>\nSuola: 0,2 g<br \/>\nS\u00e4ilyt\u00e4 viile\u00e4ss\u00e4, kuivassa ja pime\u00e4ss\u00e4 paikassa.<br \/>\nTuote sulaa noin 30\u00b0C:ssa.<\/p>\n<p><strong>Ennen avaamista ja siirt\u00e4mist\u00e4 on suositeltavaa j\u00e4\u00e4hdytt\u00e4\u00e4 silinteri\u00e4 j\u00e4\u00e4kaapissa 5-10 minuuttia, jotta siit\u00e4 tulee kest\u00e4v\u00e4mpi ja kovempi. Topperissa voi olla pieni\u00e4 ryppyj\u00e4 monikerroksisen matriisin luomisprosessin vuoksi.<\/strong><br \/>\n<strong>Pakkaamme siltaukset lis\u00e4suojalla, joten sen pit\u00e4isi saapua vahingoittumattomana 99%:ss\u00e4. Joka tapauksessa sillin ostaminen vaatii kokemusta suklaasta, jotta sit\u00e4 voidaan korjata ja k\u00e4sitell\u00e4 kunnolla. Ilmoita meille, jos kansi on vaurioitunut, jotta tied\u00e4mme, tarvitsemmeko pakkausta parannuksia.<\/strong><\/p>","protected":false},"excerpt":{"rendered":"<p>Sy\u00f6t\u00e4v\u00e4 chocotopper on k\u00e4ytt\u00f6valmis koriste. Voit yksinkertaisesti k\u00e4ytt\u00e4\u00e4 sit\u00e4 sellaisenaan tai parantaa sit\u00e4 haluamallasi tavalla. Topper on painettu 3D-sukoprinterill\u00e4, mik\u00e4 tekee fontista kalligrafisen ja tarkan. Voit v\u00e4rj\u00e4t\u00e4 sen glitter- tai samettisuihkeilla tai v\u00e4rillisell\u00e4 valkosuklaalla, vain muutamia mainitakseni [\u2026]<\/p>","protected":false},"featured_media":10159,"template":"","meta":{"_seopress_robots_primary_cat":"none","_seopress_titles_title":"","_seopress_titles_desc":"Edible chocotopper. 3D printed chocolate topper! Ready or custom made!","_seopress_robots_index":""},"product_brand":[],"product_cat":[174],"product_tag":[],"class_list":{"0":"post-10167","1":"product","2":"type-product","3":"status-publish","4":"has-post-thumbnail","6":"product_cat-chocotoppers","8":"first","9":"instock","10":"taxable","11":"shipping-taxable","12":"purchasable","13":"product-type-simple"},"_links":{"self":[{"href":"https:\/\/candeebaar.ee\/fi\/wp-json\/wp\/v2\/product\/10167","targetHints":{"allow":["GET"]}}],"collection":[{"href":"https:\/\/candeebaar.ee\/fi\/wp-json\/wp\/v2\/product"}],"about":[{"href":"https:\/\/candeebaar.ee\/fi\/wp-json\/wp\/v2\/types\/product"}],"version-history":[{"count":1,"href":"https:\/\/candeebaar.ee\/fi\/wp-json\/wp\/v2\/product\/10167\/revisions"}],"predecessor-version":[{"id":10168,"href":"https:\/\/candeebaar.ee\/fi\/wp-json\/wp\/v2\/product\/10167\/revisions\/10168"}],"wp:featuredmedia":[{"embeddable":true,"href":"https:\/\/candeebaar.ee\/fi\/wp-json\/wp\/v2\/media\/10159"}],"wp:attachment":[{"href":"https:\/\/candeebaar.ee\/fi\/wp-json\/wp\/v2\/media?parent=10167"}],"wp:term":[{"taxonomy":"product_brand","embeddable":true,"href":"https:\/\/candeebaar.ee\/fi\/wp-json\/wp\/v2\/product_brand?post=10167"},{"taxonomy":"product_cat","embeddable":true,"href":"https:\/\/candeebaar.ee\/fi\/wp-json\/wp\/v2\/product_cat?post=10167"},{"taxonomy":"product_tag","embeddable":true,"href":"https:\/\/candeebaar.ee\/fi\/wp-json\/wp\/v2\/product_tag?post=10167"}],"curies":[{"name":"wp","href":"https:\/\/api.w.org\/{rel}","templated":true}]}}