{"id":10169,"date":"2025-01-31T17:00:45","date_gmt":"2025-01-31T15:00:45","guid":{"rendered":"https:\/\/candeebaar.ee\/?post_type=product&#038;p=10169"},"modified":"2026-03-24T16:50:58","modified_gmt":"2026-03-24T14:50:58","slug":"choco25-sitruuna","status":"publish","type":"product","link":"https:\/\/candeebaar.ee\/fi\/kauppa\/choco25-sitruuna\/","title":{"rendered":"Sitruuna (vihre\u00e4) Suklaa koriste-setti 25g"},"content":{"rendered":"<p>Helppok\u00e4ytt\u00f6inen sisustussarja sis\u00e4lt\u00e4\u00e4:<br \/>\n25 g puhdasta suklaata;<br \/>\n2x putkipussia.<\/p>\n<p>Ohjeet:<br \/>\n1) Tiivist\u00e4 pussi ja laita se l\u00e4mpim\u00e4\u00e4n veteen (noin 45\u00b0C), jotta suklaa sulaa kokonaan.<br \/>\n2) Pyyhi j\u00e4ljelle j\u00e4\u00e4nyt vesi pois.<br \/>\n3) Leikkaa pussin kulma saadaksesi oikean kokoisen suoran py\u00f6re\u00e4n rei\u00e4n k\u00e4rkeen.<br \/>\n4) Testaa sit\u00e4 saadaksesi oikean kirjoitustuloksen.<br \/>\n5) Levit\u00e4 vasta sitten valmiille tuotteelle ja anna j\u00e4\u00e4hty\u00e4.<br \/>\n6) Viimeistelyn j\u00e4lkeen k\u00e4yt\u00e4 toista putkistopussia (mukana) kaatamaan ylij\u00e4\u00e4m\u00e4t my\u00f6hemp\u00e4\u00e4 k\u00e4ytt\u00f6\u00e4 varten.<br \/>\nJos tarvitset pehme\u00e4mp\u00e4\u00e4 ja kiilt\u00e4v\u00e4mp\u00e4\u00e4 koostumusta \u2013 kokeile tehd\u00e4 ganache (resepti l\u00f6ytyy helposti netist\u00e4) ja levit\u00e4 samalla tavalla.<\/p>\n<p>Callebaut Sitruunasuklaa. Valmistettu sitruunamakuisesta valkosuklaasta.<br \/>\nV\u00e4ri: vihre\u00e4<br \/>\nKaakaopitoisuus 27.5%.<br \/>\n25 g<\/p>\n<table style=\"height: 138px; width: 409px;\" width=\"409\">\n<tbody>\n<tr style=\"height: 23px;\">\n<td style=\"width: 244px; height: 23px;\">Sis\u00e4lt\u00f6 per<\/td>\n<td style=\"width: 150.4px; height: 23px;\">100g<\/td>\n<\/tr>\n<tr style=\"height: 23px;\">\n<td style=\"width: 244px; height: 23px;\">Ravintoarvo<\/td>\n<td style=\"width: 150.4px; height: 23px;\">559 kcal 2340 kJ<\/td>\n<\/tr>\n<tr style=\"height: 23px;\">\n<td style=\"width: 244px; height: 23px;\">Rasvat (joista tyydyttyneit\u00e4)<\/td>\n<td style=\"width: 150.4px; height: 23px;\">34 g (20 g)<\/td>\n<\/tr>\n<tr style=\"height: 23px;\">\n<td style=\"width: 244px; height: 23px;\">Hiilihydraatit (sokeri)<\/td>\n<td style=\"width: 150.4px; height: 23px;\">59 g (58 g)<\/td>\n<\/tr>\n<tr style=\"height: 23px;\">\n<td style=\"width: 244px; height: 23px;\">Proteiinit<\/td>\n<td style=\"width: 150.4px; height: 23px;\">5,1 g<\/td>\n<\/tr>\n<tr style=\"height: 23px;\">\n<td style=\"width: 244px; height: 23px;\">Suolaa<\/td>\n<td style=\"width: 150.4px; height: 23px;\">0,18 g<\/td>\n<\/tr>\n<\/tbody>\n<\/table>\n<p>&nbsp;<\/p>\n<p>Koostumus: kaakaovoi 27.5%, sokeri, kuiva <strong>maitoa<\/strong>, emulgointiaine (<strong>soija<\/strong> lesitiini), luontainen aromi (sitruuna), luontainen aromi (vanilliini), v\u00e4riaineet E132, E100, suola.<br \/>\nVarastointil\u00e4mp\u00f6tila: <strong>12-20 \u00b0C<br \/>\n<\/strong>Valmistaja: CALLEBAUT Belgia<\/p>","protected":false},"excerpt":{"rendered":"<p>Helppok\u00e4ytt\u00f6inen koristelusarja sis\u00e4lt\u00e4\u00e4: 25g puhdasta suklaata; 2x putkipussia. Ohjeet: 1) Tiivist\u00e4 pussi ja laita se l\u00e4mpim\u00e4\u00e4n veteen (noin 45\u00b0C), jotta suklaa sulaa kokonaan. 2) Pyyhi j\u00e4ljelle j\u00e4\u00e4nyt vesi pois. 3) Leikkaa pussin kulma saadaksesi tarvittavan kokoisen suoran py\u00f6re\u00e4n rei\u00e4n [\u2026]<\/p>","protected":false},"featured_media":10152,"template":"","meta":{"_seopress_robots_primary_cat":"none","_seopress_titles_title":"","_seopress_titles_desc":"","_seopress_robots_index":""},"product_brand":[],"product_cat":[182,181,15,110,174],"product_tag":[],"class_list":{"0":"post-10169","1":"product","2":"type-product","3":"status-publish","4":"has-post-thumbnail","6":"product_cat-christmas","7":"product_cat-christmas-new-year","8":"product_cat-all-products","9":"product_cat-callebaut","10":"product_cat-chocotoppers","11":"brand-callebaut","13":"first","14":"instock","15":"taxable","16":"shipping-taxable","17":"purchasable","18":"product-type-simple"},"_links":{"self":[{"href":"https:\/\/candeebaar.ee\/fi\/wp-json\/wp\/v2\/product\/10169","targetHints":{"allow":["GET"]}}],"collection":[{"href":"https:\/\/candeebaar.ee\/fi\/wp-json\/wp\/v2\/product"}],"about":[{"href":"https:\/\/candeebaar.ee\/fi\/wp-json\/wp\/v2\/types\/product"}],"version-history":[{"count":2,"href":"https:\/\/candeebaar.ee\/fi\/wp-json\/wp\/v2\/product\/10169\/revisions"}],"predecessor-version":[{"id":10180,"href":"https:\/\/candeebaar.ee\/fi\/wp-json\/wp\/v2\/product\/10169\/revisions\/10180"}],"wp:featuredmedia":[{"embeddable":true,"href":"https:\/\/candeebaar.ee\/fi\/wp-json\/wp\/v2\/media\/10152"}],"wp:attachment":[{"href":"https:\/\/candeebaar.ee\/fi\/wp-json\/wp\/v2\/media?parent=10169"}],"wp:term":[{"taxonomy":"product_brand","embeddable":true,"href":"https:\/\/candeebaar.ee\/fi\/wp-json\/wp\/v2\/product_brand?post=10169"},{"taxonomy":"product_cat","embeddable":true,"href":"https:\/\/candeebaar.ee\/fi\/wp-json\/wp\/v2\/product_cat?post=10169"},{"taxonomy":"product_tag","embeddable":true,"href":"https:\/\/candeebaar.ee\/fi\/wp-json\/wp\/v2\/product_tag?post=10169"}],"curies":[{"name":"wp","href":"https:\/\/api.w.org\/{rel}","templated":true}]}}